{"id":617,"date":"2015-11-28T10:30:46","date_gmt":"2015-11-28T09:30:46","guid":{"rendered":"https:\/\/www.sicilyaction.com\/?page_id=617"},"modified":"2020-01-15T12:45:35","modified_gmt":"2020-01-15T11:45:35","slug":"footgolf-sicily","status":"publish","type":"page","link":"https:\/\/www.sicilyaction.com\/it\/team-building\/footgolf-sicily\/","title":{"rendered":"FootGolf"},"content":{"rendered":"<p><strong>Footgolf<\/strong> \u00e8 uno sport di precisione divertente in cui i giocatori con un pallone da calcio devono colpire un bersaglio specifico con il minor numero di colpi possibile. Il giocatore che finisce il percorso colpendo tutti bersagli con il minor numero di tiri\u00a0vince. La maggior parte delle regole corrispondono a quelle del golf e pu\u00f2 essere giocato ovunque. Vi proponiamo di giocarlo su terreni unici alle pendici del Vulcano, in cui sar\u00e0 necessario studiare pendii e ondulazioni che vi permettano di colpire la palla con meno battute possibili! Ci\u00f2 significa che un tiro potente \u00e8 utile, ma non decisivo. Studiare il terreno, un approccio intelligente e accuratezza, sono ancora pi\u00f9 importanti. Se si riesce a controllare la rotazione della palla sar\u00e0 sicuramente la chiave di svolta!<\/p>\n<h3 style=\"text-align: right;\">Footgolf Sicily<\/h3>\n<p><\/p>","protected":false},"excerpt":{"rendered":"<p>Footgolf \u00e8 uno sport di precisione divertente in cui i giocatori con un pallone da calcio devono colpire un bersaglio specifico con il minor numero di colpi possibile. Il giocatore <a href=\"https:\/\/www.sicilyaction.com\/it\/team-building\/footgolf-sicily\/\" class=\"more-link\">[&#8230;]<\/a><\/p>\n","protected":false},"author":1,"featured_media":620,"parent":240,"menu_order":0,"comment_status":"closed","ping_status":"closed","template":"template-sidebar.php","meta":[],"yoast_head":"<!-- This site is optimized with the Yoast SEO plugin v18.2 - https:\/\/yoast.com\/wordpress\/plugins\/seo\/ -->\n<title>Footgolf Sicily - Team Building Activities Sicily<\/title>\n<meta name=\"description\" content=\"Footgolf Sicily - is a fun precision sport in which players kicked a soccer ball in a specific target with as few shots as possible.\" \/>\n<meta name=\"robots\" content=\"index, follow, max-snippet:-1, max-image-preview:large, max-video-preview:-1\" \/>\n<link rel=\"canonical\" href=\"https:\/\/www.sicilyaction.com\/de\/team-building\/footgolf-sicily\/\" \/>\n<meta property=\"og:locale\" content=\"it_IT\" \/>\n<meta property=\"og:type\" content=\"article\" \/>\n<meta property=\"og:title\" content=\"Footgolf Sicily - Team Building Activities Sicily\" \/>\n<meta property=\"og:description\" content=\"Footgolf Sicily - is a fun precision sport in which players kicked a soccer ball in a specific target with as few shots as possible.\" \/>\n<meta property=\"og:url\" content=\"https:\/\/www.sicilyaction.com\/de\/team-building\/footgolf-sicily\/\" \/>\n<meta property=\"og:site_name\" content=\"Sicily Action\" \/>\n<meta property=\"article:publisher\" content=\"https:\/\/www.facebook.com\/sicilyaction\/\" \/>\n<meta property=\"article:modified_time\" content=\"2020-01-15T11:45:35+00:00\" \/>\n<meta property=\"og:image\" content=\"https:\/\/www.sicilyaction.com\/wp-content\/uploads\/2015\/11\/shutterstock_145972916-e1453026966644.jpg\" \/>\n\t<meta property=\"og:image:width\" content=\"1200\" \/>\n\t<meta property=\"og:image:height\" content=\"883\" \/>\n\t<meta property=\"og:image:type\" content=\"image\/jpeg\" \/>\n<meta name=\"twitter:card\" content=\"summary\" \/>\n<meta name=\"twitter:label1\" content=\"Tempo di lettura stimato\" \/>\n\t<meta name=\"twitter:data1\" content=\"2 minuti\" \/>\n<script type=\"application\/ld+json\" class=\"yoast-schema-graph\">{\"@context\":\"https:\/\/schema.org\",\"@graph\":[{\"@type\":\"Organization\",\"@id\":\"https:\/\/www.sicilyaction.com\/#organization\",\"name\":\"Sicily Action\",\"url\":\"https:\/\/www.sicilyaction.com\/\",\"sameAs\":[\"https:\/\/www.facebook.com\/sicilyaction\/\"],\"logo\":{\"@type\":\"ImageObject\",\"@id\":\"https:\/\/www.sicilyaction.com\/#logo\",\"inLanguage\":\"it-IT\",\"url\":\"https:\/\/www.sicilyaction.com\/wp-content\/uploads\/2015\/10\/logo_action2.png\",\"contentUrl\":\"https:\/\/www.sicilyaction.com\/wp-content\/uploads\/2015\/10\/logo_action2.png\",\"width\":300,\"height\":450,\"caption\":\"Sicily Action\"},\"image\":{\"@id\":\"https:\/\/www.sicilyaction.com\/#logo\"}},{\"@type\":\"WebSite\",\"@id\":\"https:\/\/www.sicilyaction.com\/#website\",\"url\":\"https:\/\/www.sicilyaction.com\/\",\"name\":\"Sicily Action\",\"description\":\"Temabulding Sicily\",\"publisher\":{\"@id\":\"https:\/\/www.sicilyaction.com\/#organization\"},\"potentialAction\":[{\"@type\":\"SearchAction\",\"target\":{\"@type\":\"EntryPoint\",\"urlTemplate\":\"https:\/\/www.sicilyaction.com\/?s={search_term_string}\"},\"query-input\":\"required name=search_term_string\"}],\"inLanguage\":\"it-IT\"},{\"@type\":\"ImageObject\",\"@id\":\"https:\/\/www.sicilyaction.com\/de\/team-building\/footgolf-sicily\/#primaryimage\",\"inLanguage\":\"it-IT\",\"url\":\"https:\/\/www.sicilyaction.com\/wp-content\/uploads\/2015\/11\/shutterstock_145972916-e1453026966644.jpg\",\"contentUrl\":\"https:\/\/www.sicilyaction.com\/wp-content\/uploads\/2015\/11\/shutterstock_145972916-e1453026966644.jpg\",\"width\":1200,\"height\":883,\"caption\":\"Footgolf Sicily\"},{\"@type\":\"WebPage\",\"@id\":\"https:\/\/www.sicilyaction.com\/de\/team-building\/footgolf-sicily\/#webpage\",\"url\":\"https:\/\/www.sicilyaction.com\/de\/team-building\/footgolf-sicily\/\",\"name\":\"Footgolf Sicily - Team Building Activities Sicily\",\"isPartOf\":{\"@id\":\"https:\/\/www.sicilyaction.com\/#website\"},\"primaryImageOfPage\":{\"@id\":\"https:\/\/www.sicilyaction.com\/de\/team-building\/footgolf-sicily\/#primaryimage\"},\"datePublished\":\"2015-11-28T09:30:46+00:00\",\"dateModified\":\"2020-01-15T11:45:35+00:00\",\"description\":\"Footgolf Sicily - is a fun precision sport in which players kicked a soccer ball in a specific target with as few shots as possible.\",\"breadcrumb\":{\"@id\":\"https:\/\/www.sicilyaction.com\/de\/team-building\/footgolf-sicily\/#breadcrumb\"},\"inLanguage\":\"it-IT\",\"potentialAction\":[{\"@type\":\"ReadAction\",\"target\":[\"https:\/\/www.sicilyaction.com\/de\/team-building\/footgolf-sicily\/\"]}]},{\"@type\":\"BreadcrumbList\",\"@id\":\"https:\/\/www.sicilyaction.com\/de\/team-building\/footgolf-sicily\/#breadcrumb\",\"itemListElement\":[{\"@type\":\"ListItem\",\"position\":1,\"name\":\"Home\",\"item\":\"https:\/\/www.sicilyaction.com\/\"},{\"@type\":\"ListItem\",\"position\":2,\"name\":\"Team Building\",\"item\":\"https:\/\/www.sicilyaction.com\/de\/team-building\/\"},{\"@type\":\"ListItem\",\"position\":3,\"name\":\"FootGolf\"}]}]}<\/script>\n<!-- \/ Yoast SEO plugin. -->","yoast_head_json":{"title":"Footgolf Sicily - Team Building Activities Sicily","description":"Footgolf Sicily - is a fun precision sport in which players kicked a soccer ball in a specific target with as few shots as possible.","robots":{"index":"index","follow":"follow","max-snippet":"max-snippet:-1","max-image-preview":"max-image-preview:large","max-video-preview":"max-video-preview:-1"},"canonical":"https:\/\/www.sicilyaction.com\/de\/team-building\/footgolf-sicily\/","og_locale":"it_IT","og_type":"article","og_title":"Footgolf Sicily - Team Building Activities Sicily","og_description":"Footgolf Sicily - is a fun precision sport in which players kicked a soccer ball in a specific target with as few shots as possible.","og_url":"https:\/\/www.sicilyaction.com\/de\/team-building\/footgolf-sicily\/","og_site_name":"Sicily Action","article_publisher":"https:\/\/www.facebook.com\/sicilyaction\/","article_modified_time":"2020-01-15T11:45:35+00:00","og_image":[{"width":1200,"height":883,"url":"https:\/\/www.sicilyaction.com\/wp-content\/uploads\/2015\/11\/shutterstock_145972916-e1453026966644.jpg","type":"image\/jpeg"}],"twitter_card":"summary","twitter_misc":{"Tempo di lettura stimato":"2 minuti"},"schema":{"@context":"https:\/\/schema.org","@graph":[{"@type":"Organization","@id":"https:\/\/www.sicilyaction.com\/#organization","name":"Sicily Action","url":"https:\/\/www.sicilyaction.com\/","sameAs":["https:\/\/www.facebook.com\/sicilyaction\/"],"logo":{"@type":"ImageObject","@id":"https:\/\/www.sicilyaction.com\/#logo","inLanguage":"it-IT","url":"https:\/\/www.sicilyaction.com\/wp-content\/uploads\/2015\/10\/logo_action2.png","contentUrl":"https:\/\/www.sicilyaction.com\/wp-content\/uploads\/2015\/10\/logo_action2.png","width":300,"height":450,"caption":"Sicily Action"},"image":{"@id":"https:\/\/www.sicilyaction.com\/#logo"}},{"@type":"WebSite","@id":"https:\/\/www.sicilyaction.com\/#website","url":"https:\/\/www.sicilyaction.com\/","name":"Sicily Action","description":"Temabulding Sicily","publisher":{"@id":"https:\/\/www.sicilyaction.com\/#organization"},"potentialAction":[{"@type":"SearchAction","target":{"@type":"EntryPoint","urlTemplate":"https:\/\/www.sicilyaction.com\/?s={search_term_string}"},"query-input":"required name=search_term_string"}],"inLanguage":"it-IT"},{"@type":"ImageObject","@id":"https:\/\/www.sicilyaction.com\/de\/team-building\/footgolf-sicily\/#primaryimage","inLanguage":"it-IT","url":"https:\/\/www.sicilyaction.com\/wp-content\/uploads\/2015\/11\/shutterstock_145972916-e1453026966644.jpg","contentUrl":"https:\/\/www.sicilyaction.com\/wp-content\/uploads\/2015\/11\/shutterstock_145972916-e1453026966644.jpg","width":1200,"height":883,"caption":"Footgolf Sicily"},{"@type":"WebPage","@id":"https:\/\/www.sicilyaction.com\/de\/team-building\/footgolf-sicily\/#webpage","url":"https:\/\/www.sicilyaction.com\/de\/team-building\/footgolf-sicily\/","name":"Footgolf Sicily - Team Building Activities Sicily","isPartOf":{"@id":"https:\/\/www.sicilyaction.com\/#website"},"primaryImageOfPage":{"@id":"https:\/\/www.sicilyaction.com\/de\/team-building\/footgolf-sicily\/#primaryimage"},"datePublished":"2015-11-28T09:30:46+00:00","dateModified":"2020-01-15T11:45:35+00:00","description":"Footgolf Sicily - is a fun precision sport in which players kicked a soccer ball in a specific target with as few shots as possible.","breadcrumb":{"@id":"https:\/\/www.sicilyaction.com\/de\/team-building\/footgolf-sicily\/#breadcrumb"},"inLanguage":"it-IT","potentialAction":[{"@type":"ReadAction","target":["https:\/\/www.sicilyaction.com\/de\/team-building\/footgolf-sicily\/"]}]},{"@type":"BreadcrumbList","@id":"https:\/\/www.sicilyaction.com\/de\/team-building\/footgolf-sicily\/#breadcrumb","itemListElement":[{"@type":"ListItem","position":1,"name":"Home","item":"https:\/\/www.sicilyaction.com\/"},{"@type":"ListItem","position":2,"name":"Team Building","item":"https:\/\/www.sicilyaction.com\/de\/team-building\/"},{"@type":"ListItem","position":3,"name":"FootGolf"}]}]}},"_links":{"self":[{"href":"https:\/\/www.sicilyaction.com\/it\/wp-json\/wp\/v2\/pages\/617"}],"collection":[{"href":"https:\/\/www.sicilyaction.com\/it\/wp-json\/wp\/v2\/pages"}],"about":[{"href":"https:\/\/www.sicilyaction.com\/it\/wp-json\/wp\/v2\/types\/page"}],"author":[{"embeddable":true,"href":"https:\/\/www.sicilyaction.com\/it\/wp-json\/wp\/v2\/users\/1"}],"replies":[{"embeddable":true,"href":"https:\/\/www.sicilyaction.com\/it\/wp-json\/wp\/v2\/comments?post=617"}],"version-history":[{"count":13,"href":"https:\/\/www.sicilyaction.com\/it\/wp-json\/wp\/v2\/pages\/617\/revisions"}],"predecessor-version":[{"id":1117,"href":"https:\/\/www.sicilyaction.com\/it\/wp-json\/wp\/v2\/pages\/617\/revisions\/1117"}],"up":[{"embeddable":true,"href":"https:\/\/www.sicilyaction.com\/it\/wp-json\/wp\/v2\/pages\/240"}],"wp:featuredmedia":[{"embeddable":true,"href":"https:\/\/www.sicilyaction.com\/it\/wp-json\/wp\/v2\/media\/620"}],"wp:attachment":[{"href":"https:\/\/www.sicilyaction.com\/it\/wp-json\/wp\/v2\/media?parent=617"}],"curies":[{"name":"wp","href":"https:\/\/api.w.org\/{rel}","templated":true}]}}