{"id":325,"date":"2015-11-22T17:24:12","date_gmt":"2015-11-22T16:24:12","guid":{"rendered":"https:\/\/www.sicilyaction.com\/?page_id=325"},"modified":"2020-01-15T14:43:13","modified_gmt":"2020-01-15T13:43:13","slug":"sailing","status":"publish","type":"page","link":"https:\/\/www.sicilyaction.com\/it\/team-building\/sailing\/","title":{"rendered":"Sailing"},"content":{"rendered":"<p><img loading=\"lazy\" src=\"https:\/\/www.sicilyaction.com\/wp-content\/uploads\/2016\/01\/shutterstock_54736789.jpg\" alt=\"Sailing Sicily\" width=\"200\" height=\"167\" class=\"alignleft size-full wp-image-781\" \/><strong>Sailing Sicily<\/strong>&#8230;\u00c9 grande&#8230;\u00e8 profondo&#8230;\u00e8 blu&#8230;\u00e8 una grande tela sulla quale dipingere avventure e ricordi che altrimenti sarebbero impossibili sulla terra ferma!\u00a0Sia che siate alla ricerca di Team Buildings che Incentives la competizione a vela \u00e8 un concetto partecipativo in cui voi come squadra, imparerete le basi della vela.\u00a0Grazie alla suddivisione dei compiti a bordo e la coesione del team, scoprirete un nuovo concetto di Team Buildings ed Incentives per accrescere la\u00a0comunicazione, fiducia e leadership all&#8217;interno del team. Inoltre, non \u00e8 necessaria alcuna esperienza di navigazione, i nostri eventi sono seguiti da skipper professionisti.<\/p>\n<h3 style=\"text-align: right;\">Sailing Sicily<\/h3>\n<p><\/p>","protected":false},"excerpt":{"rendered":"<p>Sailing Sicily&#8230;\u00c9 grande&#8230;\u00e8 profondo&#8230;\u00e8 blu&#8230;\u00e8 una grande tela sulla quale dipingere avventure e ricordi che altrimenti sarebbero impossibili sulla terra ferma!\u00a0Sia che siate alla ricerca di Team Buildings che Incentives <a href=\"https:\/\/www.sicilyaction.com\/it\/team-building\/sailing\/\" class=\"more-link\">[&#8230;]<\/a><\/p>\n","protected":false},"author":1,"featured_media":414,"parent":240,"menu_order":0,"comment_status":"closed","ping_status":"closed","template":"template-sidebar.php","meta":[],"yoast_head":"<!-- This site is optimized with the Yoast SEO plugin v18.2 - https:\/\/yoast.com\/wordpress\/plugins\/seo\/ -->\n<title>Sailing Sicily - Sailing Team Building Incentive<\/title>\n<meta name=\"description\" content=\"Sailing Sicily - Whether you are looking for Team Buildings or Incentives events a sailing boat experience it&#039;s a participative concept\" \/>\n<meta name=\"robots\" content=\"index, follow, max-snippet:-1, max-image-preview:large, max-video-preview:-1\" \/>\n<link rel=\"canonical\" href=\"https:\/\/www.sicilyaction.com\/de\/team-building\/sailing\/\" \/>\n<meta property=\"og:locale\" content=\"it_IT\" \/>\n<meta property=\"og:type\" content=\"article\" \/>\n<meta property=\"og:title\" content=\"Sailing Sicily - Sailing Team Building Incentive\" \/>\n<meta property=\"og:description\" content=\"Sailing Sicily - Whether you are looking for Team Buildings or Incentives events a sailing boat experience it&#039;s a participative concept\" \/>\n<meta property=\"og:url\" content=\"https:\/\/www.sicilyaction.com\/de\/team-building\/sailing\/\" \/>\n<meta property=\"og:site_name\" content=\"Sicily Action\" \/>\n<meta property=\"article:publisher\" content=\"https:\/\/www.facebook.com\/sicilyaction\/\" \/>\n<meta property=\"article:modified_time\" content=\"2020-01-15T13:43:13+00:00\" \/>\n<meta property=\"og:image\" content=\"https:\/\/www.sicilyaction.com\/wp-content\/uploads\/2015\/11\/shutterstock_106416167-e1453117272765.jpg\" \/>\n\t<meta property=\"og:image:width\" content=\"800\" \/>\n\t<meta property=\"og:image:height\" content=\"533\" \/>\n\t<meta property=\"og:image:type\" content=\"image\/jpeg\" \/>\n<meta name=\"twitter:card\" content=\"summary\" \/>\n<meta name=\"twitter:label1\" content=\"Tempo di lettura stimato\" \/>\n\t<meta name=\"twitter:data1\" content=\"2 minuti\" \/>\n<script type=\"application\/ld+json\" class=\"yoast-schema-graph\">{\"@context\":\"https:\/\/schema.org\",\"@graph\":[{\"@type\":\"Organization\",\"@id\":\"https:\/\/www.sicilyaction.com\/#organization\",\"name\":\"Sicily Action\",\"url\":\"https:\/\/www.sicilyaction.com\/\",\"sameAs\":[\"https:\/\/www.facebook.com\/sicilyaction\/\"],\"logo\":{\"@type\":\"ImageObject\",\"@id\":\"https:\/\/www.sicilyaction.com\/#logo\",\"inLanguage\":\"it-IT\",\"url\":\"https:\/\/www.sicilyaction.com\/wp-content\/uploads\/2015\/10\/logo_action2.png\",\"contentUrl\":\"https:\/\/www.sicilyaction.com\/wp-content\/uploads\/2015\/10\/logo_action2.png\",\"width\":300,\"height\":450,\"caption\":\"Sicily Action\"},\"image\":{\"@id\":\"https:\/\/www.sicilyaction.com\/#logo\"}},{\"@type\":\"WebSite\",\"@id\":\"https:\/\/www.sicilyaction.com\/#website\",\"url\":\"https:\/\/www.sicilyaction.com\/\",\"name\":\"Sicily Action\",\"description\":\"Temabulding Sicily\",\"publisher\":{\"@id\":\"https:\/\/www.sicilyaction.com\/#organization\"},\"potentialAction\":[{\"@type\":\"SearchAction\",\"target\":{\"@type\":\"EntryPoint\",\"urlTemplate\":\"https:\/\/www.sicilyaction.com\/?s={search_term_string}\"},\"query-input\":\"required name=search_term_string\"}],\"inLanguage\":\"it-IT\"},{\"@type\":\"ImageObject\",\"@id\":\"https:\/\/www.sicilyaction.com\/de\/team-building\/sailing\/#primaryimage\",\"inLanguage\":\"it-IT\",\"url\":\"https:\/\/www.sicilyaction.com\/wp-content\/uploads\/2015\/11\/shutterstock_106416167-e1453117272765.jpg\",\"contentUrl\":\"https:\/\/www.sicilyaction.com\/wp-content\/uploads\/2015\/11\/shutterstock_106416167-e1453117272765.jpg\",\"width\":800,\"height\":533,\"caption\":\"Sailing Sicily\"},{\"@type\":\"WebPage\",\"@id\":\"https:\/\/www.sicilyaction.com\/de\/team-building\/sailing\/#webpage\",\"url\":\"https:\/\/www.sicilyaction.com\/de\/team-building\/sailing\/\",\"name\":\"Sailing Sicily - Sailing Team Building Incentive\",\"isPartOf\":{\"@id\":\"https:\/\/www.sicilyaction.com\/#website\"},\"primaryImageOfPage\":{\"@id\":\"https:\/\/www.sicilyaction.com\/de\/team-building\/sailing\/#primaryimage\"},\"datePublished\":\"2015-11-22T16:24:12+00:00\",\"dateModified\":\"2020-01-15T13:43:13+00:00\",\"description\":\"Sailing Sicily - Whether you are looking for Team Buildings or Incentives events a sailing boat experience it's a participative concept\",\"breadcrumb\":{\"@id\":\"https:\/\/www.sicilyaction.com\/de\/team-building\/sailing\/#breadcrumb\"},\"inLanguage\":\"it-IT\",\"potentialAction\":[{\"@type\":\"ReadAction\",\"target\":[\"https:\/\/www.sicilyaction.com\/de\/team-building\/sailing\/\"]}]},{\"@type\":\"BreadcrumbList\",\"@id\":\"https:\/\/www.sicilyaction.com\/de\/team-building\/sailing\/#breadcrumb\",\"itemListElement\":[{\"@type\":\"ListItem\",\"position\":1,\"name\":\"Home\",\"item\":\"https:\/\/www.sicilyaction.com\/\"},{\"@type\":\"ListItem\",\"position\":2,\"name\":\"Team Building\",\"item\":\"https:\/\/www.sicilyaction.com\/de\/team-building\/\"},{\"@type\":\"ListItem\",\"position\":3,\"name\":\"Segeln\"}]}]}<\/script>\n<!-- \/ Yoast SEO plugin. -->","yoast_head_json":{"title":"Sailing Sicily - Sailing Team Building Incentive","description":"Sailing Sicily - Whether you are looking for Team Buildings or Incentives events a sailing boat experience it's a participative concept","robots":{"index":"index","follow":"follow","max-snippet":"max-snippet:-1","max-image-preview":"max-image-preview:large","max-video-preview":"max-video-preview:-1"},"canonical":"https:\/\/www.sicilyaction.com\/de\/team-building\/sailing\/","og_locale":"it_IT","og_type":"article","og_title":"Sailing Sicily - Sailing Team Building Incentive","og_description":"Sailing Sicily - Whether you are looking for Team Buildings or Incentives events a sailing boat experience it's a participative concept","og_url":"https:\/\/www.sicilyaction.com\/de\/team-building\/sailing\/","og_site_name":"Sicily Action","article_publisher":"https:\/\/www.facebook.com\/sicilyaction\/","article_modified_time":"2020-01-15T13:43:13+00:00","og_image":[{"width":800,"height":533,"url":"https:\/\/www.sicilyaction.com\/wp-content\/uploads\/2015\/11\/shutterstock_106416167-e1453117272765.jpg","type":"image\/jpeg"}],"twitter_card":"summary","twitter_misc":{"Tempo di lettura stimato":"2 minuti"},"schema":{"@context":"https:\/\/schema.org","@graph":[{"@type":"Organization","@id":"https:\/\/www.sicilyaction.com\/#organization","name":"Sicily Action","url":"https:\/\/www.sicilyaction.com\/","sameAs":["https:\/\/www.facebook.com\/sicilyaction\/"],"logo":{"@type":"ImageObject","@id":"https:\/\/www.sicilyaction.com\/#logo","inLanguage":"it-IT","url":"https:\/\/www.sicilyaction.com\/wp-content\/uploads\/2015\/10\/logo_action2.png","contentUrl":"https:\/\/www.sicilyaction.com\/wp-content\/uploads\/2015\/10\/logo_action2.png","width":300,"height":450,"caption":"Sicily Action"},"image":{"@id":"https:\/\/www.sicilyaction.com\/#logo"}},{"@type":"WebSite","@id":"https:\/\/www.sicilyaction.com\/#website","url":"https:\/\/www.sicilyaction.com\/","name":"Sicily Action","description":"Temabulding Sicily","publisher":{"@id":"https:\/\/www.sicilyaction.com\/#organization"},"potentialAction":[{"@type":"SearchAction","target":{"@type":"EntryPoint","urlTemplate":"https:\/\/www.sicilyaction.com\/?s={search_term_string}"},"query-input":"required name=search_term_string"}],"inLanguage":"it-IT"},{"@type":"ImageObject","@id":"https:\/\/www.sicilyaction.com\/de\/team-building\/sailing\/#primaryimage","inLanguage":"it-IT","url":"https:\/\/www.sicilyaction.com\/wp-content\/uploads\/2015\/11\/shutterstock_106416167-e1453117272765.jpg","contentUrl":"https:\/\/www.sicilyaction.com\/wp-content\/uploads\/2015\/11\/shutterstock_106416167-e1453117272765.jpg","width":800,"height":533,"caption":"Sailing Sicily"},{"@type":"WebPage","@id":"https:\/\/www.sicilyaction.com\/de\/team-building\/sailing\/#webpage","url":"https:\/\/www.sicilyaction.com\/de\/team-building\/sailing\/","name":"Sailing Sicily - Sailing Team Building Incentive","isPartOf":{"@id":"https:\/\/www.sicilyaction.com\/#website"},"primaryImageOfPage":{"@id":"https:\/\/www.sicilyaction.com\/de\/team-building\/sailing\/#primaryimage"},"datePublished":"2015-11-22T16:24:12+00:00","dateModified":"2020-01-15T13:43:13+00:00","description":"Sailing Sicily - Whether you are looking for Team Buildings or Incentives events a sailing boat experience it's a participative concept","breadcrumb":{"@id":"https:\/\/www.sicilyaction.com\/de\/team-building\/sailing\/#breadcrumb"},"inLanguage":"it-IT","potentialAction":[{"@type":"ReadAction","target":["https:\/\/www.sicilyaction.com\/de\/team-building\/sailing\/"]}]},{"@type":"BreadcrumbList","@id":"https:\/\/www.sicilyaction.com\/de\/team-building\/sailing\/#breadcrumb","itemListElement":[{"@type":"ListItem","position":1,"name":"Home","item":"https:\/\/www.sicilyaction.com\/"},{"@type":"ListItem","position":2,"name":"Team Building","item":"https:\/\/www.sicilyaction.com\/de\/team-building\/"},{"@type":"ListItem","position":3,"name":"Segeln"}]}]}},"_links":{"self":[{"href":"https:\/\/www.sicilyaction.com\/it\/wp-json\/wp\/v2\/pages\/325"}],"collection":[{"href":"https:\/\/www.sicilyaction.com\/it\/wp-json\/wp\/v2\/pages"}],"about":[{"href":"https:\/\/www.sicilyaction.com\/it\/wp-json\/wp\/v2\/types\/page"}],"author":[{"embeddable":true,"href":"https:\/\/www.sicilyaction.com\/it\/wp-json\/wp\/v2\/users\/1"}],"replies":[{"embeddable":true,"href":"https:\/\/www.sicilyaction.com\/it\/wp-json\/wp\/v2\/comments?post=325"}],"version-history":[{"count":18,"href":"https:\/\/www.sicilyaction.com\/it\/wp-json\/wp\/v2\/pages\/325\/revisions"}],"predecessor-version":[{"id":1148,"href":"https:\/\/www.sicilyaction.com\/it\/wp-json\/wp\/v2\/pages\/325\/revisions\/1148"}],"up":[{"embeddable":true,"href":"https:\/\/www.sicilyaction.com\/it\/wp-json\/wp\/v2\/pages\/240"}],"wp:featuredmedia":[{"embeddable":true,"href":"https:\/\/www.sicilyaction.com\/it\/wp-json\/wp\/v2\/media\/414"}],"wp:attachment":[{"href":"https:\/\/www.sicilyaction.com\/it\/wp-json\/wp\/v2\/media?parent=325"}],"curies":[{"name":"wp","href":"https:\/\/api.w.org\/{rel}","templated":true}]}}