{"id":266,"date":"2015-11-22T17:16:08","date_gmt":"2015-11-22T16:16:08","guid":{"rendered":"https:\/\/www.sicilyaction.com\/?page_id=266"},"modified":"2020-01-15T14:43:30","modified_gmt":"2020-01-15T13:43:30","slug":"paintball","status":"publish","type":"page","link":"https:\/\/www.sicilyaction.com\/it\/team-building\/paintball\/","title":{"rendered":"Paintball"},"content":{"rendered":"<p><img loading=\"lazy\" src=\"https:\/\/www.sicilyaction.com\/wp-content\/uploads\/2016\/01\/shutterstock_154088570.jpg\" alt=\"Paintball Sicily\" width=\"200\" height=\"133\" class=\"alignleft size-full wp-image-787\" \/><strong>Paintball Sicily<\/strong>&#8230;Una goccia di sudore rotola gi\u00f9 dalla fronte\u2026il dito \u00e8 sul grilletto\u2026i tuoi occhi si concentrano\u2026ora \u00e8 il momento di fare la tua mossa!!!<\/p>\n<p>Lavoro di squadra e nervi saldi sono componenti chiave per il successo in questo gioco impegnativo.<\/p>\n<p>Un Team ben organizzato, che lavora insieme, pu\u00f2 sconfiggere una squadra i cui giocatori sono allo sbando, la comunicazione \u00e8 la chiave per vincere la battaglia e spesso lo spirito di squadra \u00e8 ci\u00f2 che serve per vincere la guerra\u2026<\/p>\n<h3 style=\"text-align: right;\">Paintball Sicily<\/h3>\n<p><\/p>","protected":false},"excerpt":{"rendered":"<p>Paintball Sicily&#8230;Una goccia di sudore rotola gi\u00f9 dalla fronte\u2026il dito \u00e8 sul grilletto\u2026i tuoi occhi si concentrano\u2026ora \u00e8 il momento di fare la tua mossa!!! Lavoro di squadra e nervi <a href=\"https:\/\/www.sicilyaction.com\/it\/team-building\/paintball\/\" class=\"more-link\">[&#8230;]<\/a><\/p>\n","protected":false},"author":1,"featured_media":416,"parent":240,"menu_order":0,"comment_status":"closed","ping_status":"closed","template":"template-sidebar.php","meta":[],"yoast_head":"<!-- This site is optimized with the Yoast SEO plugin v18.2 - https:\/\/yoast.com\/wordpress\/plugins\/seo\/ -->\n<title>Paintball Sicily - Paintball Team Building Sicily<\/title>\n<meta name=\"description\" content=\"Paintball Sicily -\u00a0Teamwork and strong nerves are key components for success in this challenging game.\u00a0A well-organized team, working together,\" \/>\n<meta name=\"robots\" content=\"index, follow, max-snippet:-1, max-image-preview:large, max-video-preview:-1\" \/>\n<link rel=\"canonical\" href=\"https:\/\/www.sicilyaction.com\/de\/team-building\/paintball\/\" \/>\n<meta property=\"og:locale\" content=\"it_IT\" \/>\n<meta property=\"og:type\" content=\"article\" \/>\n<meta property=\"og:title\" content=\"Paintball Sicily - Paintball Team Building Sicily\" \/>\n<meta property=\"og:description\" content=\"Paintball Sicily -\u00a0Teamwork and strong nerves are key components for success in this challenging game.\u00a0A well-organized team, working together,\" \/>\n<meta property=\"og:url\" content=\"https:\/\/www.sicilyaction.com\/de\/team-building\/paintball\/\" \/>\n<meta property=\"og:site_name\" content=\"Sicily Action\" \/>\n<meta property=\"article:publisher\" content=\"https:\/\/www.facebook.com\/sicilyaction\/\" \/>\n<meta property=\"article:modified_time\" content=\"2020-01-15T13:43:30+00:00\" \/>\n<meta property=\"og:image\" content=\"https:\/\/www.sicilyaction.com\/wp-content\/uploads\/2015\/11\/shutterstock_85224568.jpg\" \/>\n\t<meta property=\"og:image:width\" content=\"1200\" \/>\n\t<meta property=\"og:image:height\" content=\"607\" \/>\n\t<meta property=\"og:image:type\" content=\"image\/jpeg\" \/>\n<meta name=\"twitter:card\" content=\"summary\" \/>\n<meta name=\"twitter:label1\" content=\"Tempo di lettura stimato\" \/>\n\t<meta name=\"twitter:data1\" content=\"2 minuti\" \/>\n<script type=\"application\/ld+json\" class=\"yoast-schema-graph\">{\"@context\":\"https:\/\/schema.org\",\"@graph\":[{\"@type\":\"Organization\",\"@id\":\"https:\/\/www.sicilyaction.com\/#organization\",\"name\":\"Sicily Action\",\"url\":\"https:\/\/www.sicilyaction.com\/\",\"sameAs\":[\"https:\/\/www.facebook.com\/sicilyaction\/\"],\"logo\":{\"@type\":\"ImageObject\",\"@id\":\"https:\/\/www.sicilyaction.com\/#logo\",\"inLanguage\":\"it-IT\",\"url\":\"https:\/\/www.sicilyaction.com\/wp-content\/uploads\/2015\/10\/logo_action2.png\",\"contentUrl\":\"https:\/\/www.sicilyaction.com\/wp-content\/uploads\/2015\/10\/logo_action2.png\",\"width\":300,\"height\":450,\"caption\":\"Sicily Action\"},\"image\":{\"@id\":\"https:\/\/www.sicilyaction.com\/#logo\"}},{\"@type\":\"WebSite\",\"@id\":\"https:\/\/www.sicilyaction.com\/#website\",\"url\":\"https:\/\/www.sicilyaction.com\/\",\"name\":\"Sicily Action\",\"description\":\"Temabulding Sicily\",\"publisher\":{\"@id\":\"https:\/\/www.sicilyaction.com\/#organization\"},\"potentialAction\":[{\"@type\":\"SearchAction\",\"target\":{\"@type\":\"EntryPoint\",\"urlTemplate\":\"https:\/\/www.sicilyaction.com\/?s={search_term_string}\"},\"query-input\":\"required name=search_term_string\"}],\"inLanguage\":\"it-IT\"},{\"@type\":\"ImageObject\",\"@id\":\"https:\/\/www.sicilyaction.com\/de\/team-building\/paintball\/#primaryimage\",\"inLanguage\":\"it-IT\",\"url\":\"https:\/\/www.sicilyaction.com\/wp-content\/uploads\/2015\/11\/shutterstock_85224568.jpg\",\"contentUrl\":\"https:\/\/www.sicilyaction.com\/wp-content\/uploads\/2015\/11\/shutterstock_85224568.jpg\",\"width\":1200,\"height\":607,\"caption\":\"Paintball Sicily\"},{\"@type\":\"WebPage\",\"@id\":\"https:\/\/www.sicilyaction.com\/de\/team-building\/paintball\/#webpage\",\"url\":\"https:\/\/www.sicilyaction.com\/de\/team-building\/paintball\/\",\"name\":\"Paintball Sicily - Paintball Team Building Sicily\",\"isPartOf\":{\"@id\":\"https:\/\/www.sicilyaction.com\/#website\"},\"primaryImageOfPage\":{\"@id\":\"https:\/\/www.sicilyaction.com\/de\/team-building\/paintball\/#primaryimage\"},\"datePublished\":\"2015-11-22T16:16:08+00:00\",\"dateModified\":\"2020-01-15T13:43:30+00:00\",\"description\":\"Paintball Sicily -\u00a0Teamwork and strong nerves are key components for success in this challenging game.\u00a0A well-organized team, working together,\",\"breadcrumb\":{\"@id\":\"https:\/\/www.sicilyaction.com\/de\/team-building\/paintball\/#breadcrumb\"},\"inLanguage\":\"it-IT\",\"potentialAction\":[{\"@type\":\"ReadAction\",\"target\":[\"https:\/\/www.sicilyaction.com\/de\/team-building\/paintball\/\"]}]},{\"@type\":\"BreadcrumbList\",\"@id\":\"https:\/\/www.sicilyaction.com\/de\/team-building\/paintball\/#breadcrumb\",\"itemListElement\":[{\"@type\":\"ListItem\",\"position\":1,\"name\":\"Home\",\"item\":\"https:\/\/www.sicilyaction.com\/\"},{\"@type\":\"ListItem\",\"position\":2,\"name\":\"Team Building\",\"item\":\"https:\/\/www.sicilyaction.com\/de\/team-building\/\"},{\"@type\":\"ListItem\",\"position\":3,\"name\":\"Paintball\"}]}]}<\/script>\n<!-- \/ Yoast SEO plugin. -->","yoast_head_json":{"title":"Paintball Sicily - Paintball Team Building Sicily","description":"Paintball Sicily -\u00a0Teamwork and strong nerves are key components for success in this challenging game.\u00a0A well-organized team, working together,","robots":{"index":"index","follow":"follow","max-snippet":"max-snippet:-1","max-image-preview":"max-image-preview:large","max-video-preview":"max-video-preview:-1"},"canonical":"https:\/\/www.sicilyaction.com\/de\/team-building\/paintball\/","og_locale":"it_IT","og_type":"article","og_title":"Paintball Sicily - Paintball Team Building Sicily","og_description":"Paintball Sicily -\u00a0Teamwork and strong nerves are key components for success in this challenging game.\u00a0A well-organized team, working together,","og_url":"https:\/\/www.sicilyaction.com\/de\/team-building\/paintball\/","og_site_name":"Sicily Action","article_publisher":"https:\/\/www.facebook.com\/sicilyaction\/","article_modified_time":"2020-01-15T13:43:30+00:00","og_image":[{"width":1200,"height":607,"url":"https:\/\/www.sicilyaction.com\/wp-content\/uploads\/2015\/11\/shutterstock_85224568.jpg","type":"image\/jpeg"}],"twitter_card":"summary","twitter_misc":{"Tempo di lettura stimato":"2 minuti"},"schema":{"@context":"https:\/\/schema.org","@graph":[{"@type":"Organization","@id":"https:\/\/www.sicilyaction.com\/#organization","name":"Sicily Action","url":"https:\/\/www.sicilyaction.com\/","sameAs":["https:\/\/www.facebook.com\/sicilyaction\/"],"logo":{"@type":"ImageObject","@id":"https:\/\/www.sicilyaction.com\/#logo","inLanguage":"it-IT","url":"https:\/\/www.sicilyaction.com\/wp-content\/uploads\/2015\/10\/logo_action2.png","contentUrl":"https:\/\/www.sicilyaction.com\/wp-content\/uploads\/2015\/10\/logo_action2.png","width":300,"height":450,"caption":"Sicily Action"},"image":{"@id":"https:\/\/www.sicilyaction.com\/#logo"}},{"@type":"WebSite","@id":"https:\/\/www.sicilyaction.com\/#website","url":"https:\/\/www.sicilyaction.com\/","name":"Sicily Action","description":"Temabulding Sicily","publisher":{"@id":"https:\/\/www.sicilyaction.com\/#organization"},"potentialAction":[{"@type":"SearchAction","target":{"@type":"EntryPoint","urlTemplate":"https:\/\/www.sicilyaction.com\/?s={search_term_string}"},"query-input":"required name=search_term_string"}],"inLanguage":"it-IT"},{"@type":"ImageObject","@id":"https:\/\/www.sicilyaction.com\/de\/team-building\/paintball\/#primaryimage","inLanguage":"it-IT","url":"https:\/\/www.sicilyaction.com\/wp-content\/uploads\/2015\/11\/shutterstock_85224568.jpg","contentUrl":"https:\/\/www.sicilyaction.com\/wp-content\/uploads\/2015\/11\/shutterstock_85224568.jpg","width":1200,"height":607,"caption":"Paintball Sicily"},{"@type":"WebPage","@id":"https:\/\/www.sicilyaction.com\/de\/team-building\/paintball\/#webpage","url":"https:\/\/www.sicilyaction.com\/de\/team-building\/paintball\/","name":"Paintball Sicily - Paintball Team Building Sicily","isPartOf":{"@id":"https:\/\/www.sicilyaction.com\/#website"},"primaryImageOfPage":{"@id":"https:\/\/www.sicilyaction.com\/de\/team-building\/paintball\/#primaryimage"},"datePublished":"2015-11-22T16:16:08+00:00","dateModified":"2020-01-15T13:43:30+00:00","description":"Paintball Sicily -\u00a0Teamwork and strong nerves are key components for success in this challenging game.\u00a0A well-organized team, working together,","breadcrumb":{"@id":"https:\/\/www.sicilyaction.com\/de\/team-building\/paintball\/#breadcrumb"},"inLanguage":"it-IT","potentialAction":[{"@type":"ReadAction","target":["https:\/\/www.sicilyaction.com\/de\/team-building\/paintball\/"]}]},{"@type":"BreadcrumbList","@id":"https:\/\/www.sicilyaction.com\/de\/team-building\/paintball\/#breadcrumb","itemListElement":[{"@type":"ListItem","position":1,"name":"Home","item":"https:\/\/www.sicilyaction.com\/"},{"@type":"ListItem","position":2,"name":"Team Building","item":"https:\/\/www.sicilyaction.com\/de\/team-building\/"},{"@type":"ListItem","position":3,"name":"Paintball"}]}]}},"_links":{"self":[{"href":"https:\/\/www.sicilyaction.com\/it\/wp-json\/wp\/v2\/pages\/266"}],"collection":[{"href":"https:\/\/www.sicilyaction.com\/it\/wp-json\/wp\/v2\/pages"}],"about":[{"href":"https:\/\/www.sicilyaction.com\/it\/wp-json\/wp\/v2\/types\/page"}],"author":[{"embeddable":true,"href":"https:\/\/www.sicilyaction.com\/it\/wp-json\/wp\/v2\/users\/1"}],"replies":[{"embeddable":true,"href":"https:\/\/www.sicilyaction.com\/it\/wp-json\/wp\/v2\/comments?post=266"}],"version-history":[{"count":18,"href":"https:\/\/www.sicilyaction.com\/it\/wp-json\/wp\/v2\/pages\/266\/revisions"}],"predecessor-version":[{"id":1149,"href":"https:\/\/www.sicilyaction.com\/it\/wp-json\/wp\/v2\/pages\/266\/revisions\/1149"}],"up":[{"embeddable":true,"href":"https:\/\/www.sicilyaction.com\/it\/wp-json\/wp\/v2\/pages\/240"}],"wp:featuredmedia":[{"embeddable":true,"href":"https:\/\/www.sicilyaction.com\/it\/wp-json\/wp\/v2\/media\/416"}],"wp:attachment":[{"href":"https:\/\/www.sicilyaction.com\/it\/wp-json\/wp\/v2\/media?parent=266"}],"curies":[{"name":"wp","href":"https:\/\/api.w.org\/{rel}","templated":true}]}}