{"id":7,"date":"2015-02-03T15:44:20","date_gmt":"2015-02-03T15:44:20","guid":{"rendered":"http:\/\/cerchez.com\/ricca\/?page_id=7"},"modified":"2020-03-14T07:52:37","modified_gmt":"2020-03-14T06:52:37","slug":"home","status":"publish","type":"page","link":"https:\/\/www.sicilyaction.com\/fr\/","title":{"rendered":"Accueil"},"content":{"rendered":"<p><\/p>\n<h2>Team Building Sicily , Incentive Sicily and Corporate Events<\/h2>\n<p><strong><strong><img loading=\"lazy\" class=\"alignleft wp-image-412 size-thumbnail\" src=\"https:\/\/www.sicilyaction.com\/wp-content\/uploads\/2015\/11\/shutterstock_297544079-150x150.jpg\" alt=\"Team Building Sicily\" width=\"150\" height=\"150\" \/><\/strong>Sicily Action<\/strong>, agence qui op\u00e8re dans l&rsquo;organisation de <strong>team building de motivation<\/strong>, avec ses services,\u00a0au-del\u00e0 \u00e0 \u00eatre un point de r\u00e9f\u00e9rence pour\u00a0toutes les entreprises qui souhaitent am\u00e9liorer la performance de ses employ\u00e9s, s&rsquo;est faite promotrice en Sicile d&rsquo;activit\u00e9s ludiques, d&rsquo;apprentissage exp\u00e9rimentale ou de bien \u00eatre,\u00a0avec l&rsquo;objectif de renforcer la coh\u00e9sion des \u00e9quipes et cr\u00e9er un environnement propice au travail.\u00a0\u00c0 travers la gestion de jeux d&rsquo;apprentissage,\u00a0activit\u00e9s sportives, culturelles, artistiques ou cr\u00e9atrices,\u00a0de nombreux valeurs peuvent \u00eatre mis en \u00e9vidence.\u00a0Nos programmes de team buildings d&rsquo;\u00e9quipe favorisent la gestion du stress, la coh\u00e9sion et l&rsquo;esprit d&rsquo;\u00e9quipe.\u00a0La connaissance de l&rsquo;autre et de ses besoins,\u00a0la coh\u00e9sion d&rsquo;\u00e9quipe et la solidarit\u00e9 entre les employ\u00e9s peuvent \u00eatre renforc\u00e9es gr\u00e2ce \u00e0 nos programmes de team buildings.<br \/>\n<img loading=\"lazy\" class=\"size-full wp-image-796 alignright\" src=\"https:\/\/www.sicilyaction.com\/wp-content\/uploads\/2016\/01\/shutterstock_146570078.jpg\" alt=\"Team Building Sicily\" width=\"200\" height=\"133\" \/><\/p>\n<p>Que vous recherchez des propositions sportives, r\u00e9cr\u00e9atives ou culturelles nos activit\u00e9s sont r\u00e9alis\u00e9es en Sicile. Tout sera organis\u00e9 et supervis\u00e9 par des professionnels s\u00e9lectionn\u00e9s avec la plus haute rigueur.<br \/>\nTeam Building comme la <strong>course d&rsquo;orientation, chasse au tr\u00e9sor, parc aventure, cours de cuisine sicilienne, voile<\/strong> et bien plus encore&#8230;\u00a0Corporate Event comme <strong>d\u00e9gustation de vin et huile d&rsquo;olive, tour 4&#215;4 tout-terrain, plong\u00e9e, quad, VTT sur l&rsquo;Etna, parapente<\/strong> et bien plus encore&#8230;<\/p>\n<p>Nous proposons des id\u00e9es d&rsquo;animation innovantes et d&rsquo;autres activit\u00e9s adapt\u00e9es \u00e0 vos besoins!<\/p>\n<p><img loading=\"lazy\" class=\"alignleft size-full wp-image-914\" src=\"https:\/\/www.sicilyaction.com\/wp-content\/uploads\/2016\/01\/shutterstock_215618800.jpg\" alt=\"Team Building Sicily\" width=\"200\" height=\"140\" \/>A suivre quelques-unes des entreprises qui nous ont fait confiance pour l&rsquo;organisation de leurs \u00e9v\u00e9nements. Cette confiance repose sur plusieurs facteurs, r\u00e9pondre aux attentes de nos clients et obtenir leur pleine approbation, c&rsquo;est notre mission.<br \/>\nNos clients proviennent de diff\u00e9rents domaines commerciaux, soci\u00e9t\u00e9s m\u00e9dicales, compagnies d&rsquo;assurance, industrie informatique, mais chacun d&rsquo;entre eux recherche un r\u00e9sultat commun, vivre une exp\u00e9rience agr\u00e9able et bien organis\u00e9 pour quelques heures loin du stress du travail.<\/p>\n<p>\u00cates-vous un Tour Op\u00e9rateur ou une entreprise int\u00e9ress\u00e9e pour des \u00e9v\u00e9nements de team building ou pr\u00e9f\u00e9rez gratifier vos employ\u00e9es ou vos clients avec une activit\u00e9 en Sicile?<br \/>\nNous serons heureux de vous aider dans l&rsquo;organisation de votre Team Building ou \u00e9v\u00e8nement en Sicile.<\/p>\n<p><img loading=\"lazy\" class=\"size-full wp-image-884\" src=\"https:\/\/www.sicilyaction.com\/wp-content\/uploads\/2015\/02\/companies_02-1.jpg\" alt=\"Team Building Sicily\" width=\"165\" height=\"130\" \/><img loading=\"lazy\" class=\"size-full wp-image-888\" src=\"https:\/\/www.sicilyaction.com\/wp-content\/uploads\/2015\/02\/companies_06-1.jpg\" alt=\"Team Building Sicily\" width=\"247\" height=\"130\" \/><img loading=\"lazy\" class=\"size-full wp-image-887\" src=\"https:\/\/www.sicilyaction.com\/wp-content\/uploads\/2015\/02\/companies_05-1.jpg\" alt=\"Team Building Sicily\" width=\"246\" height=\"130\" \/><img loading=\"lazy\" class=\"size-full wp-image-886\" src=\"https:\/\/www.sicilyaction.com\/wp-content\/uploads\/2015\/02\/companies_04-1.jpg\" alt=\"Team Building Sicily\" width=\"135\" height=\"130\" \/><img loading=\"lazy\" class=\" size-full wp-image-885\" src=\"https:\/\/www.sicilyaction.com\/wp-content\/uploads\/2015\/02\/companies_03-1.jpg\" alt=\"Team Building Sicily\" width=\"127\" height=\"130\" \/><img loading=\"lazy\" class=\"size-full wp-image-883\" src=\"https:\/\/www.sicilyaction.com\/wp-content\/uploads\/2015\/02\/companies_01-1.jpg\" alt=\"Team Building Sicily\" width=\"171\" height=\"130\" \/><\/p>\n<p><img loading=\"lazy\" class=\"aligncenter wp-image-1027 \" src=\"https:\/\/www.sicilyaction.com\/wp-content\/uploads\/2019\/08\/SITE-with-Acronym-600x187.jpg\" alt=\"SITE\" width=\"250\" height=\"78\" srcset=\"https:\/\/www.sicilyaction.com\/wp-content\/uploads\/2019\/08\/SITE-with-Acronym-600x187.jpg 600w, https:\/\/www.sicilyaction.com\/wp-content\/uploads\/2019\/08\/SITE-with-Acronym-600x187-300x94.jpg 300w\" sizes=\"(max-width: 250px) 100vw, 250px\" \/><\/p>\n<p><a href=\"https:\/\/www.go-etna.fr\/visites-etna-et-sicile\/emotion-etna-3000-metres\/\" target=\"_blank\" rel=\"noopener noreferrer\">Excursion Etna t\u00e9l\u00e9ph\u00e9rique<\/a><\/p>\n<p><a href=\"https:\/\/www.go-etna.fr\/visites-etna-et-sicile\/ascension-etna-jeep\/\" target=\"_blank\" rel=\"noopener noreferrer\">Excursion Etna en Jeep<\/a><\/p>\n<p><a href=\"https:\/\/www.go-etna.fr\/visites-etna-et-sicile\/trekking-etna-sicile\/\" target=\"_blank\" rel=\"noopener noreferrer\">Ascension Etna Sommet<\/a><br \/>\n<\/p>","protected":false},"excerpt":{"rendered":"<p>Team Building Sicily , Incentive Sicily and Corporate Events Sicily Action, agence qui op\u00e8re dans l&rsquo;organisation de team building de motivation, avec ses services,\u00a0au-del\u00e0 \u00e0 \u00eatre un point de r\u00e9f\u00e9rence <a href=\"https:\/\/www.sicilyaction.com\/fr\/\" class=\"more-link\">[&#8230;]<\/a><\/p>\n","protected":false},"author":1,"featured_media":389,"parent":0,"menu_order":0,"comment_status":"open","ping_status":"open","template":"","meta":[],"yoast_head":"<!-- This site is optimized with the Yoast SEO plugin v18.2 - https:\/\/yoast.com\/wordpress\/plugins\/seo\/ -->\n<title>Team Building Sicily &amp; Incentive Sicily - Corporate Events - Sicily Action<\/title>\n<meta name=\"description\" content=\"Team Building Sicily and Incentive Sicily organization, Sicily Action is a key figure for all companies that want to improve their employee&#039;s performance\" \/>\n<meta name=\"robots\" content=\"index, follow, max-snippet:-1, max-image-preview:large, max-video-preview:-1\" \/>\n<link rel=\"canonical\" href=\"https:\/\/www.sicilyaction.com\/\" \/>\n<meta property=\"og:locale\" content=\"fr_FR\" \/>\n<meta property=\"og:type\" content=\"article\" \/>\n<meta property=\"og:title\" content=\"Team Building Sicily &amp; Incentive Sicily - Corporate Events - Sicily Action\" \/>\n<meta property=\"og:description\" content=\"Team Building Sicily and Incentive Sicily organization, Sicily Action is a key figure for all companies that want to improve their employee&#039;s performance\" \/>\n<meta property=\"og:url\" content=\"https:\/\/www.sicilyaction.com\/\" \/>\n<meta property=\"og:site_name\" content=\"Sicily Action\" \/>\n<meta property=\"article:publisher\" content=\"https:\/\/www.facebook.com\/sicilyaction\/\" \/>\n<meta property=\"article:modified_time\" content=\"2020-03-14T06:52:37+00:00\" \/>\n<meta property=\"og:image\" content=\"https:\/\/www.sicilyaction.com\/wp-content\/uploads\/2015\/11\/shutterstock_213370534-e1453117150103.jpg\" \/>\n\t<meta property=\"og:image:width\" content=\"800\" \/>\n\t<meta property=\"og:image:height\" content=\"532\" \/>\n\t<meta property=\"og:image:type\" content=\"image\/jpeg\" \/>\n<meta name=\"twitter:card\" content=\"summary\" \/>\n<meta name=\"twitter:label1\" content=\"Dur\u00e9e de lecture estim\u00e9e\" \/>\n\t<meta name=\"twitter:data1\" content=\"7 minutes\" \/>\n<script type=\"application\/ld+json\" class=\"yoast-schema-graph\">{\"@context\":\"https:\/\/schema.org\",\"@graph\":[{\"@type\":\"Organization\",\"@id\":\"https:\/\/www.sicilyaction.com\/#organization\",\"name\":\"Sicily Action\",\"url\":\"https:\/\/www.sicilyaction.com\/\",\"sameAs\":[\"https:\/\/www.facebook.com\/sicilyaction\/\"],\"logo\":{\"@type\":\"ImageObject\",\"@id\":\"https:\/\/www.sicilyaction.com\/#logo\",\"inLanguage\":\"fr-FR\",\"url\":\"https:\/\/www.sicilyaction.com\/wp-content\/uploads\/2015\/10\/logo_action2.png\",\"contentUrl\":\"https:\/\/www.sicilyaction.com\/wp-content\/uploads\/2015\/10\/logo_action2.png\",\"width\":300,\"height\":450,\"caption\":\"Sicily Action\"},\"image\":{\"@id\":\"https:\/\/www.sicilyaction.com\/#logo\"}},{\"@type\":\"WebSite\",\"@id\":\"https:\/\/www.sicilyaction.com\/#website\",\"url\":\"https:\/\/www.sicilyaction.com\/\",\"name\":\"Sicily Action\",\"description\":\"Temabulding Sicily\",\"publisher\":{\"@id\":\"https:\/\/www.sicilyaction.com\/#organization\"},\"potentialAction\":[{\"@type\":\"SearchAction\",\"target\":{\"@type\":\"EntryPoint\",\"urlTemplate\":\"https:\/\/www.sicilyaction.com\/?s={search_term_string}\"},\"query-input\":\"required name=search_term_string\"}],\"inLanguage\":\"fr-FR\"},{\"@type\":\"ImageObject\",\"@id\":\"https:\/\/www.sicilyaction.com\/#primaryimage\",\"inLanguage\":\"fr-FR\",\"url\":\"https:\/\/www.sicilyaction.com\/wp-content\/uploads\/2015\/11\/shutterstock_213370534-e1453117150103.jpg\",\"contentUrl\":\"https:\/\/www.sicilyaction.com\/wp-content\/uploads\/2015\/11\/shutterstock_213370534-e1453117150103.jpg\",\"width\":800,\"height\":532,\"caption\":\"Diving Sicily\"},{\"@type\":\"WebPage\",\"@id\":\"https:\/\/www.sicilyaction.com\/#webpage\",\"url\":\"https:\/\/www.sicilyaction.com\/\",\"name\":\"Team Building Sicily & Incentive Sicily - Corporate Events - Sicily Action\",\"isPartOf\":{\"@id\":\"https:\/\/www.sicilyaction.com\/#website\"},\"primaryImageOfPage\":{\"@id\":\"https:\/\/www.sicilyaction.com\/#primaryimage\"},\"datePublished\":\"2015-02-03T15:44:20+00:00\",\"dateModified\":\"2020-03-14T06:52:37+00:00\",\"description\":\"Team Building Sicily and Incentive Sicily organization, Sicily Action is a key figure for all companies that want to improve their employee's performance\",\"breadcrumb\":{\"@id\":\"https:\/\/www.sicilyaction.com\/#breadcrumb\"},\"inLanguage\":\"fr-FR\",\"potentialAction\":[{\"@type\":\"ReadAction\",\"target\":[\"https:\/\/www.sicilyaction.com\/\"]}]},{\"@type\":\"BreadcrumbList\",\"@id\":\"https:\/\/www.sicilyaction.com\/#breadcrumb\",\"itemListElement\":[{\"@type\":\"ListItem\",\"position\":1,\"name\":\"Home\",\"item\":\"https:\/\/www.sicilyaction.com\/\"},{\"@type\":\"ListItem\",\"position\":2,\"name\":\"Home\"}]}]}<\/script>\n<!-- \/ Yoast SEO plugin. -->","yoast_head_json":{"title":"Team Building Sicily & Incentive Sicily - Corporate Events - Sicily Action","description":"Team Building Sicily and Incentive Sicily organization, Sicily Action is a key figure for all companies that want to improve their employee's performance","robots":{"index":"index","follow":"follow","max-snippet":"max-snippet:-1","max-image-preview":"max-image-preview:large","max-video-preview":"max-video-preview:-1"},"canonical":"https:\/\/www.sicilyaction.com\/","og_locale":"fr_FR","og_type":"article","og_title":"Team Building Sicily & Incentive Sicily - Corporate Events - Sicily Action","og_description":"Team Building Sicily and Incentive Sicily organization, Sicily Action is a key figure for all companies that want to improve their employee's performance","og_url":"https:\/\/www.sicilyaction.com\/","og_site_name":"Sicily Action","article_publisher":"https:\/\/www.facebook.com\/sicilyaction\/","article_modified_time":"2020-03-14T06:52:37+00:00","og_image":[{"width":800,"height":532,"url":"https:\/\/www.sicilyaction.com\/wp-content\/uploads\/2015\/11\/shutterstock_213370534-e1453117150103.jpg","type":"image\/jpeg"}],"twitter_card":"summary","twitter_misc":{"Dur\u00e9e de lecture estim\u00e9e":"7 minutes"},"schema":{"@context":"https:\/\/schema.org","@graph":[{"@type":"Organization","@id":"https:\/\/www.sicilyaction.com\/#organization","name":"Sicily Action","url":"https:\/\/www.sicilyaction.com\/","sameAs":["https:\/\/www.facebook.com\/sicilyaction\/"],"logo":{"@type":"ImageObject","@id":"https:\/\/www.sicilyaction.com\/#logo","inLanguage":"fr-FR","url":"https:\/\/www.sicilyaction.com\/wp-content\/uploads\/2015\/10\/logo_action2.png","contentUrl":"https:\/\/www.sicilyaction.com\/wp-content\/uploads\/2015\/10\/logo_action2.png","width":300,"height":450,"caption":"Sicily Action"},"image":{"@id":"https:\/\/www.sicilyaction.com\/#logo"}},{"@type":"WebSite","@id":"https:\/\/www.sicilyaction.com\/#website","url":"https:\/\/www.sicilyaction.com\/","name":"Sicily Action","description":"Temabulding Sicily","publisher":{"@id":"https:\/\/www.sicilyaction.com\/#organization"},"potentialAction":[{"@type":"SearchAction","target":{"@type":"EntryPoint","urlTemplate":"https:\/\/www.sicilyaction.com\/?s={search_term_string}"},"query-input":"required name=search_term_string"}],"inLanguage":"fr-FR"},{"@type":"ImageObject","@id":"https:\/\/www.sicilyaction.com\/#primaryimage","inLanguage":"fr-FR","url":"https:\/\/www.sicilyaction.com\/wp-content\/uploads\/2015\/11\/shutterstock_213370534-e1453117150103.jpg","contentUrl":"https:\/\/www.sicilyaction.com\/wp-content\/uploads\/2015\/11\/shutterstock_213370534-e1453117150103.jpg","width":800,"height":532,"caption":"Diving Sicily"},{"@type":"WebPage","@id":"https:\/\/www.sicilyaction.com\/#webpage","url":"https:\/\/www.sicilyaction.com\/","name":"Team Building Sicily & Incentive Sicily - Corporate Events - Sicily Action","isPartOf":{"@id":"https:\/\/www.sicilyaction.com\/#website"},"primaryImageOfPage":{"@id":"https:\/\/www.sicilyaction.com\/#primaryimage"},"datePublished":"2015-02-03T15:44:20+00:00","dateModified":"2020-03-14T06:52:37+00:00","description":"Team Building Sicily and Incentive Sicily organization, Sicily Action is a key figure for all companies that want to improve their employee's performance","breadcrumb":{"@id":"https:\/\/www.sicilyaction.com\/#breadcrumb"},"inLanguage":"fr-FR","potentialAction":[{"@type":"ReadAction","target":["https:\/\/www.sicilyaction.com\/"]}]},{"@type":"BreadcrumbList","@id":"https:\/\/www.sicilyaction.com\/#breadcrumb","itemListElement":[{"@type":"ListItem","position":1,"name":"Home","item":"https:\/\/www.sicilyaction.com\/"},{"@type":"ListItem","position":2,"name":"Home"}]}]}},"_links":{"self":[{"href":"https:\/\/www.sicilyaction.com\/fr\/wp-json\/wp\/v2\/pages\/7"}],"collection":[{"href":"https:\/\/www.sicilyaction.com\/fr\/wp-json\/wp\/v2\/pages"}],"about":[{"href":"https:\/\/www.sicilyaction.com\/fr\/wp-json\/wp\/v2\/types\/page"}],"author":[{"embeddable":true,"href":"https:\/\/www.sicilyaction.com\/fr\/wp-json\/wp\/v2\/users\/1"}],"replies":[{"embeddable":true,"href":"https:\/\/www.sicilyaction.com\/fr\/wp-json\/wp\/v2\/comments?post=7"}],"version-history":[{"count":149,"href":"https:\/\/www.sicilyaction.com\/fr\/wp-json\/wp\/v2\/pages\/7\/revisions"}],"predecessor-version":[{"id":1160,"href":"https:\/\/www.sicilyaction.com\/fr\/wp-json\/wp\/v2\/pages\/7\/revisions\/1160"}],"wp:featuredmedia":[{"embeddable":true,"href":"https:\/\/www.sicilyaction.com\/fr\/wp-json\/wp\/v2\/media\/389"}],"wp:attachment":[{"href":"https:\/\/www.sicilyaction.com\/fr\/wp-json\/wp\/v2\/media?parent=7"}],"curies":[{"name":"wp","href":"https:\/\/api.w.org\/{rel}","templated":true}]}}