{"id":617,"date":"2015-11-28T10:30:46","date_gmt":"2015-11-28T09:30:46","guid":{"rendered":"https:\/\/www.sicilyaction.com\/?page_id=617"},"modified":"2020-01-15T12:45:35","modified_gmt":"2020-01-15T11:45:35","slug":"footgolf-sicily","status":"publish","type":"page","link":"https:\/\/www.sicilyaction.com\/fr\/team-building\/footgolf-sicily\/","title":{"rendered":"FootGolf"},"content":{"rendered":"<p><strong>Footgolf<\/strong> est un sport amusant de pr\u00e9cision o\u00f9 les joueurs avec un ballon de football doivent frapper une cible sp\u00e9cifique avec le moins coups possibles. Le joueur qui termine toutes les cibles avec le moins de tirs gagne. La plupart des r\u00e8gles sont les m\u00eames que le golf et peut \u00eatre jou\u00e9 n&rsquo;importe o\u00f9. Nous vous sugg\u00e9rons de jouer sur les pentes du volcan Etna, o\u00f9 vous aurez besoin d&rsquo;\u00e9tudier le terrain et ses ondulations, afin de frapper la balle le moins possible! Cela signifie que d&rsquo;un tir puissant est utile, mais pas d\u00e9cisif. \u00c9tudier le terrain, avec une approche intelligente et la pr\u00e9cision, est important. Si vous pouvez contr\u00f4ler la rotation de la balle sera certainement le point gagnant!<\/p>\n<h3 style=\"text-align: right;\">Footgolf Sicily<\/h3>\n<p><\/p>","protected":false},"excerpt":{"rendered":"<p>Footgolf est un sport amusant de pr\u00e9cision o\u00f9 les joueurs avec un ballon de football doivent frapper une cible sp\u00e9cifique avec le moins coups possibles. Le joueur qui termine toutes <a href=\"https:\/\/www.sicilyaction.com\/fr\/team-building\/footgolf-sicily\/\" class=\"more-link\">[&#8230;]<\/a><\/p>\n","protected":false},"author":1,"featured_media":620,"parent":240,"menu_order":0,"comment_status":"closed","ping_status":"closed","template":"template-sidebar.php","meta":[],"yoast_head":"<!-- This site is optimized with the Yoast SEO plugin v18.2 - https:\/\/yoast.com\/wordpress\/plugins\/seo\/ -->\n<title>Footgolf Sicily - Team Building Activities Sicily<\/title>\n<meta name=\"description\" content=\"Footgolf Sicily - is a fun precision sport in which players kicked a soccer ball in a specific target with as few shots as possible.\" \/>\n<meta name=\"robots\" content=\"index, follow, max-snippet:-1, max-image-preview:large, max-video-preview:-1\" \/>\n<link rel=\"canonical\" href=\"https:\/\/www.sicilyaction.com\/de\/team-building\/footgolf-sicily\/\" \/>\n<meta property=\"og:locale\" content=\"fr_FR\" \/>\n<meta property=\"og:type\" content=\"article\" \/>\n<meta property=\"og:title\" content=\"Footgolf Sicily - Team Building Activities Sicily\" \/>\n<meta property=\"og:description\" content=\"Footgolf Sicily - is a fun precision sport in which players kicked a soccer ball in a specific target with as few shots as possible.\" \/>\n<meta property=\"og:url\" content=\"https:\/\/www.sicilyaction.com\/de\/team-building\/footgolf-sicily\/\" \/>\n<meta property=\"og:site_name\" content=\"Sicily Action\" \/>\n<meta property=\"article:publisher\" content=\"https:\/\/www.facebook.com\/sicilyaction\/\" \/>\n<meta property=\"article:modified_time\" content=\"2020-01-15T11:45:35+00:00\" \/>\n<meta property=\"og:image\" content=\"https:\/\/www.sicilyaction.com\/wp-content\/uploads\/2015\/11\/shutterstock_145972916-e1453026966644.jpg\" \/>\n\t<meta property=\"og:image:width\" content=\"1200\" \/>\n\t<meta property=\"og:image:height\" content=\"883\" \/>\n\t<meta property=\"og:image:type\" content=\"image\/jpeg\" \/>\n<meta name=\"twitter:card\" content=\"summary\" \/>\n<meta name=\"twitter:label1\" content=\"Dur\u00e9e de lecture estim\u00e9e\" \/>\n\t<meta name=\"twitter:data1\" content=\"2 minutes\" \/>\n<script type=\"application\/ld+json\" class=\"yoast-schema-graph\">{\"@context\":\"https:\/\/schema.org\",\"@graph\":[{\"@type\":\"Organization\",\"@id\":\"https:\/\/www.sicilyaction.com\/#organization\",\"name\":\"Sicily Action\",\"url\":\"https:\/\/www.sicilyaction.com\/\",\"sameAs\":[\"https:\/\/www.facebook.com\/sicilyaction\/\"],\"logo\":{\"@type\":\"ImageObject\",\"@id\":\"https:\/\/www.sicilyaction.com\/#logo\",\"inLanguage\":\"fr-FR\",\"url\":\"https:\/\/www.sicilyaction.com\/wp-content\/uploads\/2015\/10\/logo_action2.png\",\"contentUrl\":\"https:\/\/www.sicilyaction.com\/wp-content\/uploads\/2015\/10\/logo_action2.png\",\"width\":300,\"height\":450,\"caption\":\"Sicily Action\"},\"image\":{\"@id\":\"https:\/\/www.sicilyaction.com\/#logo\"}},{\"@type\":\"WebSite\",\"@id\":\"https:\/\/www.sicilyaction.com\/#website\",\"url\":\"https:\/\/www.sicilyaction.com\/\",\"name\":\"Sicily Action\",\"description\":\"Temabulding Sicily\",\"publisher\":{\"@id\":\"https:\/\/www.sicilyaction.com\/#organization\"},\"potentialAction\":[{\"@type\":\"SearchAction\",\"target\":{\"@type\":\"EntryPoint\",\"urlTemplate\":\"https:\/\/www.sicilyaction.com\/?s={search_term_string}\"},\"query-input\":\"required name=search_term_string\"}],\"inLanguage\":\"fr-FR\"},{\"@type\":\"ImageObject\",\"@id\":\"https:\/\/www.sicilyaction.com\/de\/team-building\/footgolf-sicily\/#primaryimage\",\"inLanguage\":\"fr-FR\",\"url\":\"https:\/\/www.sicilyaction.com\/wp-content\/uploads\/2015\/11\/shutterstock_145972916-e1453026966644.jpg\",\"contentUrl\":\"https:\/\/www.sicilyaction.com\/wp-content\/uploads\/2015\/11\/shutterstock_145972916-e1453026966644.jpg\",\"width\":1200,\"height\":883,\"caption\":\"Footgolf Sicily\"},{\"@type\":\"WebPage\",\"@id\":\"https:\/\/www.sicilyaction.com\/de\/team-building\/footgolf-sicily\/#webpage\",\"url\":\"https:\/\/www.sicilyaction.com\/de\/team-building\/footgolf-sicily\/\",\"name\":\"Footgolf Sicily - Team Building Activities Sicily\",\"isPartOf\":{\"@id\":\"https:\/\/www.sicilyaction.com\/#website\"},\"primaryImageOfPage\":{\"@id\":\"https:\/\/www.sicilyaction.com\/de\/team-building\/footgolf-sicily\/#primaryimage\"},\"datePublished\":\"2015-11-28T09:30:46+00:00\",\"dateModified\":\"2020-01-15T11:45:35+00:00\",\"description\":\"Footgolf Sicily - is a fun precision sport in which players kicked a soccer ball in a specific target with as few shots as possible.\",\"breadcrumb\":{\"@id\":\"https:\/\/www.sicilyaction.com\/de\/team-building\/footgolf-sicily\/#breadcrumb\"},\"inLanguage\":\"fr-FR\",\"potentialAction\":[{\"@type\":\"ReadAction\",\"target\":[\"https:\/\/www.sicilyaction.com\/de\/team-building\/footgolf-sicily\/\"]}]},{\"@type\":\"BreadcrumbList\",\"@id\":\"https:\/\/www.sicilyaction.com\/de\/team-building\/footgolf-sicily\/#breadcrumb\",\"itemListElement\":[{\"@type\":\"ListItem\",\"position\":1,\"name\":\"Home\",\"item\":\"https:\/\/www.sicilyaction.com\/\"},{\"@type\":\"ListItem\",\"position\":2,\"name\":\"Team Building\",\"item\":\"https:\/\/www.sicilyaction.com\/de\/team-building\/\"},{\"@type\":\"ListItem\",\"position\":3,\"name\":\"FootGolf\"}]}]}<\/script>\n<!-- \/ Yoast SEO plugin. -->","yoast_head_json":{"title":"Footgolf Sicily - Team Building Activities Sicily","description":"Footgolf Sicily - is a fun precision sport in which players kicked a soccer ball in a specific target with as few shots as possible.","robots":{"index":"index","follow":"follow","max-snippet":"max-snippet:-1","max-image-preview":"max-image-preview:large","max-video-preview":"max-video-preview:-1"},"canonical":"https:\/\/www.sicilyaction.com\/de\/team-building\/footgolf-sicily\/","og_locale":"fr_FR","og_type":"article","og_title":"Footgolf Sicily - Team Building Activities Sicily","og_description":"Footgolf Sicily - is a fun precision sport in which players kicked a soccer ball in a specific target with as few shots as possible.","og_url":"https:\/\/www.sicilyaction.com\/de\/team-building\/footgolf-sicily\/","og_site_name":"Sicily Action","article_publisher":"https:\/\/www.facebook.com\/sicilyaction\/","article_modified_time":"2020-01-15T11:45:35+00:00","og_image":[{"width":1200,"height":883,"url":"https:\/\/www.sicilyaction.com\/wp-content\/uploads\/2015\/11\/shutterstock_145972916-e1453026966644.jpg","type":"image\/jpeg"}],"twitter_card":"summary","twitter_misc":{"Dur\u00e9e de lecture estim\u00e9e":"2 minutes"},"schema":{"@context":"https:\/\/schema.org","@graph":[{"@type":"Organization","@id":"https:\/\/www.sicilyaction.com\/#organization","name":"Sicily Action","url":"https:\/\/www.sicilyaction.com\/","sameAs":["https:\/\/www.facebook.com\/sicilyaction\/"],"logo":{"@type":"ImageObject","@id":"https:\/\/www.sicilyaction.com\/#logo","inLanguage":"fr-FR","url":"https:\/\/www.sicilyaction.com\/wp-content\/uploads\/2015\/10\/logo_action2.png","contentUrl":"https:\/\/www.sicilyaction.com\/wp-content\/uploads\/2015\/10\/logo_action2.png","width":300,"height":450,"caption":"Sicily Action"},"image":{"@id":"https:\/\/www.sicilyaction.com\/#logo"}},{"@type":"WebSite","@id":"https:\/\/www.sicilyaction.com\/#website","url":"https:\/\/www.sicilyaction.com\/","name":"Sicily Action","description":"Temabulding Sicily","publisher":{"@id":"https:\/\/www.sicilyaction.com\/#organization"},"potentialAction":[{"@type":"SearchAction","target":{"@type":"EntryPoint","urlTemplate":"https:\/\/www.sicilyaction.com\/?s={search_term_string}"},"query-input":"required name=search_term_string"}],"inLanguage":"fr-FR"},{"@type":"ImageObject","@id":"https:\/\/www.sicilyaction.com\/de\/team-building\/footgolf-sicily\/#primaryimage","inLanguage":"fr-FR","url":"https:\/\/www.sicilyaction.com\/wp-content\/uploads\/2015\/11\/shutterstock_145972916-e1453026966644.jpg","contentUrl":"https:\/\/www.sicilyaction.com\/wp-content\/uploads\/2015\/11\/shutterstock_145972916-e1453026966644.jpg","width":1200,"height":883,"caption":"Footgolf Sicily"},{"@type":"WebPage","@id":"https:\/\/www.sicilyaction.com\/de\/team-building\/footgolf-sicily\/#webpage","url":"https:\/\/www.sicilyaction.com\/de\/team-building\/footgolf-sicily\/","name":"Footgolf Sicily - Team Building Activities Sicily","isPartOf":{"@id":"https:\/\/www.sicilyaction.com\/#website"},"primaryImageOfPage":{"@id":"https:\/\/www.sicilyaction.com\/de\/team-building\/footgolf-sicily\/#primaryimage"},"datePublished":"2015-11-28T09:30:46+00:00","dateModified":"2020-01-15T11:45:35+00:00","description":"Footgolf Sicily - is a fun precision sport in which players kicked a soccer ball in a specific target with as few shots as possible.","breadcrumb":{"@id":"https:\/\/www.sicilyaction.com\/de\/team-building\/footgolf-sicily\/#breadcrumb"},"inLanguage":"fr-FR","potentialAction":[{"@type":"ReadAction","target":["https:\/\/www.sicilyaction.com\/de\/team-building\/footgolf-sicily\/"]}]},{"@type":"BreadcrumbList","@id":"https:\/\/www.sicilyaction.com\/de\/team-building\/footgolf-sicily\/#breadcrumb","itemListElement":[{"@type":"ListItem","position":1,"name":"Home","item":"https:\/\/www.sicilyaction.com\/"},{"@type":"ListItem","position":2,"name":"Team Building","item":"https:\/\/www.sicilyaction.com\/de\/team-building\/"},{"@type":"ListItem","position":3,"name":"FootGolf"}]}]}},"_links":{"self":[{"href":"https:\/\/www.sicilyaction.com\/fr\/wp-json\/wp\/v2\/pages\/617"}],"collection":[{"href":"https:\/\/www.sicilyaction.com\/fr\/wp-json\/wp\/v2\/pages"}],"about":[{"href":"https:\/\/www.sicilyaction.com\/fr\/wp-json\/wp\/v2\/types\/page"}],"author":[{"embeddable":true,"href":"https:\/\/www.sicilyaction.com\/fr\/wp-json\/wp\/v2\/users\/1"}],"replies":[{"embeddable":true,"href":"https:\/\/www.sicilyaction.com\/fr\/wp-json\/wp\/v2\/comments?post=617"}],"version-history":[{"count":13,"href":"https:\/\/www.sicilyaction.com\/fr\/wp-json\/wp\/v2\/pages\/617\/revisions"}],"predecessor-version":[{"id":1117,"href":"https:\/\/www.sicilyaction.com\/fr\/wp-json\/wp\/v2\/pages\/617\/revisions\/1117"}],"up":[{"embeddable":true,"href":"https:\/\/www.sicilyaction.com\/fr\/wp-json\/wp\/v2\/pages\/240"}],"wp:featuredmedia":[{"embeddable":true,"href":"https:\/\/www.sicilyaction.com\/fr\/wp-json\/wp\/v2\/media\/620"}],"wp:attachment":[{"href":"https:\/\/www.sicilyaction.com\/fr\/wp-json\/wp\/v2\/media?parent=617"}],"curies":[{"name":"wp","href":"https:\/\/api.w.org\/{rel}","templated":true}]}}