{"id":336,"date":"2015-11-22T21:11:29","date_gmt":"2015-11-22T20:11:29","guid":{"rendered":"https:\/\/www.sicilyaction.com\/?page_id=336"},"modified":"2020-01-15T12:47:38","modified_gmt":"2020-01-15T11:47:38","slug":"diving","status":"publish","type":"page","link":"https:\/\/www.sicilyaction.com\/fr\/corportate-events\/diving\/","title":{"rendered":"Plong\u00e9e"},"content":{"rendered":"<p><img loading=\"lazy\" src=\"https:\/\/www.sicilyaction.com\/wp-content\/uploads\/2016\/01\/shutterstock_146570078.jpg\" alt=\"Diving Sicily\" width=\"200\" height=\"133\" class=\"alignleft size-full wp-image-796\" \/><strong>Diving Sicily<\/strong>&#8230;Les eaux en face de l&rsquo;Etna sont des merveilleux paysages qui font de la plong\u00e9e une exp\u00e9rience unique. Les origines volcaniques ont fa\u00e7onn\u00e9 la c\u00f4te avec le basalte noir, r\u00e9sultat des nombreuses \u00e9ruptions descendues jusqu&rsquo;\u00e0 la mer, comme le petit archipel des Cyclopes et le rocher sur lequel se dresse le ch\u00e2teau Acicastello\u00a0\u00e9mergeant du fond marin.\u00a0Si vous \u00eates un amoureux de la plong\u00e9e ou si vous voulez essayer cette exp\u00e9rience, cote de l&rsquo;Etna\u00a0est un endroit extraordinaire pour d\u00e9couvrir la diversit\u00e9 du volcan sous-marin!<\/p>\n<h3 style=\"text-align: right;\">Diving Sicily<\/h3>\n<p><\/p>","protected":false},"excerpt":{"rendered":"<p>Diving Sicily&#8230;Les eaux en face de l&rsquo;Etna sont des merveilleux paysages qui font de la plong\u00e9e une exp\u00e9rience unique. Les origines volcaniques ont fa\u00e7onn\u00e9 la c\u00f4te avec le basalte noir, <a href=\"https:\/\/www.sicilyaction.com\/fr\/corportate-events\/diving\/\" class=\"more-link\">[&#8230;]<\/a><\/p>\n","protected":false},"author":1,"featured_media":389,"parent":252,"menu_order":0,"comment_status":"closed","ping_status":"closed","template":"template-sidebar.php","meta":[],"yoast_head":"<!-- This site is optimized with the Yoast SEO plugin v18.2 - https:\/\/yoast.com\/wordpress\/plugins\/seo\/ -->\n<title>Diving Sicily - Discover WaterSports in Sicily Island<\/title>\n<meta name=\"description\" content=\"Diving Sicily, into the waters in front of the volcano Etna are full of marvellous underwater seascapes that make the diving experience truly unique.\" \/>\n<meta name=\"robots\" content=\"index, follow, max-snippet:-1, max-image-preview:large, max-video-preview:-1\" \/>\n<link rel=\"canonical\" href=\"https:\/\/www.sicilyaction.com\/corportate-events\/diving\/\" \/>\n<meta property=\"og:locale\" content=\"fr_FR\" \/>\n<meta property=\"og:type\" content=\"article\" \/>\n<meta property=\"og:title\" content=\"Diving Sicily - Discover WaterSports in Sicily Island\" \/>\n<meta property=\"og:description\" content=\"Diving Sicily, into the waters in front of the volcano Etna are full of marvellous underwater seascapes that make the diving experience truly unique.\" \/>\n<meta property=\"og:url\" content=\"https:\/\/www.sicilyaction.com\/corportate-events\/diving\/\" \/>\n<meta property=\"og:site_name\" content=\"Sicily Action\" \/>\n<meta property=\"article:publisher\" content=\"https:\/\/www.facebook.com\/sicilyaction\/\" \/>\n<meta property=\"article:modified_time\" content=\"2020-01-15T11:47:38+00:00\" \/>\n<meta property=\"og:image\" content=\"https:\/\/www.sicilyaction.com\/wp-content\/uploads\/2015\/11\/shutterstock_213370534-e1453117150103.jpg\" \/>\n\t<meta property=\"og:image:width\" content=\"800\" \/>\n\t<meta property=\"og:image:height\" content=\"532\" \/>\n\t<meta property=\"og:image:type\" content=\"image\/jpeg\" \/>\n<meta name=\"twitter:card\" content=\"summary\" \/>\n<meta name=\"twitter:label1\" content=\"Dur\u00e9e de lecture estim\u00e9e\" \/>\n\t<meta name=\"twitter:data1\" content=\"2 minutes\" \/>\n<script type=\"application\/ld+json\" class=\"yoast-schema-graph\">{\"@context\":\"https:\/\/schema.org\",\"@graph\":[{\"@type\":\"Organization\",\"@id\":\"https:\/\/www.sicilyaction.com\/#organization\",\"name\":\"Sicily Action\",\"url\":\"https:\/\/www.sicilyaction.com\/\",\"sameAs\":[\"https:\/\/www.facebook.com\/sicilyaction\/\"],\"logo\":{\"@type\":\"ImageObject\",\"@id\":\"https:\/\/www.sicilyaction.com\/#logo\",\"inLanguage\":\"fr-FR\",\"url\":\"https:\/\/www.sicilyaction.com\/wp-content\/uploads\/2015\/10\/logo_action2.png\",\"contentUrl\":\"https:\/\/www.sicilyaction.com\/wp-content\/uploads\/2015\/10\/logo_action2.png\",\"width\":300,\"height\":450,\"caption\":\"Sicily Action\"},\"image\":{\"@id\":\"https:\/\/www.sicilyaction.com\/#logo\"}},{\"@type\":\"WebSite\",\"@id\":\"https:\/\/www.sicilyaction.com\/#website\",\"url\":\"https:\/\/www.sicilyaction.com\/\",\"name\":\"Sicily Action\",\"description\":\"Temabulding Sicily\",\"publisher\":{\"@id\":\"https:\/\/www.sicilyaction.com\/#organization\"},\"potentialAction\":[{\"@type\":\"SearchAction\",\"target\":{\"@type\":\"EntryPoint\",\"urlTemplate\":\"https:\/\/www.sicilyaction.com\/?s={search_term_string}\"},\"query-input\":\"required name=search_term_string\"}],\"inLanguage\":\"fr-FR\"},{\"@type\":\"ImageObject\",\"@id\":\"https:\/\/www.sicilyaction.com\/corportate-events\/diving\/#primaryimage\",\"inLanguage\":\"fr-FR\",\"url\":\"https:\/\/www.sicilyaction.com\/wp-content\/uploads\/2015\/11\/shutterstock_213370534-e1453117150103.jpg\",\"contentUrl\":\"https:\/\/www.sicilyaction.com\/wp-content\/uploads\/2015\/11\/shutterstock_213370534-e1453117150103.jpg\",\"width\":800,\"height\":532,\"caption\":\"Diving Sicily\"},{\"@type\":\"WebPage\",\"@id\":\"https:\/\/www.sicilyaction.com\/corportate-events\/diving\/#webpage\",\"url\":\"https:\/\/www.sicilyaction.com\/corportate-events\/diving\/\",\"name\":\"Diving Sicily - Discover WaterSports in Sicily Island\",\"isPartOf\":{\"@id\":\"https:\/\/www.sicilyaction.com\/#website\"},\"primaryImageOfPage\":{\"@id\":\"https:\/\/www.sicilyaction.com\/corportate-events\/diving\/#primaryimage\"},\"datePublished\":\"2015-11-22T20:11:29+00:00\",\"dateModified\":\"2020-01-15T11:47:38+00:00\",\"description\":\"Diving Sicily, into the waters in front of the volcano Etna are full of marvellous underwater seascapes that make the diving experience truly unique.\",\"breadcrumb\":{\"@id\":\"https:\/\/www.sicilyaction.com\/corportate-events\/diving\/#breadcrumb\"},\"inLanguage\":\"fr-FR\",\"potentialAction\":[{\"@type\":\"ReadAction\",\"target\":[\"https:\/\/www.sicilyaction.com\/corportate-events\/diving\/\"]}]},{\"@type\":\"BreadcrumbList\",\"@id\":\"https:\/\/www.sicilyaction.com\/corportate-events\/diving\/#breadcrumb\",\"itemListElement\":[{\"@type\":\"ListItem\",\"position\":1,\"name\":\"Home\",\"item\":\"https:\/\/www.sicilyaction.com\/\"},{\"@type\":\"ListItem\",\"position\":2,\"name\":\"Corporate Events Sicily\",\"item\":\"https:\/\/www.sicilyaction.com\/corportate-events\/\"},{\"@type\":\"ListItem\",\"position\":3,\"name\":\"Diving\"}]}]}<\/script>\n<!-- \/ Yoast SEO plugin. -->","yoast_head_json":{"title":"Diving Sicily - Discover WaterSports in Sicily Island","description":"Diving Sicily, into the waters in front of the volcano Etna are full of marvellous underwater seascapes that make the diving experience truly unique.","robots":{"index":"index","follow":"follow","max-snippet":"max-snippet:-1","max-image-preview":"max-image-preview:large","max-video-preview":"max-video-preview:-1"},"canonical":"https:\/\/www.sicilyaction.com\/corportate-events\/diving\/","og_locale":"fr_FR","og_type":"article","og_title":"Diving Sicily - Discover WaterSports in Sicily Island","og_description":"Diving Sicily, into the waters in front of the volcano Etna are full of marvellous underwater seascapes that make the diving experience truly unique.","og_url":"https:\/\/www.sicilyaction.com\/corportate-events\/diving\/","og_site_name":"Sicily Action","article_publisher":"https:\/\/www.facebook.com\/sicilyaction\/","article_modified_time":"2020-01-15T11:47:38+00:00","og_image":[{"width":800,"height":532,"url":"https:\/\/www.sicilyaction.com\/wp-content\/uploads\/2015\/11\/shutterstock_213370534-e1453117150103.jpg","type":"image\/jpeg"}],"twitter_card":"summary","twitter_misc":{"Dur\u00e9e de lecture estim\u00e9e":"2 minutes"},"schema":{"@context":"https:\/\/schema.org","@graph":[{"@type":"Organization","@id":"https:\/\/www.sicilyaction.com\/#organization","name":"Sicily Action","url":"https:\/\/www.sicilyaction.com\/","sameAs":["https:\/\/www.facebook.com\/sicilyaction\/"],"logo":{"@type":"ImageObject","@id":"https:\/\/www.sicilyaction.com\/#logo","inLanguage":"fr-FR","url":"https:\/\/www.sicilyaction.com\/wp-content\/uploads\/2015\/10\/logo_action2.png","contentUrl":"https:\/\/www.sicilyaction.com\/wp-content\/uploads\/2015\/10\/logo_action2.png","width":300,"height":450,"caption":"Sicily Action"},"image":{"@id":"https:\/\/www.sicilyaction.com\/#logo"}},{"@type":"WebSite","@id":"https:\/\/www.sicilyaction.com\/#website","url":"https:\/\/www.sicilyaction.com\/","name":"Sicily Action","description":"Temabulding Sicily","publisher":{"@id":"https:\/\/www.sicilyaction.com\/#organization"},"potentialAction":[{"@type":"SearchAction","target":{"@type":"EntryPoint","urlTemplate":"https:\/\/www.sicilyaction.com\/?s={search_term_string}"},"query-input":"required name=search_term_string"}],"inLanguage":"fr-FR"},{"@type":"ImageObject","@id":"https:\/\/www.sicilyaction.com\/corportate-events\/diving\/#primaryimage","inLanguage":"fr-FR","url":"https:\/\/www.sicilyaction.com\/wp-content\/uploads\/2015\/11\/shutterstock_213370534-e1453117150103.jpg","contentUrl":"https:\/\/www.sicilyaction.com\/wp-content\/uploads\/2015\/11\/shutterstock_213370534-e1453117150103.jpg","width":800,"height":532,"caption":"Diving Sicily"},{"@type":"WebPage","@id":"https:\/\/www.sicilyaction.com\/corportate-events\/diving\/#webpage","url":"https:\/\/www.sicilyaction.com\/corportate-events\/diving\/","name":"Diving Sicily - Discover WaterSports in Sicily Island","isPartOf":{"@id":"https:\/\/www.sicilyaction.com\/#website"},"primaryImageOfPage":{"@id":"https:\/\/www.sicilyaction.com\/corportate-events\/diving\/#primaryimage"},"datePublished":"2015-11-22T20:11:29+00:00","dateModified":"2020-01-15T11:47:38+00:00","description":"Diving Sicily, into the waters in front of the volcano Etna are full of marvellous underwater seascapes that make the diving experience truly unique.","breadcrumb":{"@id":"https:\/\/www.sicilyaction.com\/corportate-events\/diving\/#breadcrumb"},"inLanguage":"fr-FR","potentialAction":[{"@type":"ReadAction","target":["https:\/\/www.sicilyaction.com\/corportate-events\/diving\/"]}]},{"@type":"BreadcrumbList","@id":"https:\/\/www.sicilyaction.com\/corportate-events\/diving\/#breadcrumb","itemListElement":[{"@type":"ListItem","position":1,"name":"Home","item":"https:\/\/www.sicilyaction.com\/"},{"@type":"ListItem","position":2,"name":"Corporate Events Sicily","item":"https:\/\/www.sicilyaction.com\/corportate-events\/"},{"@type":"ListItem","position":3,"name":"Diving"}]}]}},"_links":{"self":[{"href":"https:\/\/www.sicilyaction.com\/fr\/wp-json\/wp\/v2\/pages\/336"}],"collection":[{"href":"https:\/\/www.sicilyaction.com\/fr\/wp-json\/wp\/v2\/pages"}],"about":[{"href":"https:\/\/www.sicilyaction.com\/fr\/wp-json\/wp\/v2\/types\/page"}],"author":[{"embeddable":true,"href":"https:\/\/www.sicilyaction.com\/fr\/wp-json\/wp\/v2\/users\/1"}],"replies":[{"embeddable":true,"href":"https:\/\/www.sicilyaction.com\/fr\/wp-json\/wp\/v2\/comments?post=336"}],"version-history":[{"count":14,"href":"https:\/\/www.sicilyaction.com\/fr\/wp-json\/wp\/v2\/pages\/336\/revisions"}],"predecessor-version":[{"id":1118,"href":"https:\/\/www.sicilyaction.com\/fr\/wp-json\/wp\/v2\/pages\/336\/revisions\/1118"}],"up":[{"embeddable":true,"href":"https:\/\/www.sicilyaction.com\/fr\/wp-json\/wp\/v2\/pages\/252"}],"wp:featuredmedia":[{"embeddable":true,"href":"https:\/\/www.sicilyaction.com\/fr\/wp-json\/wp\/v2\/media\/389"}],"wp:attachment":[{"href":"https:\/\/www.sicilyaction.com\/fr\/wp-json\/wp\/v2\/media?parent=336"}],"curies":[{"name":"wp","href":"https:\/\/api.w.org\/{rel}","templated":true}]}}