{"id":331,"date":"2015-11-22T17:29:09","date_gmt":"2015-11-22T16:29:09","guid":{"rendered":"https:\/\/www.sicilyaction.com\/?page_id=331"},"modified":"2020-01-15T14:42:32","modified_gmt":"2020-01-15T13:42:32","slug":"adventure-park","status":"publish","type":"page","link":"https:\/\/www.sicilyaction.com\/fr\/team-building\/adventure-park\/","title":{"rendered":"Parc Aventure"},"content":{"rendered":"<p><img loading=\"lazy\" src=\"https:\/\/www.sicilyaction.com\/wp-content\/uploads\/2016\/01\/shutterstock_301756955.jpg\" alt=\"Adventure Park Sicily\" width=\"200\" height=\"143\" class=\"alignleft size-full wp-image-779\" \/><strong>Adventure Park Sicily<\/strong>,Dans le parc d&rsquo;aventure se d\u00e9veloppe un programme de team building innovant et excitant, nich\u00e9 dans les bois sur les pentes de l&rsquo;Etna. Construit pour inspirer la leadership, le travail d&rsquo;\u00e9quipe et remonter le moral, ce programme de Team Building est un moyen pour\u00a0renforcer la solidarit\u00e9 de votre \u00e9quipe, favorisant une exp\u00e9rience incroyable et durable pour chaque membre.<br \/>\nTout au long de l&rsquo;activit\u00e9, les \u00e9quipes vont d\u00e9fier les autres et eux-m\u00eames dans un certain nombre de parcours\u00a0entre les arbres,\u00a0les obstacles \u00e9lev\u00e9s et des exercices dynamiques visant \u00e0 renforcer les valeurs fondamentales de l&rsquo;\u00e9quipe.<\/p>\n<h3 style=\"text-align: right;\">Adventure Park Sicily<\/h3>\n<p><\/p>","protected":false},"excerpt":{"rendered":"<p>Adventure Park Sicily,Dans le parc d&rsquo;aventure se d\u00e9veloppe un programme de team building innovant et excitant, nich\u00e9 dans les bois sur les pentes de l&rsquo;Etna. Construit pour inspirer la leadership, <a href=\"https:\/\/www.sicilyaction.com\/fr\/team-building\/adventure-park\/\" class=\"more-link\">[&#8230;]<\/a><\/p>\n","protected":false},"author":1,"featured_media":413,"parent":240,"menu_order":0,"comment_status":"closed","ping_status":"closed","template":"template-sidebar.php","meta":[],"yoast_head":"<!-- This site is optimized with the Yoast SEO plugin v18.2 - https:\/\/yoast.com\/wordpress\/plugins\/seo\/ -->\n<title>Adventure Park Etna - Volcano Etna - Sicily<\/title>\n<meta name=\"description\" content=\"Adventure Park Sicily develop an innovative and exciting team building program set amongst the woods on the slopes of vulcano Etna.\" \/>\n<meta name=\"robots\" content=\"index, follow, max-snippet:-1, max-image-preview:large, max-video-preview:-1\" \/>\n<link rel=\"canonical\" href=\"https:\/\/www.sicilyaction.com\/de\/team-building\/adventure-park\/\" \/>\n<meta property=\"og:locale\" content=\"fr_FR\" \/>\n<meta property=\"og:type\" content=\"article\" \/>\n<meta property=\"og:title\" content=\"Adventure Park Etna - Volcano Etna - Sicily\" \/>\n<meta property=\"og:description\" content=\"Adventure Park Sicily develop an innovative and exciting team building program set amongst the woods on the slopes of vulcano Etna.\" \/>\n<meta property=\"og:url\" content=\"https:\/\/www.sicilyaction.com\/de\/team-building\/adventure-park\/\" \/>\n<meta property=\"og:site_name\" content=\"Sicily Action\" \/>\n<meta property=\"article:publisher\" content=\"https:\/\/www.facebook.com\/sicilyaction\/\" \/>\n<meta property=\"article:modified_time\" content=\"2020-01-15T13:42:32+00:00\" \/>\n<meta property=\"og:image\" content=\"https:\/\/www.sicilyaction.com\/wp-content\/uploads\/2015\/11\/shutterstock_66901048-e1453117287539.jpg\" \/>\n\t<meta property=\"og:image:width\" content=\"800\" \/>\n\t<meta property=\"og:image:height\" content=\"655\" \/>\n\t<meta property=\"og:image:type\" content=\"image\/jpeg\" \/>\n<meta name=\"twitter:card\" content=\"summary\" \/>\n<meta name=\"twitter:label1\" content=\"Dur\u00e9e de lecture estim\u00e9e\" \/>\n\t<meta name=\"twitter:data1\" content=\"2 minutes\" \/>\n<script type=\"application\/ld+json\" class=\"yoast-schema-graph\">{\"@context\":\"https:\/\/schema.org\",\"@graph\":[{\"@type\":\"Organization\",\"@id\":\"https:\/\/www.sicilyaction.com\/#organization\",\"name\":\"Sicily Action\",\"url\":\"https:\/\/www.sicilyaction.com\/\",\"sameAs\":[\"https:\/\/www.facebook.com\/sicilyaction\/\"],\"logo\":{\"@type\":\"ImageObject\",\"@id\":\"https:\/\/www.sicilyaction.com\/#logo\",\"inLanguage\":\"fr-FR\",\"url\":\"https:\/\/www.sicilyaction.com\/wp-content\/uploads\/2015\/10\/logo_action2.png\",\"contentUrl\":\"https:\/\/www.sicilyaction.com\/wp-content\/uploads\/2015\/10\/logo_action2.png\",\"width\":300,\"height\":450,\"caption\":\"Sicily Action\"},\"image\":{\"@id\":\"https:\/\/www.sicilyaction.com\/#logo\"}},{\"@type\":\"WebSite\",\"@id\":\"https:\/\/www.sicilyaction.com\/#website\",\"url\":\"https:\/\/www.sicilyaction.com\/\",\"name\":\"Sicily Action\",\"description\":\"Temabulding Sicily\",\"publisher\":{\"@id\":\"https:\/\/www.sicilyaction.com\/#organization\"},\"potentialAction\":[{\"@type\":\"SearchAction\",\"target\":{\"@type\":\"EntryPoint\",\"urlTemplate\":\"https:\/\/www.sicilyaction.com\/?s={search_term_string}\"},\"query-input\":\"required name=search_term_string\"}],\"inLanguage\":\"fr-FR\"},{\"@type\":\"ImageObject\",\"@id\":\"https:\/\/www.sicilyaction.com\/de\/team-building\/adventure-park\/#primaryimage\",\"inLanguage\":\"fr-FR\",\"url\":\"https:\/\/www.sicilyaction.com\/wp-content\/uploads\/2015\/11\/shutterstock_66901048-e1453117287539.jpg\",\"contentUrl\":\"https:\/\/www.sicilyaction.com\/wp-content\/uploads\/2015\/11\/shutterstock_66901048-e1453117287539.jpg\",\"width\":800,\"height\":655,\"caption\":\"Adventure Park Sicily\"},{\"@type\":\"WebPage\",\"@id\":\"https:\/\/www.sicilyaction.com\/de\/team-building\/adventure-park\/#webpage\",\"url\":\"https:\/\/www.sicilyaction.com\/de\/team-building\/adventure-park\/\",\"name\":\"Adventure Park Etna - Volcano Etna - Sicily\",\"isPartOf\":{\"@id\":\"https:\/\/www.sicilyaction.com\/#website\"},\"primaryImageOfPage\":{\"@id\":\"https:\/\/www.sicilyaction.com\/de\/team-building\/adventure-park\/#primaryimage\"},\"datePublished\":\"2015-11-22T16:29:09+00:00\",\"dateModified\":\"2020-01-15T13:42:32+00:00\",\"description\":\"Adventure Park Sicily develop an innovative and exciting team building program set amongst the woods on the slopes of vulcano Etna.\",\"breadcrumb\":{\"@id\":\"https:\/\/www.sicilyaction.com\/de\/team-building\/adventure-park\/#breadcrumb\"},\"inLanguage\":\"fr-FR\",\"potentialAction\":[{\"@type\":\"ReadAction\",\"target\":[\"https:\/\/www.sicilyaction.com\/de\/team-building\/adventure-park\/\"]}]},{\"@type\":\"BreadcrumbList\",\"@id\":\"https:\/\/www.sicilyaction.com\/de\/team-building\/adventure-park\/#breadcrumb\",\"itemListElement\":[{\"@type\":\"ListItem\",\"position\":1,\"name\":\"Home\",\"item\":\"https:\/\/www.sicilyaction.com\/\"},{\"@type\":\"ListItem\",\"position\":2,\"name\":\"Team Building\",\"item\":\"https:\/\/www.sicilyaction.com\/de\/team-building\/\"},{\"@type\":\"ListItem\",\"position\":3,\"name\":\"Adventure Park\"}]}]}<\/script>\n<!-- \/ Yoast SEO plugin. -->","yoast_head_json":{"title":"Adventure Park Etna - Volcano Etna - Sicily","description":"Adventure Park Sicily develop an innovative and exciting team building program set amongst the woods on the slopes of vulcano Etna.","robots":{"index":"index","follow":"follow","max-snippet":"max-snippet:-1","max-image-preview":"max-image-preview:large","max-video-preview":"max-video-preview:-1"},"canonical":"https:\/\/www.sicilyaction.com\/de\/team-building\/adventure-park\/","og_locale":"fr_FR","og_type":"article","og_title":"Adventure Park Etna - Volcano Etna - Sicily","og_description":"Adventure Park Sicily develop an innovative and exciting team building program set amongst the woods on the slopes of vulcano Etna.","og_url":"https:\/\/www.sicilyaction.com\/de\/team-building\/adventure-park\/","og_site_name":"Sicily Action","article_publisher":"https:\/\/www.facebook.com\/sicilyaction\/","article_modified_time":"2020-01-15T13:42:32+00:00","og_image":[{"width":800,"height":655,"url":"https:\/\/www.sicilyaction.com\/wp-content\/uploads\/2015\/11\/shutterstock_66901048-e1453117287539.jpg","type":"image\/jpeg"}],"twitter_card":"summary","twitter_misc":{"Dur\u00e9e de lecture estim\u00e9e":"2 minutes"},"schema":{"@context":"https:\/\/schema.org","@graph":[{"@type":"Organization","@id":"https:\/\/www.sicilyaction.com\/#organization","name":"Sicily Action","url":"https:\/\/www.sicilyaction.com\/","sameAs":["https:\/\/www.facebook.com\/sicilyaction\/"],"logo":{"@type":"ImageObject","@id":"https:\/\/www.sicilyaction.com\/#logo","inLanguage":"fr-FR","url":"https:\/\/www.sicilyaction.com\/wp-content\/uploads\/2015\/10\/logo_action2.png","contentUrl":"https:\/\/www.sicilyaction.com\/wp-content\/uploads\/2015\/10\/logo_action2.png","width":300,"height":450,"caption":"Sicily Action"},"image":{"@id":"https:\/\/www.sicilyaction.com\/#logo"}},{"@type":"WebSite","@id":"https:\/\/www.sicilyaction.com\/#website","url":"https:\/\/www.sicilyaction.com\/","name":"Sicily Action","description":"Temabulding Sicily","publisher":{"@id":"https:\/\/www.sicilyaction.com\/#organization"},"potentialAction":[{"@type":"SearchAction","target":{"@type":"EntryPoint","urlTemplate":"https:\/\/www.sicilyaction.com\/?s={search_term_string}"},"query-input":"required name=search_term_string"}],"inLanguage":"fr-FR"},{"@type":"ImageObject","@id":"https:\/\/www.sicilyaction.com\/de\/team-building\/adventure-park\/#primaryimage","inLanguage":"fr-FR","url":"https:\/\/www.sicilyaction.com\/wp-content\/uploads\/2015\/11\/shutterstock_66901048-e1453117287539.jpg","contentUrl":"https:\/\/www.sicilyaction.com\/wp-content\/uploads\/2015\/11\/shutterstock_66901048-e1453117287539.jpg","width":800,"height":655,"caption":"Adventure Park Sicily"},{"@type":"WebPage","@id":"https:\/\/www.sicilyaction.com\/de\/team-building\/adventure-park\/#webpage","url":"https:\/\/www.sicilyaction.com\/de\/team-building\/adventure-park\/","name":"Adventure Park Etna - Volcano Etna - Sicily","isPartOf":{"@id":"https:\/\/www.sicilyaction.com\/#website"},"primaryImageOfPage":{"@id":"https:\/\/www.sicilyaction.com\/de\/team-building\/adventure-park\/#primaryimage"},"datePublished":"2015-11-22T16:29:09+00:00","dateModified":"2020-01-15T13:42:32+00:00","description":"Adventure Park Sicily develop an innovative and exciting team building program set amongst the woods on the slopes of vulcano Etna.","breadcrumb":{"@id":"https:\/\/www.sicilyaction.com\/de\/team-building\/adventure-park\/#breadcrumb"},"inLanguage":"fr-FR","potentialAction":[{"@type":"ReadAction","target":["https:\/\/www.sicilyaction.com\/de\/team-building\/adventure-park\/"]}]},{"@type":"BreadcrumbList","@id":"https:\/\/www.sicilyaction.com\/de\/team-building\/adventure-park\/#breadcrumb","itemListElement":[{"@type":"ListItem","position":1,"name":"Home","item":"https:\/\/www.sicilyaction.com\/"},{"@type":"ListItem","position":2,"name":"Team Building","item":"https:\/\/www.sicilyaction.com\/de\/team-building\/"},{"@type":"ListItem","position":3,"name":"Adventure Park"}]}]}},"_links":{"self":[{"href":"https:\/\/www.sicilyaction.com\/fr\/wp-json\/wp\/v2\/pages\/331"}],"collection":[{"href":"https:\/\/www.sicilyaction.com\/fr\/wp-json\/wp\/v2\/pages"}],"about":[{"href":"https:\/\/www.sicilyaction.com\/fr\/wp-json\/wp\/v2\/types\/page"}],"author":[{"embeddable":true,"href":"https:\/\/www.sicilyaction.com\/fr\/wp-json\/wp\/v2\/users\/1"}],"replies":[{"embeddable":true,"href":"https:\/\/www.sicilyaction.com\/fr\/wp-json\/wp\/v2\/comments?post=331"}],"version-history":[{"count":21,"href":"https:\/\/www.sicilyaction.com\/fr\/wp-json\/wp\/v2\/pages\/331\/revisions"}],"predecessor-version":[{"id":1146,"href":"https:\/\/www.sicilyaction.com\/fr\/wp-json\/wp\/v2\/pages\/331\/revisions\/1146"}],"up":[{"embeddable":true,"href":"https:\/\/www.sicilyaction.com\/fr\/wp-json\/wp\/v2\/pages\/240"}],"wp:featuredmedia":[{"embeddable":true,"href":"https:\/\/www.sicilyaction.com\/fr\/wp-json\/wp\/v2\/media\/413"}],"wp:attachment":[{"href":"https:\/\/www.sicilyaction.com\/fr\/wp-json\/wp\/v2\/media?parent=331"}],"curies":[{"name":"wp","href":"https:\/\/api.w.org\/{rel}","templated":true}]}}