{"id":268,"date":"2015-11-21T14:59:34","date_gmt":"2015-11-21T13:59:34","guid":{"rendered":"https:\/\/www.sicilyaction.com\/?page_id=268"},"modified":"2020-01-15T14:42:55","modified_gmt":"2020-01-15T13:42:55","slug":"sicilian-cooking-classes","status":"publish","type":"page","link":"https:\/\/www.sicilyaction.com\/fr\/team-building\/sicilian-cooking-classes\/","title":{"rendered":"Cours de cuisine sicilienne"},"content":{"rendered":"<p><img loading=\"lazy\" src=\"https:\/\/www.sicilyaction.com\/wp-content\/uploads\/2016\/01\/shutterstock_192076820.jpg\" alt=\"Sicilian Cooking Classe\" width=\"200\" height=\"133\" class=\"alignleft size-full wp-image-783\" \/><strong>Sicilian Cooking Classes<\/strong> La cuisine sicilienne est le r\u00e9sultat de l&rsquo;influence de nombreuses civilisations qui ont gouvern\u00e9 l&rsquo;\u00eele et que au fil des si\u00e8cles l\u2019ont faite riche, saine, simple et savoureuse. Les anciennes recettes, transmises oralement et la connaissance acquis au fil du temps, vous permettrons d&rsquo;apprendre \u00e0 cr\u00e9er des plats originaux et savoureux. Vous\u00a0cuisinerez uniquement avec des produits \u201ckilom\u00e8tre z\u00e9ro\u201d et toujours frais, de saison, pour retrouver l&rsquo;ar\u00f4me et les saveurs typiques de la di\u00e8te m\u00e9diterran\u00e9enne.<\/p>\n<h3 style=\"text-align: right;\">Sicilian Cooking Classes<\/h3>\n<p><\/p>","protected":false},"excerpt":{"rendered":"<p>Sicilian Cooking Classes La cuisine sicilienne est le r\u00e9sultat de l&rsquo;influence de nombreuses civilisations qui ont gouvern\u00e9 l&rsquo;\u00eele et que au fil des si\u00e8cles l\u2019ont faite riche, saine, simple et <a href=\"https:\/\/www.sicilyaction.com\/fr\/team-building\/sicilian-cooking-classes\/\" class=\"more-link\">[&#8230;]<\/a><\/p>\n","protected":false},"author":1,"featured_media":923,"parent":240,"menu_order":0,"comment_status":"closed","ping_status":"closed","template":"template-sidebar.php","meta":[],"yoast_head":"<!-- This site is optimized with the Yoast SEO plugin v18.2 - https:\/\/yoast.com\/wordpress\/plugins\/seo\/ -->\n<title>Sicilian Cooking Classes - Team Building Sicily<\/title>\n<meta name=\"description\" content=\"Sicilian Cooking Classes -\u00a0show you the richness of the Sicilian cuisine which is the result of the many influences given during the civilization\" \/>\n<meta name=\"robots\" content=\"index, follow, max-snippet:-1, max-image-preview:large, max-video-preview:-1\" \/>\n<link rel=\"canonical\" href=\"https:\/\/www.sicilyaction.com\/de\/team-building\/sicilian-cooking-classes\/\" \/>\n<meta property=\"og:locale\" content=\"fr_FR\" \/>\n<meta property=\"og:type\" content=\"article\" \/>\n<meta property=\"og:title\" content=\"Sicilian Cooking Classes - Team Building Sicily\" \/>\n<meta property=\"og:description\" content=\"Sicilian Cooking Classes -\u00a0show you the richness of the Sicilian cuisine which is the result of the many influences given during the civilization\" \/>\n<meta property=\"og:url\" content=\"https:\/\/www.sicilyaction.com\/de\/team-building\/sicilian-cooking-classes\/\" \/>\n<meta property=\"og:site_name\" content=\"Sicily Action\" \/>\n<meta property=\"article:publisher\" content=\"https:\/\/www.facebook.com\/sicilyaction\/\" \/>\n<meta property=\"article:modified_time\" content=\"2020-01-15T13:42:55+00:00\" \/>\n<meta property=\"og:image\" content=\"https:\/\/www.sicilyaction.com\/wp-content\/uploads\/2016\/01\/shutterstock_304247615.jpg\" \/>\n\t<meta property=\"og:image:width\" content=\"1440\" \/>\n\t<meta property=\"og:image:height\" content=\"960\" \/>\n\t<meta property=\"og:image:type\" content=\"image\/jpeg\" \/>\n<meta name=\"twitter:card\" content=\"summary\" \/>\n<meta name=\"twitter:label1\" content=\"Dur\u00e9e de lecture estim\u00e9e\" \/>\n\t<meta name=\"twitter:data1\" content=\"1 minute\" \/>\n<script type=\"application\/ld+json\" class=\"yoast-schema-graph\">{\"@context\":\"https:\/\/schema.org\",\"@graph\":[{\"@type\":\"Organization\",\"@id\":\"https:\/\/www.sicilyaction.com\/#organization\",\"name\":\"Sicily Action\",\"url\":\"https:\/\/www.sicilyaction.com\/\",\"sameAs\":[\"https:\/\/www.facebook.com\/sicilyaction\/\"],\"logo\":{\"@type\":\"ImageObject\",\"@id\":\"https:\/\/www.sicilyaction.com\/#logo\",\"inLanguage\":\"fr-FR\",\"url\":\"https:\/\/www.sicilyaction.com\/wp-content\/uploads\/2015\/10\/logo_action2.png\",\"contentUrl\":\"https:\/\/www.sicilyaction.com\/wp-content\/uploads\/2015\/10\/logo_action2.png\",\"width\":300,\"height\":450,\"caption\":\"Sicily Action\"},\"image\":{\"@id\":\"https:\/\/www.sicilyaction.com\/#logo\"}},{\"@type\":\"WebSite\",\"@id\":\"https:\/\/www.sicilyaction.com\/#website\",\"url\":\"https:\/\/www.sicilyaction.com\/\",\"name\":\"Sicily Action\",\"description\":\"Temabulding Sicily\",\"publisher\":{\"@id\":\"https:\/\/www.sicilyaction.com\/#organization\"},\"potentialAction\":[{\"@type\":\"SearchAction\",\"target\":{\"@type\":\"EntryPoint\",\"urlTemplate\":\"https:\/\/www.sicilyaction.com\/?s={search_term_string}\"},\"query-input\":\"required name=search_term_string\"}],\"inLanguage\":\"fr-FR\"},{\"@type\":\"ImageObject\",\"@id\":\"https:\/\/www.sicilyaction.com\/de\/team-building\/sicilian-cooking-classes\/#primaryimage\",\"inLanguage\":\"fr-FR\",\"url\":\"https:\/\/www.sicilyaction.com\/wp-content\/uploads\/2016\/01\/shutterstock_304247615.jpg\",\"contentUrl\":\"https:\/\/www.sicilyaction.com\/wp-content\/uploads\/2016\/01\/shutterstock_304247615.jpg\",\"width\":1440,\"height\":960,\"caption\":\"Sicilian Cooking Classe\"},{\"@type\":\"WebPage\",\"@id\":\"https:\/\/www.sicilyaction.com\/de\/team-building\/sicilian-cooking-classes\/#webpage\",\"url\":\"https:\/\/www.sicilyaction.com\/de\/team-building\/sicilian-cooking-classes\/\",\"name\":\"Sicilian Cooking Classes - Team Building Sicily\",\"isPartOf\":{\"@id\":\"https:\/\/www.sicilyaction.com\/#website\"},\"primaryImageOfPage\":{\"@id\":\"https:\/\/www.sicilyaction.com\/de\/team-building\/sicilian-cooking-classes\/#primaryimage\"},\"datePublished\":\"2015-11-21T13:59:34+00:00\",\"dateModified\":\"2020-01-15T13:42:55+00:00\",\"description\":\"Sicilian Cooking Classes -\u00a0show you the richness of the Sicilian cuisine which is the result of the many influences given during the civilization\",\"breadcrumb\":{\"@id\":\"https:\/\/www.sicilyaction.com\/de\/team-building\/sicilian-cooking-classes\/#breadcrumb\"},\"inLanguage\":\"fr-FR\",\"potentialAction\":[{\"@type\":\"ReadAction\",\"target\":[\"https:\/\/www.sicilyaction.com\/de\/team-building\/sicilian-cooking-classes\/\"]}]},{\"@type\":\"BreadcrumbList\",\"@id\":\"https:\/\/www.sicilyaction.com\/de\/team-building\/sicilian-cooking-classes\/#breadcrumb\",\"itemListElement\":[{\"@type\":\"ListItem\",\"position\":1,\"name\":\"Home\",\"item\":\"https:\/\/www.sicilyaction.com\/\"},{\"@type\":\"ListItem\",\"position\":2,\"name\":\"Team Building\",\"item\":\"https:\/\/www.sicilyaction.com\/de\/team-building\/\"},{\"@type\":\"ListItem\",\"position\":3,\"name\":\"Sizilianische Kochkurse\"}]}]}<\/script>\n<!-- \/ Yoast SEO plugin. -->","yoast_head_json":{"title":"Sicilian Cooking Classes - Team Building Sicily","description":"Sicilian Cooking Classes -\u00a0show you the richness of the Sicilian cuisine which is the result of the many influences given during the civilization","robots":{"index":"index","follow":"follow","max-snippet":"max-snippet:-1","max-image-preview":"max-image-preview:large","max-video-preview":"max-video-preview:-1"},"canonical":"https:\/\/www.sicilyaction.com\/de\/team-building\/sicilian-cooking-classes\/","og_locale":"fr_FR","og_type":"article","og_title":"Sicilian Cooking Classes - Team Building Sicily","og_description":"Sicilian Cooking Classes -\u00a0show you the richness of the Sicilian cuisine which is the result of the many influences given during the civilization","og_url":"https:\/\/www.sicilyaction.com\/de\/team-building\/sicilian-cooking-classes\/","og_site_name":"Sicily Action","article_publisher":"https:\/\/www.facebook.com\/sicilyaction\/","article_modified_time":"2020-01-15T13:42:55+00:00","og_image":[{"width":1440,"height":960,"url":"https:\/\/www.sicilyaction.com\/wp-content\/uploads\/2016\/01\/shutterstock_304247615.jpg","type":"image\/jpeg"}],"twitter_card":"summary","twitter_misc":{"Dur\u00e9e de lecture estim\u00e9e":"1 minute"},"schema":{"@context":"https:\/\/schema.org","@graph":[{"@type":"Organization","@id":"https:\/\/www.sicilyaction.com\/#organization","name":"Sicily Action","url":"https:\/\/www.sicilyaction.com\/","sameAs":["https:\/\/www.facebook.com\/sicilyaction\/"],"logo":{"@type":"ImageObject","@id":"https:\/\/www.sicilyaction.com\/#logo","inLanguage":"fr-FR","url":"https:\/\/www.sicilyaction.com\/wp-content\/uploads\/2015\/10\/logo_action2.png","contentUrl":"https:\/\/www.sicilyaction.com\/wp-content\/uploads\/2015\/10\/logo_action2.png","width":300,"height":450,"caption":"Sicily Action"},"image":{"@id":"https:\/\/www.sicilyaction.com\/#logo"}},{"@type":"WebSite","@id":"https:\/\/www.sicilyaction.com\/#website","url":"https:\/\/www.sicilyaction.com\/","name":"Sicily Action","description":"Temabulding Sicily","publisher":{"@id":"https:\/\/www.sicilyaction.com\/#organization"},"potentialAction":[{"@type":"SearchAction","target":{"@type":"EntryPoint","urlTemplate":"https:\/\/www.sicilyaction.com\/?s={search_term_string}"},"query-input":"required name=search_term_string"}],"inLanguage":"fr-FR"},{"@type":"ImageObject","@id":"https:\/\/www.sicilyaction.com\/de\/team-building\/sicilian-cooking-classes\/#primaryimage","inLanguage":"fr-FR","url":"https:\/\/www.sicilyaction.com\/wp-content\/uploads\/2016\/01\/shutterstock_304247615.jpg","contentUrl":"https:\/\/www.sicilyaction.com\/wp-content\/uploads\/2016\/01\/shutterstock_304247615.jpg","width":1440,"height":960,"caption":"Sicilian Cooking Classe"},{"@type":"WebPage","@id":"https:\/\/www.sicilyaction.com\/de\/team-building\/sicilian-cooking-classes\/#webpage","url":"https:\/\/www.sicilyaction.com\/de\/team-building\/sicilian-cooking-classes\/","name":"Sicilian Cooking Classes - Team Building Sicily","isPartOf":{"@id":"https:\/\/www.sicilyaction.com\/#website"},"primaryImageOfPage":{"@id":"https:\/\/www.sicilyaction.com\/de\/team-building\/sicilian-cooking-classes\/#primaryimage"},"datePublished":"2015-11-21T13:59:34+00:00","dateModified":"2020-01-15T13:42:55+00:00","description":"Sicilian Cooking Classes -\u00a0show you the richness of the Sicilian cuisine which is the result of the many influences given during the civilization","breadcrumb":{"@id":"https:\/\/www.sicilyaction.com\/de\/team-building\/sicilian-cooking-classes\/#breadcrumb"},"inLanguage":"fr-FR","potentialAction":[{"@type":"ReadAction","target":["https:\/\/www.sicilyaction.com\/de\/team-building\/sicilian-cooking-classes\/"]}]},{"@type":"BreadcrumbList","@id":"https:\/\/www.sicilyaction.com\/de\/team-building\/sicilian-cooking-classes\/#breadcrumb","itemListElement":[{"@type":"ListItem","position":1,"name":"Home","item":"https:\/\/www.sicilyaction.com\/"},{"@type":"ListItem","position":2,"name":"Team Building","item":"https:\/\/www.sicilyaction.com\/de\/team-building\/"},{"@type":"ListItem","position":3,"name":"Sizilianische Kochkurse"}]}]}},"_links":{"self":[{"href":"https:\/\/www.sicilyaction.com\/fr\/wp-json\/wp\/v2\/pages\/268"}],"collection":[{"href":"https:\/\/www.sicilyaction.com\/fr\/wp-json\/wp\/v2\/pages"}],"about":[{"href":"https:\/\/www.sicilyaction.com\/fr\/wp-json\/wp\/v2\/types\/page"}],"author":[{"embeddable":true,"href":"https:\/\/www.sicilyaction.com\/fr\/wp-json\/wp\/v2\/users\/1"}],"replies":[{"embeddable":true,"href":"https:\/\/www.sicilyaction.com\/fr\/wp-json\/wp\/v2\/comments?post=268"}],"version-history":[{"count":33,"href":"https:\/\/www.sicilyaction.com\/fr\/wp-json\/wp\/v2\/pages\/268\/revisions"}],"predecessor-version":[{"id":1147,"href":"https:\/\/www.sicilyaction.com\/fr\/wp-json\/wp\/v2\/pages\/268\/revisions\/1147"}],"up":[{"embeddable":true,"href":"https:\/\/www.sicilyaction.com\/fr\/wp-json\/wp\/v2\/pages\/240"}],"wp:featuredmedia":[{"embeddable":true,"href":"https:\/\/www.sicilyaction.com\/fr\/wp-json\/wp\/v2\/media\/923"}],"wp:attachment":[{"href":"https:\/\/www.sicilyaction.com\/fr\/wp-json\/wp\/v2\/media?parent=268"}],"curies":[{"name":"wp","href":"https:\/\/api.w.org\/{rel}","templated":true}]}}