{"id":264,"date":"2015-11-22T18:11:11","date_gmt":"2015-11-22T17:11:11","guid":{"rendered":"https:\/\/www.sicilyaction.com\/?page_id=264"},"modified":"2020-01-15T12:53:09","modified_gmt":"2020-01-15T11:53:09","slug":"paragliding","status":"publish","type":"page","link":"https:\/\/www.sicilyaction.com\/fr\/corportate-events\/paragliding\/","title":{"rendered":"Parapente"},"content":{"rendered":"<p><img loading=\"lazy\" src=\"https:\/\/www.sicilyaction.com\/wp-content\/uploads\/2016\/01\/shutterstock_324632465.jpg\" alt=\"Paragliding Sicily\" width=\"200\" height=\"133\" class=\"alignleft size-full wp-image-845\" \/><strong>Paragliding Sicily<\/strong>, le parapente est une des fa\u00e7ons les plus belles pour voler, d\u00e9couvrir le plaisir de la voile en douceur dans l&rsquo;air.\u00a0Vous serez accompagn\u00e9s par des instructeurs exp\u00e9riment\u00e9s \u00e0 travers des paysages \u00e0 couper le souffle.\u00a0Assis dans un harnais confortable, apr\u00e8s une courte course vous quitterez le sol pour voler, avec une l\u00e9g\u00e8re brise sur votre visage et un sentiment de s\u00e9curit\u00e9, la stabilit\u00e9 et la simplicit\u00e9 du parapente vous ferons sentir\u00a0libres. Apr\u00e8s un beau vol, vous atterrissez\u00a0sans avoir \u00e0 faire quoi que ce soit, vous regardez vers le haut, o\u00f9 vous \u00e9tiez juste avant, avec l&rsquo;envie de le refaire.<\/p>\n<h3 style=\"text-align: right;\">Paragliding<\/h3>\n<p><\/p>","protected":false},"excerpt":{"rendered":"<p>Paragliding Sicily, le parapente est une des fa\u00e7ons les plus belles pour voler, d\u00e9couvrir le plaisir de la voile en douceur dans l&rsquo;air.\u00a0Vous serez accompagn\u00e9s par des instructeurs exp\u00e9riment\u00e9s \u00e0 <a href=\"https:\/\/www.sicilyaction.com\/fr\/corportate-events\/paragliding\/\" class=\"more-link\">[&#8230;]<\/a><\/p>\n","protected":false},"author":1,"featured_media":418,"parent":252,"menu_order":0,"comment_status":"closed","ping_status":"closed","template":"template-sidebar.php","meta":[],"yoast_head":"<!-- This site is optimized with the Yoast SEO plugin v18.2 - https:\/\/yoast.com\/wordpress\/plugins\/seo\/ -->\n<title>Paragliding - Paragliding Sicily - Adventure Flying in Sicily\u00a0<\/title>\n<meta name=\"description\" content=\"Paragliding is one of the most beautiful ways to fly, you will discover the thrill of gently sailing in the air.\u00a0You will be followed by professionals...\" \/>\n<meta name=\"robots\" content=\"index, follow, max-snippet:-1, max-image-preview:large, max-video-preview:-1\" \/>\n<link rel=\"canonical\" href=\"https:\/\/www.sicilyaction.com\/corportate-events\/paragliding\/\" \/>\n<meta property=\"og:locale\" content=\"fr_FR\" \/>\n<meta property=\"og:type\" content=\"article\" \/>\n<meta property=\"og:title\" content=\"Paragliding - Paragliding Sicily - Adventure Flying in Sicily\u00a0\" \/>\n<meta property=\"og:description\" content=\"Paragliding is one of the most beautiful ways to fly, you will discover the thrill of gently sailing in the air.\u00a0You will be followed by professionals...\" \/>\n<meta property=\"og:url\" content=\"https:\/\/www.sicilyaction.com\/corportate-events\/paragliding\/\" \/>\n<meta property=\"og:site_name\" content=\"Sicily Action\" \/>\n<meta property=\"article:publisher\" content=\"https:\/\/www.facebook.com\/sicilyaction\/\" \/>\n<meta property=\"article:modified_time\" content=\"2020-01-15T11:53:09+00:00\" \/>\n<meta property=\"og:image\" content=\"https:\/\/www.sicilyaction.com\/wp-content\/uploads\/2015\/11\/shutterstock_270070268-e1453117189706.jpg\" \/>\n\t<meta property=\"og:image:width\" content=\"800\" \/>\n\t<meta property=\"og:image:height\" content=\"533\" \/>\n\t<meta property=\"og:image:type\" content=\"image\/jpeg\" \/>\n<meta name=\"twitter:card\" content=\"summary\" \/>\n<meta name=\"twitter:label1\" content=\"Dur\u00e9e de lecture estim\u00e9e\" \/>\n\t<meta name=\"twitter:data1\" content=\"2 minutes\" \/>\n<script type=\"application\/ld+json\" class=\"yoast-schema-graph\">{\"@context\":\"https:\/\/schema.org\",\"@graph\":[{\"@type\":\"Organization\",\"@id\":\"https:\/\/www.sicilyaction.com\/#organization\",\"name\":\"Sicily Action\",\"url\":\"https:\/\/www.sicilyaction.com\/\",\"sameAs\":[\"https:\/\/www.facebook.com\/sicilyaction\/\"],\"logo\":{\"@type\":\"ImageObject\",\"@id\":\"https:\/\/www.sicilyaction.com\/#logo\",\"inLanguage\":\"fr-FR\",\"url\":\"https:\/\/www.sicilyaction.com\/wp-content\/uploads\/2015\/10\/logo_action2.png\",\"contentUrl\":\"https:\/\/www.sicilyaction.com\/wp-content\/uploads\/2015\/10\/logo_action2.png\",\"width\":300,\"height\":450,\"caption\":\"Sicily Action\"},\"image\":{\"@id\":\"https:\/\/www.sicilyaction.com\/#logo\"}},{\"@type\":\"WebSite\",\"@id\":\"https:\/\/www.sicilyaction.com\/#website\",\"url\":\"https:\/\/www.sicilyaction.com\/\",\"name\":\"Sicily Action\",\"description\":\"Temabulding Sicily\",\"publisher\":{\"@id\":\"https:\/\/www.sicilyaction.com\/#organization\"},\"potentialAction\":[{\"@type\":\"SearchAction\",\"target\":{\"@type\":\"EntryPoint\",\"urlTemplate\":\"https:\/\/www.sicilyaction.com\/?s={search_term_string}\"},\"query-input\":\"required name=search_term_string\"}],\"inLanguage\":\"fr-FR\"},{\"@type\":\"ImageObject\",\"@id\":\"https:\/\/www.sicilyaction.com\/corportate-events\/paragliding\/#primaryimage\",\"inLanguage\":\"fr-FR\",\"url\":\"https:\/\/www.sicilyaction.com\/wp-content\/uploads\/2015\/11\/shutterstock_270070268-e1453117189706.jpg\",\"contentUrl\":\"https:\/\/www.sicilyaction.com\/wp-content\/uploads\/2015\/11\/shutterstock_270070268-e1453117189706.jpg\",\"width\":800,\"height\":533,\"caption\":\"Paragliding Sicily\"},{\"@type\":\"WebPage\",\"@id\":\"https:\/\/www.sicilyaction.com\/corportate-events\/paragliding\/#webpage\",\"url\":\"https:\/\/www.sicilyaction.com\/corportate-events\/paragliding\/\",\"name\":\"Paragliding - Paragliding Sicily - Adventure Flying in Sicily\u00a0\",\"isPartOf\":{\"@id\":\"https:\/\/www.sicilyaction.com\/#website\"},\"primaryImageOfPage\":{\"@id\":\"https:\/\/www.sicilyaction.com\/corportate-events\/paragliding\/#primaryimage\"},\"datePublished\":\"2015-11-22T17:11:11+00:00\",\"dateModified\":\"2020-01-15T11:53:09+00:00\",\"description\":\"Paragliding is one of the most beautiful ways to fly, you will discover the thrill of gently sailing in the air.\u00a0You will be followed by professionals...\",\"breadcrumb\":{\"@id\":\"https:\/\/www.sicilyaction.com\/corportate-events\/paragliding\/#breadcrumb\"},\"inLanguage\":\"fr-FR\",\"potentialAction\":[{\"@type\":\"ReadAction\",\"target\":[\"https:\/\/www.sicilyaction.com\/corportate-events\/paragliding\/\"]}]},{\"@type\":\"BreadcrumbList\",\"@id\":\"https:\/\/www.sicilyaction.com\/corportate-events\/paragliding\/#breadcrumb\",\"itemListElement\":[{\"@type\":\"ListItem\",\"position\":1,\"name\":\"Home\",\"item\":\"https:\/\/www.sicilyaction.com\/\"},{\"@type\":\"ListItem\",\"position\":2,\"name\":\"Corporate Events Sicily\",\"item\":\"https:\/\/www.sicilyaction.com\/corportate-events\/\"},{\"@type\":\"ListItem\",\"position\":3,\"name\":\"Paragliding\"}]}]}<\/script>\n<!-- \/ Yoast SEO plugin. -->","yoast_head_json":{"title":"Paragliding - Paragliding Sicily - Adventure Flying in Sicily\u00a0","description":"Paragliding is one of the most beautiful ways to fly, you will discover the thrill of gently sailing in the air.\u00a0You will be followed by professionals...","robots":{"index":"index","follow":"follow","max-snippet":"max-snippet:-1","max-image-preview":"max-image-preview:large","max-video-preview":"max-video-preview:-1"},"canonical":"https:\/\/www.sicilyaction.com\/corportate-events\/paragliding\/","og_locale":"fr_FR","og_type":"article","og_title":"Paragliding - Paragliding Sicily - Adventure Flying in Sicily\u00a0","og_description":"Paragliding is one of the most beautiful ways to fly, you will discover the thrill of gently sailing in the air.\u00a0You will be followed by professionals...","og_url":"https:\/\/www.sicilyaction.com\/corportate-events\/paragliding\/","og_site_name":"Sicily Action","article_publisher":"https:\/\/www.facebook.com\/sicilyaction\/","article_modified_time":"2020-01-15T11:53:09+00:00","og_image":[{"width":800,"height":533,"url":"https:\/\/www.sicilyaction.com\/wp-content\/uploads\/2015\/11\/shutterstock_270070268-e1453117189706.jpg","type":"image\/jpeg"}],"twitter_card":"summary","twitter_misc":{"Dur\u00e9e de lecture estim\u00e9e":"2 minutes"},"schema":{"@context":"https:\/\/schema.org","@graph":[{"@type":"Organization","@id":"https:\/\/www.sicilyaction.com\/#organization","name":"Sicily Action","url":"https:\/\/www.sicilyaction.com\/","sameAs":["https:\/\/www.facebook.com\/sicilyaction\/"],"logo":{"@type":"ImageObject","@id":"https:\/\/www.sicilyaction.com\/#logo","inLanguage":"fr-FR","url":"https:\/\/www.sicilyaction.com\/wp-content\/uploads\/2015\/10\/logo_action2.png","contentUrl":"https:\/\/www.sicilyaction.com\/wp-content\/uploads\/2015\/10\/logo_action2.png","width":300,"height":450,"caption":"Sicily Action"},"image":{"@id":"https:\/\/www.sicilyaction.com\/#logo"}},{"@type":"WebSite","@id":"https:\/\/www.sicilyaction.com\/#website","url":"https:\/\/www.sicilyaction.com\/","name":"Sicily Action","description":"Temabulding Sicily","publisher":{"@id":"https:\/\/www.sicilyaction.com\/#organization"},"potentialAction":[{"@type":"SearchAction","target":{"@type":"EntryPoint","urlTemplate":"https:\/\/www.sicilyaction.com\/?s={search_term_string}"},"query-input":"required name=search_term_string"}],"inLanguage":"fr-FR"},{"@type":"ImageObject","@id":"https:\/\/www.sicilyaction.com\/corportate-events\/paragliding\/#primaryimage","inLanguage":"fr-FR","url":"https:\/\/www.sicilyaction.com\/wp-content\/uploads\/2015\/11\/shutterstock_270070268-e1453117189706.jpg","contentUrl":"https:\/\/www.sicilyaction.com\/wp-content\/uploads\/2015\/11\/shutterstock_270070268-e1453117189706.jpg","width":800,"height":533,"caption":"Paragliding Sicily"},{"@type":"WebPage","@id":"https:\/\/www.sicilyaction.com\/corportate-events\/paragliding\/#webpage","url":"https:\/\/www.sicilyaction.com\/corportate-events\/paragliding\/","name":"Paragliding - Paragliding Sicily - Adventure Flying in Sicily\u00a0","isPartOf":{"@id":"https:\/\/www.sicilyaction.com\/#website"},"primaryImageOfPage":{"@id":"https:\/\/www.sicilyaction.com\/corportate-events\/paragliding\/#primaryimage"},"datePublished":"2015-11-22T17:11:11+00:00","dateModified":"2020-01-15T11:53:09+00:00","description":"Paragliding is one of the most beautiful ways to fly, you will discover the thrill of gently sailing in the air.\u00a0You will be followed by professionals...","breadcrumb":{"@id":"https:\/\/www.sicilyaction.com\/corportate-events\/paragliding\/#breadcrumb"},"inLanguage":"fr-FR","potentialAction":[{"@type":"ReadAction","target":["https:\/\/www.sicilyaction.com\/corportate-events\/paragliding\/"]}]},{"@type":"BreadcrumbList","@id":"https:\/\/www.sicilyaction.com\/corportate-events\/paragliding\/#breadcrumb","itemListElement":[{"@type":"ListItem","position":1,"name":"Home","item":"https:\/\/www.sicilyaction.com\/"},{"@type":"ListItem","position":2,"name":"Corporate Events Sicily","item":"https:\/\/www.sicilyaction.com\/corportate-events\/"},{"@type":"ListItem","position":3,"name":"Paragliding"}]}]}},"_links":{"self":[{"href":"https:\/\/www.sicilyaction.com\/fr\/wp-json\/wp\/v2\/pages\/264"}],"collection":[{"href":"https:\/\/www.sicilyaction.com\/fr\/wp-json\/wp\/v2\/pages"}],"about":[{"href":"https:\/\/www.sicilyaction.com\/fr\/wp-json\/wp\/v2\/types\/page"}],"author":[{"embeddable":true,"href":"https:\/\/www.sicilyaction.com\/fr\/wp-json\/wp\/v2\/users\/1"}],"replies":[{"embeddable":true,"href":"https:\/\/www.sicilyaction.com\/fr\/wp-json\/wp\/v2\/comments?post=264"}],"version-history":[{"count":15,"href":"https:\/\/www.sicilyaction.com\/fr\/wp-json\/wp\/v2\/pages\/264\/revisions"}],"predecessor-version":[{"id":1119,"href":"https:\/\/www.sicilyaction.com\/fr\/wp-json\/wp\/v2\/pages\/264\/revisions\/1119"}],"up":[{"embeddable":true,"href":"https:\/\/www.sicilyaction.com\/fr\/wp-json\/wp\/v2\/pages\/252"}],"wp:featuredmedia":[{"embeddable":true,"href":"https:\/\/www.sicilyaction.com\/fr\/wp-json\/wp\/v2\/media\/418"}],"wp:attachment":[{"href":"https:\/\/www.sicilyaction.com\/fr\/wp-json\/wp\/v2\/media?parent=264"}],"curies":[{"name":"wp","href":"https:\/\/api.w.org\/{rel}","templated":true}]}}