{"id":260,"date":"2015-11-22T17:52:31","date_gmt":"2015-11-22T16:52:31","guid":{"rendered":"https:\/\/www.sicilyaction.com\/?page_id=260"},"modified":"2020-01-15T15:08:35","modified_gmt":"2020-01-15T14:08:35","slug":"orienteering","status":"publish","type":"page","link":"https:\/\/www.sicilyaction.com\/fr\/team-building\/orienteering\/","title":{"rendered":"Orientation"},"content":{"rendered":"<p><img loading=\"lazy\" class=\"alignleft size-full wp-image-773\" src=\"https:\/\/www.sicilyaction.com\/wp-content\/uploads\/2016\/01\/shutterstock_295944836.jpg\" alt=\"Orienteering Sicily\" width=\"200\" height=\"133\" \/><strong>Orienteering Sicily<\/strong>&#8230; La course d&rsquo;orientation est une exp\u00e9rience agr\u00e9able qui encourage les participants \u00e0 \u00e9tablir des relations solides, prendre des d\u00e9cisions et trouver des points de r\u00e9f\u00e9rence.\u00a0L&rsquo;\u00e9quipe, avec un certain nombre d&rsquo;instruments (tels que les boussoles et cartes), doit d\u00e9couvrir les points de rep\u00e8re pour s&rsquo;orienter. Le succ\u00e8s de l&rsquo;\u00e9quipe d\u00e9pendra de la capacit\u00e9 de chaque composant de travailler en groupe.\u00a0Cette activit\u00e9 est con\u00e7ue pour les groupes qui veulent passer une journ\u00e9e ou au moins quelques heures en contact avec la nature en cr\u00e9ant l&rsquo;harmonie au sein du groupe.<\/p>\n<h3 style=\"text-align: right;\">Orienteering Sicily<\/h3>\n<p><\/p>","protected":false},"excerpt":{"rendered":"<p>Orienteering Sicily&#8230; La course d&rsquo;orientation est une exp\u00e9rience agr\u00e9able qui encourage les participants \u00e0 \u00e9tablir des relations solides, prendre des d\u00e9cisions et trouver des points de r\u00e9f\u00e9rence.\u00a0L&rsquo;\u00e9quipe, avec un certain <a href=\"https:\/\/www.sicilyaction.com\/fr\/team-building\/orienteering\/\" class=\"more-link\">[&#8230;]<\/a><\/p>\n","protected":false},"author":1,"featured_media":412,"parent":240,"menu_order":0,"comment_status":"closed","ping_status":"closed","template":"template-sidebar.php","meta":[],"yoast_head":"<!-- This site is optimized with the Yoast SEO plugin v18.2 - https:\/\/yoast.com\/wordpress\/plugins\/seo\/ -->\n<title>Orienteering Sicily - Team Building Sicily<\/title>\n<meta name=\"description\" content=\"Orienteering Sicily -\u00a0is an\u00a0enjoyable experience that encourages all participants to build strong relationships, resolutions\u00a0and landmarks.\" \/>\n<meta name=\"robots\" content=\"index, follow, max-snippet:-1, max-image-preview:large, max-video-preview:-1\" \/>\n<link rel=\"canonical\" href=\"https:\/\/www.sicilyaction.com\/de\/team-building\/orienteering\/\" \/>\n<meta property=\"og:locale\" content=\"fr_FR\" \/>\n<meta property=\"og:type\" content=\"article\" \/>\n<meta property=\"og:title\" content=\"Orienteering Sicily - Team Building Sicily\" \/>\n<meta property=\"og:description\" content=\"Orienteering Sicily -\u00a0is an\u00a0enjoyable experience that encourages all participants to build strong relationships, resolutions\u00a0and landmarks.\" \/>\n<meta property=\"og:url\" content=\"https:\/\/www.sicilyaction.com\/de\/team-building\/orienteering\/\" \/>\n<meta property=\"og:site_name\" content=\"Sicily Action\" \/>\n<meta property=\"article:publisher\" content=\"https:\/\/www.facebook.com\/sicilyaction\/\" \/>\n<meta property=\"article:modified_time\" content=\"2020-01-15T14:08:35+00:00\" \/>\n<meta property=\"og:image\" content=\"https:\/\/www.sicilyaction.com\/wp-content\/uploads\/2015\/11\/shutterstock_297544079-e1453117171370.jpg\" \/>\n\t<meta property=\"og:image:width\" content=\"800\" \/>\n\t<meta property=\"og:image:height\" content=\"533\" \/>\n\t<meta property=\"og:image:type\" content=\"image\/jpeg\" \/>\n<meta name=\"twitter:card\" content=\"summary\" \/>\n<meta name=\"twitter:label1\" content=\"Dur\u00e9e de lecture estim\u00e9e\" \/>\n\t<meta name=\"twitter:data1\" content=\"2 minutes\" \/>\n<script type=\"application\/ld+json\" class=\"yoast-schema-graph\">{\"@context\":\"https:\/\/schema.org\",\"@graph\":[{\"@type\":\"Organization\",\"@id\":\"https:\/\/www.sicilyaction.com\/#organization\",\"name\":\"Sicily Action\",\"url\":\"https:\/\/www.sicilyaction.com\/\",\"sameAs\":[\"https:\/\/www.facebook.com\/sicilyaction\/\"],\"logo\":{\"@type\":\"ImageObject\",\"@id\":\"https:\/\/www.sicilyaction.com\/#logo\",\"inLanguage\":\"fr-FR\",\"url\":\"https:\/\/www.sicilyaction.com\/wp-content\/uploads\/2015\/10\/logo_action2.png\",\"contentUrl\":\"https:\/\/www.sicilyaction.com\/wp-content\/uploads\/2015\/10\/logo_action2.png\",\"width\":300,\"height\":450,\"caption\":\"Sicily Action\"},\"image\":{\"@id\":\"https:\/\/www.sicilyaction.com\/#logo\"}},{\"@type\":\"WebSite\",\"@id\":\"https:\/\/www.sicilyaction.com\/#website\",\"url\":\"https:\/\/www.sicilyaction.com\/\",\"name\":\"Sicily Action\",\"description\":\"Temabulding Sicily\",\"publisher\":{\"@id\":\"https:\/\/www.sicilyaction.com\/#organization\"},\"potentialAction\":[{\"@type\":\"SearchAction\",\"target\":{\"@type\":\"EntryPoint\",\"urlTemplate\":\"https:\/\/www.sicilyaction.com\/?s={search_term_string}\"},\"query-input\":\"required name=search_term_string\"}],\"inLanguage\":\"fr-FR\"},{\"@type\":\"ImageObject\",\"@id\":\"https:\/\/www.sicilyaction.com\/de\/team-building\/orienteering\/#primaryimage\",\"inLanguage\":\"fr-FR\",\"url\":\"https:\/\/www.sicilyaction.com\/wp-content\/uploads\/2015\/11\/shutterstock_297544079-e1453117171370.jpg\",\"contentUrl\":\"https:\/\/www.sicilyaction.com\/wp-content\/uploads\/2015\/11\/shutterstock_297544079-e1453117171370.jpg\",\"width\":800,\"height\":533,\"caption\":\"Orienteering Sicily\"},{\"@type\":\"WebPage\",\"@id\":\"https:\/\/www.sicilyaction.com\/de\/team-building\/orienteering\/#webpage\",\"url\":\"https:\/\/www.sicilyaction.com\/de\/team-building\/orienteering\/\",\"name\":\"Orienteering Sicily - Team Building Sicily\",\"isPartOf\":{\"@id\":\"https:\/\/www.sicilyaction.com\/#website\"},\"primaryImageOfPage\":{\"@id\":\"https:\/\/www.sicilyaction.com\/de\/team-building\/orienteering\/#primaryimage\"},\"datePublished\":\"2015-11-22T16:52:31+00:00\",\"dateModified\":\"2020-01-15T14:08:35+00:00\",\"description\":\"Orienteering Sicily -\u00a0is an\u00a0enjoyable experience that encourages all participants to build strong relationships, resolutions\u00a0and landmarks.\",\"breadcrumb\":{\"@id\":\"https:\/\/www.sicilyaction.com\/de\/team-building\/orienteering\/#breadcrumb\"},\"inLanguage\":\"fr-FR\",\"potentialAction\":[{\"@type\":\"ReadAction\",\"target\":[\"https:\/\/www.sicilyaction.com\/de\/team-building\/orienteering\/\"]}]},{\"@type\":\"BreadcrumbList\",\"@id\":\"https:\/\/www.sicilyaction.com\/de\/team-building\/orienteering\/#breadcrumb\",\"itemListElement\":[{\"@type\":\"ListItem\",\"position\":1,\"name\":\"Home\",\"item\":\"https:\/\/www.sicilyaction.com\/\"},{\"@type\":\"ListItem\",\"position\":2,\"name\":\"Team Building\",\"item\":\"https:\/\/www.sicilyaction.com\/de\/team-building\/\"},{\"@type\":\"ListItem\",\"position\":3,\"name\":\"Orienteering\"}]}]}<\/script>\n<!-- \/ Yoast SEO plugin. -->","yoast_head_json":{"title":"Orienteering Sicily - Team Building Sicily","description":"Orienteering Sicily -\u00a0is an\u00a0enjoyable experience that encourages all participants to build strong relationships, resolutions\u00a0and landmarks.","robots":{"index":"index","follow":"follow","max-snippet":"max-snippet:-1","max-image-preview":"max-image-preview:large","max-video-preview":"max-video-preview:-1"},"canonical":"https:\/\/www.sicilyaction.com\/de\/team-building\/orienteering\/","og_locale":"fr_FR","og_type":"article","og_title":"Orienteering Sicily - Team Building Sicily","og_description":"Orienteering Sicily -\u00a0is an\u00a0enjoyable experience that encourages all participants to build strong relationships, resolutions\u00a0and landmarks.","og_url":"https:\/\/www.sicilyaction.com\/de\/team-building\/orienteering\/","og_site_name":"Sicily Action","article_publisher":"https:\/\/www.facebook.com\/sicilyaction\/","article_modified_time":"2020-01-15T14:08:35+00:00","og_image":[{"width":800,"height":533,"url":"https:\/\/www.sicilyaction.com\/wp-content\/uploads\/2015\/11\/shutterstock_297544079-e1453117171370.jpg","type":"image\/jpeg"}],"twitter_card":"summary","twitter_misc":{"Dur\u00e9e de lecture estim\u00e9e":"2 minutes"},"schema":{"@context":"https:\/\/schema.org","@graph":[{"@type":"Organization","@id":"https:\/\/www.sicilyaction.com\/#organization","name":"Sicily Action","url":"https:\/\/www.sicilyaction.com\/","sameAs":["https:\/\/www.facebook.com\/sicilyaction\/"],"logo":{"@type":"ImageObject","@id":"https:\/\/www.sicilyaction.com\/#logo","inLanguage":"fr-FR","url":"https:\/\/www.sicilyaction.com\/wp-content\/uploads\/2015\/10\/logo_action2.png","contentUrl":"https:\/\/www.sicilyaction.com\/wp-content\/uploads\/2015\/10\/logo_action2.png","width":300,"height":450,"caption":"Sicily Action"},"image":{"@id":"https:\/\/www.sicilyaction.com\/#logo"}},{"@type":"WebSite","@id":"https:\/\/www.sicilyaction.com\/#website","url":"https:\/\/www.sicilyaction.com\/","name":"Sicily Action","description":"Temabulding Sicily","publisher":{"@id":"https:\/\/www.sicilyaction.com\/#organization"},"potentialAction":[{"@type":"SearchAction","target":{"@type":"EntryPoint","urlTemplate":"https:\/\/www.sicilyaction.com\/?s={search_term_string}"},"query-input":"required name=search_term_string"}],"inLanguage":"fr-FR"},{"@type":"ImageObject","@id":"https:\/\/www.sicilyaction.com\/de\/team-building\/orienteering\/#primaryimage","inLanguage":"fr-FR","url":"https:\/\/www.sicilyaction.com\/wp-content\/uploads\/2015\/11\/shutterstock_297544079-e1453117171370.jpg","contentUrl":"https:\/\/www.sicilyaction.com\/wp-content\/uploads\/2015\/11\/shutterstock_297544079-e1453117171370.jpg","width":800,"height":533,"caption":"Orienteering Sicily"},{"@type":"WebPage","@id":"https:\/\/www.sicilyaction.com\/de\/team-building\/orienteering\/#webpage","url":"https:\/\/www.sicilyaction.com\/de\/team-building\/orienteering\/","name":"Orienteering Sicily - Team Building Sicily","isPartOf":{"@id":"https:\/\/www.sicilyaction.com\/#website"},"primaryImageOfPage":{"@id":"https:\/\/www.sicilyaction.com\/de\/team-building\/orienteering\/#primaryimage"},"datePublished":"2015-11-22T16:52:31+00:00","dateModified":"2020-01-15T14:08:35+00:00","description":"Orienteering Sicily -\u00a0is an\u00a0enjoyable experience that encourages all participants to build strong relationships, resolutions\u00a0and landmarks.","breadcrumb":{"@id":"https:\/\/www.sicilyaction.com\/de\/team-building\/orienteering\/#breadcrumb"},"inLanguage":"fr-FR","potentialAction":[{"@type":"ReadAction","target":["https:\/\/www.sicilyaction.com\/de\/team-building\/orienteering\/"]}]},{"@type":"BreadcrumbList","@id":"https:\/\/www.sicilyaction.com\/de\/team-building\/orienteering\/#breadcrumb","itemListElement":[{"@type":"ListItem","position":1,"name":"Home","item":"https:\/\/www.sicilyaction.com\/"},{"@type":"ListItem","position":2,"name":"Team Building","item":"https:\/\/www.sicilyaction.com\/de\/team-building\/"},{"@type":"ListItem","position":3,"name":"Orienteering"}]}]}},"_links":{"self":[{"href":"https:\/\/www.sicilyaction.com\/fr\/wp-json\/wp\/v2\/pages\/260"}],"collection":[{"href":"https:\/\/www.sicilyaction.com\/fr\/wp-json\/wp\/v2\/pages"}],"about":[{"href":"https:\/\/www.sicilyaction.com\/fr\/wp-json\/wp\/v2\/types\/page"}],"author":[{"embeddable":true,"href":"https:\/\/www.sicilyaction.com\/fr\/wp-json\/wp\/v2\/users\/1"}],"replies":[{"embeddable":true,"href":"https:\/\/www.sicilyaction.com\/fr\/wp-json\/wp\/v2\/comments?post=260"}],"version-history":[{"count":21,"href":"https:\/\/www.sicilyaction.com\/fr\/wp-json\/wp\/v2\/pages\/260\/revisions"}],"predecessor-version":[{"id":1152,"href":"https:\/\/www.sicilyaction.com\/fr\/wp-json\/wp\/v2\/pages\/260\/revisions\/1152"}],"up":[{"embeddable":true,"href":"https:\/\/www.sicilyaction.com\/fr\/wp-json\/wp\/v2\/pages\/240"}],"wp:featuredmedia":[{"embeddable":true,"href":"https:\/\/www.sicilyaction.com\/fr\/wp-json\/wp\/v2\/media\/412"}],"wp:attachment":[{"href":"https:\/\/www.sicilyaction.com\/fr\/wp-json\/wp\/v2\/media?parent=260"}],"curies":[{"name":"wp","href":"https:\/\/api.w.org\/{rel}","templated":true}]}}