{"id":252,"date":"2015-11-19T11:08:00","date_gmt":"2015-11-19T10:08:00","guid":{"rendered":"https:\/\/www.sicilyaction.com\/?page_id=252"},"modified":"2020-01-15T14:31:38","modified_gmt":"2020-01-15T13:31:38","slug":"corportate-events","status":"publish","type":"page","link":"https:\/\/www.sicilyaction.com\/fr\/corportate-events\/","title":{"rendered":"\u00c9v\u00e9nements corporatifs"},"content":{"rendered":"<p>Le r\u00e9sultat souhait\u00e9 d&rsquo;un \u00e9v\u00e9nement de team building\u00a0est que soit \u00e0 la fois professionnel et de bon go\u00fbt. L&rsquo;essentiel pour l&rsquo;entreprise et les participants, est de cr\u00e9er une premi\u00e8re impression positive en termes d&rsquo;\u00e9v\u00e9nement d&rsquo;entreprise. Selon l&rsquo;objectif et le style, les events de team buildings\u00a0ont le pouvoir d&rsquo;\u00e9tablir et de renforcer les relations avec les clients et avec la propre \u00e9quipe.<\/p>\n<h3 style=\"text-align: right;\">Corporate Events Sicily<\/h3>\n<p><div id='gallery-4' class='gallery galleryid-252 gallery-columns-4 gallery-size-thumbnail'><figure class='gallery-item'>\n\t\t\t<div class='gallery-icon landscape'>\n\t\t\t\t<a href='https:\/\/www.sicilyaction.com\/wp-content\/uploads\/2016\/01\/shutterstock_61643491-e1453115940121.jpg'><img width=\"150\" height=\"150\" src=\"https:\/\/www.sicilyaction.com\/wp-content\/uploads\/2016\/01\/shutterstock_61643491-150x150.jpg\" class=\"attachment-thumbnail size-thumbnail\" alt=\"Diving Sicily\" loading=\"lazy\" \/><\/a>\n\t\t\t<\/div><\/figure><figure class='gallery-item'>\n\t\t\t<div class='gallery-icon landscape'>\n\t\t\t\t<a href='https:\/\/www.sicilyaction.com\/wp-content\/uploads\/2016\/01\/Diving-Sicily-e1453115931697.jpg'><img width=\"150\" height=\"150\" src=\"https:\/\/www.sicilyaction.com\/wp-content\/uploads\/2016\/01\/Diving-Sicily-150x150.jpg\" class=\"attachment-thumbnail size-thumbnail\" alt=\"Diving Sicily\" loading=\"lazy\" \/><\/a>\n\t\t\t<\/div><\/figure><figure class='gallery-item'>\n\t\t\t<div class='gallery-icon landscape'>\n\t\t\t\t<a href='https:\/\/www.sicilyaction.com\/wp-content\/uploads\/2016\/01\/Paragliding-Sicily-e1453115923809.jpg'><img width=\"150\" height=\"150\" src=\"https:\/\/www.sicilyaction.com\/wp-content\/uploads\/2016\/01\/Paragliding-Sicily-150x150.jpg\" class=\"attachment-thumbnail size-thumbnail\" alt=\"Paragliding Sicily\" loading=\"lazy\" \/><\/a>\n\t\t\t<\/div><\/figure><figure class='gallery-item'>\n\t\t\t<div class='gallery-icon landscape'>\n\t\t\t\t<a href='https:\/\/www.sicilyaction.com\/wp-content\/uploads\/2016\/01\/PAragliding-Sicili-1-e1453115915155.jpg'><img width=\"150\" height=\"150\" src=\"https:\/\/www.sicilyaction.com\/wp-content\/uploads\/2016\/01\/PAragliding-Sicili-1-150x150.jpg\" class=\"attachment-thumbnail size-thumbnail\" alt=\"Paragliding Sicily\" loading=\"lazy\" \/><\/a>\n\t\t\t<\/div><\/figure><figure class='gallery-item'>\n\t\t\t<div class='gallery-icon landscape'>\n\t\t\t\t<a href='https:\/\/www.sicilyaction.com\/wp-content\/uploads\/2016\/01\/MTB-Etna-e1453115907312.jpg'><img width=\"150\" height=\"150\" src=\"https:\/\/www.sicilyaction.com\/wp-content\/uploads\/2016\/01\/MTB-Etna-150x150.jpg\" class=\"attachment-thumbnail size-thumbnail\" alt=\"MTB Etna\" loading=\"lazy\" \/><\/a>\n\t\t\t<\/div><\/figure><figure class='gallery-item'>\n\t\t\t<div class='gallery-icon landscape'>\n\t\t\t\t<a href='https:\/\/www.sicilyaction.com\/wp-content\/uploads\/2016\/01\/MTB-Etna-1-e1453115898105.jpg'><img width=\"150\" height=\"150\" src=\"https:\/\/www.sicilyaction.com\/wp-content\/uploads\/2016\/01\/MTB-Etna-1-150x150.jpg\" class=\"attachment-thumbnail size-thumbnail\" alt=\"MTB Etna\" loading=\"lazy\" \/><\/a>\n\t\t\t<\/div><\/figure><figure class='gallery-item'>\n\t\t\t<div class='gallery-icon landscape'>\n\t\t\t\t<a href='https:\/\/www.sicilyaction.com\/wp-content\/uploads\/2016\/01\/Quad-Adventure-Sicily-e1453115888548.jpg'><img width=\"150\" height=\"150\" src=\"https:\/\/www.sicilyaction.com\/wp-content\/uploads\/2016\/01\/Quad-Adventure-Sicily-150x150.jpg\" class=\"attachment-thumbnail size-thumbnail\" alt=\"Quad Adventure Sicily\" loading=\"lazy\" \/><\/a>\n\t\t\t<\/div><\/figure><figure class='gallery-item'>\n\t\t\t<div class='gallery-icon landscape'>\n\t\t\t\t<a href='https:\/\/www.sicilyaction.com\/wp-content\/uploads\/2016\/01\/shutterstock_228212014-e1453115880675.jpg'><img width=\"150\" height=\"150\" src=\"https:\/\/www.sicilyaction.com\/wp-content\/uploads\/2016\/01\/shutterstock_228212014-150x150.jpg\" class=\"attachment-thumbnail size-thumbnail\" alt=\"Wine Tasting Sicily\" loading=\"lazy\" \/><\/a>\n\t\t\t<\/div><\/figure>\n\t\t<\/div>\n<\/p>","protected":false},"excerpt":{"rendered":"<p>Le r\u00e9sultat souhait\u00e9 d&rsquo;un \u00e9v\u00e9nement de team building\u00a0est que soit \u00e0 la fois professionnel et de bon go\u00fbt. L&rsquo;essentiel pour l&rsquo;entreprise et les participants, est de cr\u00e9er une premi\u00e8re impression <a href=\"https:\/\/www.sicilyaction.com\/fr\/corportate-events\/\" class=\"more-link\">[&#8230;]<\/a><\/p>\n","protected":false},"author":1,"featured_media":424,"parent":0,"menu_order":0,"comment_status":"closed","ping_status":"closed","template":"template-sidebar.php","meta":[],"yoast_head":"<!-- This site is optimized with the Yoast SEO plugin v18.2 - https:\/\/yoast.com\/wordpress\/plugins\/seo\/ -->\n<title>Corporate Events Sicily - Incentive Sicily - Group Events Sicily<\/title>\n<meta name=\"description\" content=\"Corporate Events Sicily - depending on the objective and style, they will have the power to establish and strengthen customer relationships or to reward your employees for the good work and to provide an incentive for their future projects.\" \/>\n<meta name=\"robots\" content=\"index, follow, max-snippet:-1, max-image-preview:large, max-video-preview:-1\" \/>\n<link rel=\"canonical\" href=\"https:\/\/www.sicilyaction.com\/corportate-events\/\" \/>\n<meta property=\"og:locale\" content=\"fr_FR\" \/>\n<meta property=\"og:type\" content=\"article\" \/>\n<meta property=\"og:title\" content=\"Corporate Events Sicily - Incentive Sicily - Group Events Sicily\" \/>\n<meta property=\"og:description\" content=\"Corporate Events Sicily - depending on the objective and style, they will have the power to establish and strengthen customer relationships or to reward your employees for the good work and to provide an incentive for their future projects.\" \/>\n<meta property=\"og:url\" content=\"https:\/\/www.sicilyaction.com\/corportate-events\/\" \/>\n<meta property=\"og:site_name\" content=\"Sicily Action\" \/>\n<meta property=\"article:publisher\" content=\"https:\/\/www.facebook.com\/sicilyaction\/\" \/>\n<meta property=\"article:modified_time\" content=\"2020-01-15T13:31:38+00:00\" \/>\n<meta property=\"og:image\" content=\"https:\/\/www.sicilyaction.com\/wp-content\/uploads\/2015\/11\/shutterstock_148189043.jpg\" \/>\n\t<meta property=\"og:image:width\" content=\"1200\" \/>\n\t<meta property=\"og:image:height\" content=\"801\" \/>\n\t<meta property=\"og:image:type\" content=\"image\/jpeg\" \/>\n<meta name=\"twitter:card\" content=\"summary\" \/>\n<meta name=\"twitter:label1\" content=\"Dur\u00e9e de lecture estim\u00e9e\" \/>\n\t<meta name=\"twitter:data1\" content=\"2 minutes\" \/>\n<script type=\"application\/ld+json\" class=\"yoast-schema-graph\">{\"@context\":\"https:\/\/schema.org\",\"@graph\":[{\"@type\":\"Organization\",\"@id\":\"https:\/\/www.sicilyaction.com\/#organization\",\"name\":\"Sicily Action\",\"url\":\"https:\/\/www.sicilyaction.com\/\",\"sameAs\":[\"https:\/\/www.facebook.com\/sicilyaction\/\"],\"logo\":{\"@type\":\"ImageObject\",\"@id\":\"https:\/\/www.sicilyaction.com\/#logo\",\"inLanguage\":\"fr-FR\",\"url\":\"https:\/\/www.sicilyaction.com\/wp-content\/uploads\/2015\/10\/logo_action2.png\",\"contentUrl\":\"https:\/\/www.sicilyaction.com\/wp-content\/uploads\/2015\/10\/logo_action2.png\",\"width\":300,\"height\":450,\"caption\":\"Sicily Action\"},\"image\":{\"@id\":\"https:\/\/www.sicilyaction.com\/#logo\"}},{\"@type\":\"WebSite\",\"@id\":\"https:\/\/www.sicilyaction.com\/#website\",\"url\":\"https:\/\/www.sicilyaction.com\/\",\"name\":\"Sicily Action\",\"description\":\"Temabulding Sicily\",\"publisher\":{\"@id\":\"https:\/\/www.sicilyaction.com\/#organization\"},\"potentialAction\":[{\"@type\":\"SearchAction\",\"target\":{\"@type\":\"EntryPoint\",\"urlTemplate\":\"https:\/\/www.sicilyaction.com\/?s={search_term_string}\"},\"query-input\":\"required name=search_term_string\"}],\"inLanguage\":\"fr-FR\"},{\"@type\":\"ImageObject\",\"@id\":\"https:\/\/www.sicilyaction.com\/corportate-events\/#primaryimage\",\"inLanguage\":\"fr-FR\",\"url\":\"https:\/\/www.sicilyaction.com\/wp-content\/uploads\/2015\/11\/shutterstock_148189043.jpg\",\"contentUrl\":\"https:\/\/www.sicilyaction.com\/wp-content\/uploads\/2015\/11\/shutterstock_148189043.jpg\",\"width\":1200,\"height\":801,\"caption\":\"Corporate Events Sicily\"},{\"@type\":\"WebPage\",\"@id\":\"https:\/\/www.sicilyaction.com\/corportate-events\/#webpage\",\"url\":\"https:\/\/www.sicilyaction.com\/corportate-events\/\",\"name\":\"Corporate Events Sicily - Incentive Sicily - Group Events Sicily\",\"isPartOf\":{\"@id\":\"https:\/\/www.sicilyaction.com\/#website\"},\"primaryImageOfPage\":{\"@id\":\"https:\/\/www.sicilyaction.com\/corportate-events\/#primaryimage\"},\"datePublished\":\"2015-11-19T10:08:00+00:00\",\"dateModified\":\"2020-01-15T13:31:38+00:00\",\"description\":\"Corporate Events Sicily - depending on the objective and style, they will have the power to establish and strengthen customer relationships or to reward your employees for the good work and to provide an incentive for their future projects.\",\"breadcrumb\":{\"@id\":\"https:\/\/www.sicilyaction.com\/corportate-events\/#breadcrumb\"},\"inLanguage\":\"fr-FR\",\"potentialAction\":[{\"@type\":\"ReadAction\",\"target\":[\"https:\/\/www.sicilyaction.com\/corportate-events\/\"]}]},{\"@type\":\"BreadcrumbList\",\"@id\":\"https:\/\/www.sicilyaction.com\/corportate-events\/#breadcrumb\",\"itemListElement\":[{\"@type\":\"ListItem\",\"position\":1,\"name\":\"Home\",\"item\":\"https:\/\/www.sicilyaction.com\/\"},{\"@type\":\"ListItem\",\"position\":2,\"name\":\"Corporate Events Sicily\"}]}]}<\/script>\n<!-- \/ Yoast SEO plugin. -->","yoast_head_json":{"title":"Corporate Events Sicily - Incentive Sicily - Group Events Sicily","description":"Corporate Events Sicily - depending on the objective and style, they will have the power to establish and strengthen customer relationships or to reward your employees for the good work and to provide an incentive for their future projects.","robots":{"index":"index","follow":"follow","max-snippet":"max-snippet:-1","max-image-preview":"max-image-preview:large","max-video-preview":"max-video-preview:-1"},"canonical":"https:\/\/www.sicilyaction.com\/corportate-events\/","og_locale":"fr_FR","og_type":"article","og_title":"Corporate Events Sicily - Incentive Sicily - Group Events Sicily","og_description":"Corporate Events Sicily - depending on the objective and style, they will have the power to establish and strengthen customer relationships or to reward your employees for the good work and to provide an incentive for their future projects.","og_url":"https:\/\/www.sicilyaction.com\/corportate-events\/","og_site_name":"Sicily Action","article_publisher":"https:\/\/www.facebook.com\/sicilyaction\/","article_modified_time":"2020-01-15T13:31:38+00:00","og_image":[{"width":1200,"height":801,"url":"https:\/\/www.sicilyaction.com\/wp-content\/uploads\/2015\/11\/shutterstock_148189043.jpg","type":"image\/jpeg"}],"twitter_card":"summary","twitter_misc":{"Dur\u00e9e de lecture estim\u00e9e":"2 minutes"},"schema":{"@context":"https:\/\/schema.org","@graph":[{"@type":"Organization","@id":"https:\/\/www.sicilyaction.com\/#organization","name":"Sicily Action","url":"https:\/\/www.sicilyaction.com\/","sameAs":["https:\/\/www.facebook.com\/sicilyaction\/"],"logo":{"@type":"ImageObject","@id":"https:\/\/www.sicilyaction.com\/#logo","inLanguage":"fr-FR","url":"https:\/\/www.sicilyaction.com\/wp-content\/uploads\/2015\/10\/logo_action2.png","contentUrl":"https:\/\/www.sicilyaction.com\/wp-content\/uploads\/2015\/10\/logo_action2.png","width":300,"height":450,"caption":"Sicily Action"},"image":{"@id":"https:\/\/www.sicilyaction.com\/#logo"}},{"@type":"WebSite","@id":"https:\/\/www.sicilyaction.com\/#website","url":"https:\/\/www.sicilyaction.com\/","name":"Sicily Action","description":"Temabulding Sicily","publisher":{"@id":"https:\/\/www.sicilyaction.com\/#organization"},"potentialAction":[{"@type":"SearchAction","target":{"@type":"EntryPoint","urlTemplate":"https:\/\/www.sicilyaction.com\/?s={search_term_string}"},"query-input":"required name=search_term_string"}],"inLanguage":"fr-FR"},{"@type":"ImageObject","@id":"https:\/\/www.sicilyaction.com\/corportate-events\/#primaryimage","inLanguage":"fr-FR","url":"https:\/\/www.sicilyaction.com\/wp-content\/uploads\/2015\/11\/shutterstock_148189043.jpg","contentUrl":"https:\/\/www.sicilyaction.com\/wp-content\/uploads\/2015\/11\/shutterstock_148189043.jpg","width":1200,"height":801,"caption":"Corporate Events Sicily"},{"@type":"WebPage","@id":"https:\/\/www.sicilyaction.com\/corportate-events\/#webpage","url":"https:\/\/www.sicilyaction.com\/corportate-events\/","name":"Corporate Events Sicily - Incentive Sicily - Group Events Sicily","isPartOf":{"@id":"https:\/\/www.sicilyaction.com\/#website"},"primaryImageOfPage":{"@id":"https:\/\/www.sicilyaction.com\/corportate-events\/#primaryimage"},"datePublished":"2015-11-19T10:08:00+00:00","dateModified":"2020-01-15T13:31:38+00:00","description":"Corporate Events Sicily - depending on the objective and style, they will have the power to establish and strengthen customer relationships or to reward your employees for the good work and to provide an incentive for their future projects.","breadcrumb":{"@id":"https:\/\/www.sicilyaction.com\/corportate-events\/#breadcrumb"},"inLanguage":"fr-FR","potentialAction":[{"@type":"ReadAction","target":["https:\/\/www.sicilyaction.com\/corportate-events\/"]}]},{"@type":"BreadcrumbList","@id":"https:\/\/www.sicilyaction.com\/corportate-events\/#breadcrumb","itemListElement":[{"@type":"ListItem","position":1,"name":"Home","item":"https:\/\/www.sicilyaction.com\/"},{"@type":"ListItem","position":2,"name":"Corporate Events Sicily"}]}]}},"_links":{"self":[{"href":"https:\/\/www.sicilyaction.com\/fr\/wp-json\/wp\/v2\/pages\/252"}],"collection":[{"href":"https:\/\/www.sicilyaction.com\/fr\/wp-json\/wp\/v2\/pages"}],"about":[{"href":"https:\/\/www.sicilyaction.com\/fr\/wp-json\/wp\/v2\/types\/page"}],"author":[{"embeddable":true,"href":"https:\/\/www.sicilyaction.com\/fr\/wp-json\/wp\/v2\/users\/1"}],"replies":[{"embeddable":true,"href":"https:\/\/www.sicilyaction.com\/fr\/wp-json\/wp\/v2\/comments?post=252"}],"version-history":[{"count":20,"href":"https:\/\/www.sicilyaction.com\/fr\/wp-json\/wp\/v2\/pages\/252\/revisions"}],"predecessor-version":[{"id":1137,"href":"https:\/\/www.sicilyaction.com\/fr\/wp-json\/wp\/v2\/pages\/252\/revisions\/1137"}],"wp:featuredmedia":[{"embeddable":true,"href":"https:\/\/www.sicilyaction.com\/fr\/wp-json\/wp\/v2\/media\/424"}],"wp:attachment":[{"href":"https:\/\/www.sicilyaction.com\/fr\/wp-json\/wp\/v2\/media?parent=252"}],"curies":[{"name":"wp","href":"https:\/\/api.w.org\/{rel}","templated":true}]}}