{"id":240,"date":"2015-11-18T15:21:05","date_gmt":"2015-11-18T14:21:05","guid":{"rendered":"https:\/\/www.sicilyaction.com\/?page_id=240"},"modified":"2020-01-15T14:32:20","modified_gmt":"2020-01-15T13:32:20","slug":"team-building","status":"publish","type":"page","link":"https:\/\/www.sicilyaction.com\/fr\/team-building\/","title":{"rendered":"Team Building"},"content":{"rendered":"<p>Les activit\u00e9s de Team Building sont un moyen de fournir une formation de grand impact, augmentant le\u00a0professionnalisme\u00a0et la communication de l&rsquo;\u00e9quipe, am\u00e9liorant\u00a0l&rsquo;aspect mental et productif. Les employ\u00e9s en b\u00e9n\u00e9ficient \u00e9prouvant un sentiment d&rsquo;accomplissement \u00e0 travers le compl\u00e8tement d&rsquo;un travail d&rsquo;\u00e9quipe dans les t\u00e2ches relativement difficiles. Le but est d&rsquo;am\u00e9liorer les comp\u00e9tences et l&rsquo;apprentissage de la communication dans l&rsquo;\u00e9quipe. Le Team building permet aux employ\u00e9s de retourner au travail\u00a0renforc\u00e9es\u00a0et avec des\u00a0nouvelles comp\u00e9tences comme la\u00a0r\u00e9solution de probl\u00e8mes.<\/p>\n<h3 style=\"text-align: right;\">Team Building Sicily<\/h3>\n<p><div id='gallery-4' class='gallery galleryid-240 gallery-columns-4 gallery-size-thumbnail'><figure class='gallery-item'>\n\t\t\t<div class='gallery-icon landscape'>\n\t\t\t\t<a href='https:\/\/www.sicilyaction.com\/wp-content\/uploads\/2016\/01\/shutterstock_167223824-e1453116007711.jpg'><img width=\"150\" height=\"150\" src=\"https:\/\/www.sicilyaction.com\/wp-content\/uploads\/2016\/01\/shutterstock_167223824-150x150.jpg\" class=\"attachment-thumbnail size-thumbnail\" alt=\"Orienteering Sicily\" loading=\"lazy\" \/><\/a>\n\t\t\t<\/div><\/figure><figure class='gallery-item'>\n\t\t\t<div class='gallery-icon landscape'>\n\t\t\t\t<a href='https:\/\/www.sicilyaction.com\/wp-content\/uploads\/2016\/01\/shutterstock_170396009-e1453115999596.jpg'><img width=\"150\" height=\"150\" src=\"https:\/\/www.sicilyaction.com\/wp-content\/uploads\/2016\/01\/shutterstock_170396009-150x150.jpg\" class=\"attachment-thumbnail size-thumbnail\" alt=\"Orienteering Sicily\" loading=\"lazy\" \/><\/a>\n\t\t\t<\/div><\/figure><figure class='gallery-item'>\n\t\t\t<div class='gallery-icon landscape'>\n\t\t\t\t<a href='https:\/\/www.sicilyaction.com\/wp-content\/uploads\/2016\/01\/shutterstock_66901048-2-e1453115990390.jpg'><img width=\"150\" height=\"150\" src=\"https:\/\/www.sicilyaction.com\/wp-content\/uploads\/2016\/01\/shutterstock_66901048-2-150x150.jpg\" class=\"attachment-thumbnail size-thumbnail\" alt=\"Adventure Park Sicily\" loading=\"lazy\" \/><\/a>\n\t\t\t<\/div><\/figure><figure class='gallery-item'>\n\t\t\t<div class='gallery-icon landscape'>\n\t\t\t\t<a href='https:\/\/www.sicilyaction.com\/wp-content\/uploads\/2016\/01\/shutterstock_185704871-e1453115982137.jpg'><img width=\"150\" height=\"150\" src=\"https:\/\/www.sicilyaction.com\/wp-content\/uploads\/2016\/01\/shutterstock_185704871-150x150.jpg\" class=\"attachment-thumbnail size-thumbnail\" alt=\"Adventure Park Sicily\" loading=\"lazy\" \/><\/a>\n\t\t\t<\/div><\/figure><figure class='gallery-item'>\n\t\t\t<div class='gallery-icon landscape'>\n\t\t\t\t<a href='https:\/\/www.sicilyaction.com\/wp-content\/uploads\/2016\/01\/shutterstock_68680510-e1453115974188.jpg'><img width=\"150\" height=\"150\" src=\"https:\/\/www.sicilyaction.com\/wp-content\/uploads\/2016\/01\/shutterstock_68680510-150x150.jpg\" class=\"attachment-thumbnail size-thumbnail\" alt=\"Sailing Sicily\" loading=\"lazy\" \/><\/a>\n\t\t\t<\/div><\/figure><figure class='gallery-item'>\n\t\t\t<div class='gallery-icon landscape'>\n\t\t\t\t<a href='https:\/\/www.sicilyaction.com\/wp-content\/uploads\/2016\/01\/DSC_0364-2-e1453115964418.jpg'><img width=\"150\" height=\"150\" src=\"https:\/\/www.sicilyaction.com\/wp-content\/uploads\/2016\/01\/DSC_0364-2-150x150.jpg\" class=\"attachment-thumbnail size-thumbnail\" alt=\"Paintball Sicily\" loading=\"lazy\" \/><\/a>\n\t\t\t<\/div><\/figure><figure class='gallery-item'>\n\t\t\t<div class='gallery-icon landscape'>\n\t\t\t\t<a href='https:\/\/www.sicilyaction.com\/wp-content\/uploads\/2016\/01\/SupAir_Player-e1453115957503.jpg'><img width=\"150\" height=\"150\" src=\"https:\/\/www.sicilyaction.com\/wp-content\/uploads\/2016\/01\/SupAir_Player-150x150.jpg\" class=\"attachment-thumbnail size-thumbnail\" alt=\"Paintball Sicily\" loading=\"lazy\" \/><\/a>\n\t\t\t<\/div><\/figure><figure class='gallery-item'>\n\t\t\t<div class='gallery-icon landscape'>\n\t\t\t\t<a href='https:\/\/www.sicilyaction.com\/wp-content\/uploads\/2016\/01\/shutterstock_225982522-e1453115949600.jpg'><img width=\"150\" height=\"150\" src=\"https:\/\/www.sicilyaction.com\/wp-content\/uploads\/2016\/01\/shutterstock_225982522-150x150.jpg\" class=\"attachment-thumbnail size-thumbnail\" alt=\"Wine tasting Sicily\" loading=\"lazy\" \/><\/a>\n\t\t\t<\/div><\/figure>\n\t\t<\/div>\n<\/p>","protected":false},"excerpt":{"rendered":"<p>Les activit\u00e9s de Team Building sont un moyen de fournir une formation de grand impact, augmentant le\u00a0professionnalisme\u00a0et la communication de l&rsquo;\u00e9quipe, am\u00e9liorant\u00a0l&rsquo;aspect mental et productif. Les employ\u00e9s en b\u00e9n\u00e9ficient \u00e9prouvant <a href=\"https:\/\/www.sicilyaction.com\/fr\/team-building\/\" class=\"more-link\">[&#8230;]<\/a><\/p>\n","protected":false},"author":1,"featured_media":371,"parent":0,"menu_order":0,"comment_status":"closed","ping_status":"closed","template":"template-sidebar.php","meta":[],"yoast_head":"<!-- This site is optimized with the Yoast SEO plugin v18.2 - https:\/\/yoast.com\/wordpress\/plugins\/seo\/ -->\n<title>Team Building and Incentive Organization in Sicily<\/title>\n<meta name=\"description\" content=\"Team Building Sicily, the team building activities are a way to provide a high-impact learning\" \/>\n<meta name=\"robots\" content=\"index, follow, max-snippet:-1, max-image-preview:large, max-video-preview:-1\" \/>\n<link rel=\"canonical\" href=\"https:\/\/www.sicilyaction.com\/de\/team-building\/\" \/>\n<meta property=\"og:locale\" content=\"fr_FR\" \/>\n<meta property=\"og:type\" content=\"article\" \/>\n<meta property=\"og:title\" content=\"Team Building and Incentive Organization in Sicily\" \/>\n<meta property=\"og:description\" content=\"Team Building Sicily, the team building activities are a way to provide a high-impact learning\" \/>\n<meta property=\"og:url\" content=\"https:\/\/www.sicilyaction.com\/de\/team-building\/\" \/>\n<meta property=\"og:site_name\" content=\"Sicily Action\" \/>\n<meta property=\"article:publisher\" content=\"https:\/\/www.facebook.com\/sicilyaction\/\" \/>\n<meta property=\"article:modified_time\" content=\"2020-01-15T13:32:20+00:00\" \/>\n<meta property=\"og:image\" content=\"https:\/\/www.sicilyaction.com\/wp-content\/uploads\/2015\/11\/shutterstock_322225793.jpg\" \/>\n\t<meta property=\"og:image:width\" content=\"1200\" \/>\n\t<meta property=\"og:image:height\" content=\"800\" \/>\n\t<meta property=\"og:image:type\" content=\"image\/jpeg\" \/>\n<meta name=\"twitter:card\" content=\"summary\" \/>\n<meta name=\"twitter:label1\" content=\"Dur\u00e9e de lecture estim\u00e9e\" \/>\n\t<meta name=\"twitter:data1\" content=\"2 minutes\" \/>\n<script type=\"application\/ld+json\" class=\"yoast-schema-graph\">{\"@context\":\"https:\/\/schema.org\",\"@graph\":[{\"@type\":\"Organization\",\"@id\":\"https:\/\/www.sicilyaction.com\/#organization\",\"name\":\"Sicily Action\",\"url\":\"https:\/\/www.sicilyaction.com\/\",\"sameAs\":[\"https:\/\/www.facebook.com\/sicilyaction\/\"],\"logo\":{\"@type\":\"ImageObject\",\"@id\":\"https:\/\/www.sicilyaction.com\/#logo\",\"inLanguage\":\"fr-FR\",\"url\":\"https:\/\/www.sicilyaction.com\/wp-content\/uploads\/2015\/10\/logo_action2.png\",\"contentUrl\":\"https:\/\/www.sicilyaction.com\/wp-content\/uploads\/2015\/10\/logo_action2.png\",\"width\":300,\"height\":450,\"caption\":\"Sicily Action\"},\"image\":{\"@id\":\"https:\/\/www.sicilyaction.com\/#logo\"}},{\"@type\":\"WebSite\",\"@id\":\"https:\/\/www.sicilyaction.com\/#website\",\"url\":\"https:\/\/www.sicilyaction.com\/\",\"name\":\"Sicily Action\",\"description\":\"Temabulding Sicily\",\"publisher\":{\"@id\":\"https:\/\/www.sicilyaction.com\/#organization\"},\"potentialAction\":[{\"@type\":\"SearchAction\",\"target\":{\"@type\":\"EntryPoint\",\"urlTemplate\":\"https:\/\/www.sicilyaction.com\/?s={search_term_string}\"},\"query-input\":\"required name=search_term_string\"}],\"inLanguage\":\"fr-FR\"},{\"@type\":\"ImageObject\",\"@id\":\"https:\/\/www.sicilyaction.com\/de\/team-building\/#primaryimage\",\"inLanguage\":\"fr-FR\",\"url\":\"https:\/\/www.sicilyaction.com\/wp-content\/uploads\/2015\/11\/shutterstock_322225793.jpg\",\"contentUrl\":\"https:\/\/www.sicilyaction.com\/wp-content\/uploads\/2015\/11\/shutterstock_322225793.jpg\",\"width\":1200,\"height\":800,\"caption\":\"Team Building Sicily\"},{\"@type\":\"WebPage\",\"@id\":\"https:\/\/www.sicilyaction.com\/de\/team-building\/#webpage\",\"url\":\"https:\/\/www.sicilyaction.com\/de\/team-building\/\",\"name\":\"Team Building and Incentive Organization in Sicily\",\"isPartOf\":{\"@id\":\"https:\/\/www.sicilyaction.com\/#website\"},\"primaryImageOfPage\":{\"@id\":\"https:\/\/www.sicilyaction.com\/de\/team-building\/#primaryimage\"},\"datePublished\":\"2015-11-18T14:21:05+00:00\",\"dateModified\":\"2020-01-15T13:32:20+00:00\",\"description\":\"Team Building Sicily, the team building activities are a way to provide a high-impact learning\",\"breadcrumb\":{\"@id\":\"https:\/\/www.sicilyaction.com\/de\/team-building\/#breadcrumb\"},\"inLanguage\":\"fr-FR\",\"potentialAction\":[{\"@type\":\"ReadAction\",\"target\":[\"https:\/\/www.sicilyaction.com\/de\/team-building\/\"]}]},{\"@type\":\"BreadcrumbList\",\"@id\":\"https:\/\/www.sicilyaction.com\/de\/team-building\/#breadcrumb\",\"itemListElement\":[{\"@type\":\"ListItem\",\"position\":1,\"name\":\"Home\",\"item\":\"https:\/\/www.sicilyaction.com\/\"},{\"@type\":\"ListItem\",\"position\":2,\"name\":\"Team Building\"}]}]}<\/script>\n<!-- \/ Yoast SEO plugin. -->","yoast_head_json":{"title":"Team Building and Incentive Organization in Sicily","description":"Team Building Sicily, the team building activities are a way to provide a high-impact learning","robots":{"index":"index","follow":"follow","max-snippet":"max-snippet:-1","max-image-preview":"max-image-preview:large","max-video-preview":"max-video-preview:-1"},"canonical":"https:\/\/www.sicilyaction.com\/de\/team-building\/","og_locale":"fr_FR","og_type":"article","og_title":"Team Building and Incentive Organization in Sicily","og_description":"Team Building Sicily, the team building activities are a way to provide a high-impact learning","og_url":"https:\/\/www.sicilyaction.com\/de\/team-building\/","og_site_name":"Sicily Action","article_publisher":"https:\/\/www.facebook.com\/sicilyaction\/","article_modified_time":"2020-01-15T13:32:20+00:00","og_image":[{"width":1200,"height":800,"url":"https:\/\/www.sicilyaction.com\/wp-content\/uploads\/2015\/11\/shutterstock_322225793.jpg","type":"image\/jpeg"}],"twitter_card":"summary","twitter_misc":{"Dur\u00e9e de lecture estim\u00e9e":"2 minutes"},"schema":{"@context":"https:\/\/schema.org","@graph":[{"@type":"Organization","@id":"https:\/\/www.sicilyaction.com\/#organization","name":"Sicily Action","url":"https:\/\/www.sicilyaction.com\/","sameAs":["https:\/\/www.facebook.com\/sicilyaction\/"],"logo":{"@type":"ImageObject","@id":"https:\/\/www.sicilyaction.com\/#logo","inLanguage":"fr-FR","url":"https:\/\/www.sicilyaction.com\/wp-content\/uploads\/2015\/10\/logo_action2.png","contentUrl":"https:\/\/www.sicilyaction.com\/wp-content\/uploads\/2015\/10\/logo_action2.png","width":300,"height":450,"caption":"Sicily Action"},"image":{"@id":"https:\/\/www.sicilyaction.com\/#logo"}},{"@type":"WebSite","@id":"https:\/\/www.sicilyaction.com\/#website","url":"https:\/\/www.sicilyaction.com\/","name":"Sicily Action","description":"Temabulding Sicily","publisher":{"@id":"https:\/\/www.sicilyaction.com\/#organization"},"potentialAction":[{"@type":"SearchAction","target":{"@type":"EntryPoint","urlTemplate":"https:\/\/www.sicilyaction.com\/?s={search_term_string}"},"query-input":"required name=search_term_string"}],"inLanguage":"fr-FR"},{"@type":"ImageObject","@id":"https:\/\/www.sicilyaction.com\/de\/team-building\/#primaryimage","inLanguage":"fr-FR","url":"https:\/\/www.sicilyaction.com\/wp-content\/uploads\/2015\/11\/shutterstock_322225793.jpg","contentUrl":"https:\/\/www.sicilyaction.com\/wp-content\/uploads\/2015\/11\/shutterstock_322225793.jpg","width":1200,"height":800,"caption":"Team Building Sicily"},{"@type":"WebPage","@id":"https:\/\/www.sicilyaction.com\/de\/team-building\/#webpage","url":"https:\/\/www.sicilyaction.com\/de\/team-building\/","name":"Team Building and Incentive Organization in Sicily","isPartOf":{"@id":"https:\/\/www.sicilyaction.com\/#website"},"primaryImageOfPage":{"@id":"https:\/\/www.sicilyaction.com\/de\/team-building\/#primaryimage"},"datePublished":"2015-11-18T14:21:05+00:00","dateModified":"2020-01-15T13:32:20+00:00","description":"Team Building Sicily, the team building activities are a way to provide a high-impact learning","breadcrumb":{"@id":"https:\/\/www.sicilyaction.com\/de\/team-building\/#breadcrumb"},"inLanguage":"fr-FR","potentialAction":[{"@type":"ReadAction","target":["https:\/\/www.sicilyaction.com\/de\/team-building\/"]}]},{"@type":"BreadcrumbList","@id":"https:\/\/www.sicilyaction.com\/de\/team-building\/#breadcrumb","itemListElement":[{"@type":"ListItem","position":1,"name":"Home","item":"https:\/\/www.sicilyaction.com\/"},{"@type":"ListItem","position":2,"name":"Team Building"}]}]}},"_links":{"self":[{"href":"https:\/\/www.sicilyaction.com\/fr\/wp-json\/wp\/v2\/pages\/240"}],"collection":[{"href":"https:\/\/www.sicilyaction.com\/fr\/wp-json\/wp\/v2\/pages"}],"about":[{"href":"https:\/\/www.sicilyaction.com\/fr\/wp-json\/wp\/v2\/types\/page"}],"author":[{"embeddable":true,"href":"https:\/\/www.sicilyaction.com\/fr\/wp-json\/wp\/v2\/users\/1"}],"replies":[{"embeddable":true,"href":"https:\/\/www.sicilyaction.com\/fr\/wp-json\/wp\/v2\/comments?post=240"}],"version-history":[{"count":31,"href":"https:\/\/www.sicilyaction.com\/fr\/wp-json\/wp\/v2\/pages\/240\/revisions"}],"predecessor-version":[{"id":1138,"href":"https:\/\/www.sicilyaction.com\/fr\/wp-json\/wp\/v2\/pages\/240\/revisions\/1138"}],"wp:featuredmedia":[{"embeddable":true,"href":"https:\/\/www.sicilyaction.com\/fr\/wp-json\/wp\/v2\/media\/371"}],"wp:attachment":[{"href":"https:\/\/www.sicilyaction.com\/fr\/wp-json\/wp\/v2\/media?parent=240"}],"curies":[{"name":"wp","href":"https:\/\/api.w.org\/{rel}","templated":true}]}}