{"id":730,"date":"2015-12-04T19:04:33","date_gmt":"2015-12-04T18:04:33","guid":{"rendered":"https:\/\/www.sicilyaction.com\/?page_id=730"},"modified":"2020-01-15T14:42:18","modified_gmt":"2020-01-15T13:42:18","slug":"sicily-treasure-hunt","status":"publish","type":"page","link":"https:\/\/www.sicilyaction.com\/de\/team-building\/sicily-treasure-hunt\/","title":{"rendered":"Schatzsuche"},"content":{"rendered":"<p><img loading=\"lazy\" class=\"alignleft size-full wp-image-775\" src=\"https:\/\/www.sicilyaction.com\/wp-content\/uploads\/2016\/01\/shutterstock_35627884.jpg\" alt=\"shutterstock_35627884\" width=\"200\" height=\"133\" \/><strong>Sizilien Schatzsuche &#8230;<\/strong> Stellen Sie sich vor, Ihr Team befindet sich auf den Stra\u00dfen der Stadt (UNESCO Weltkulturerbe) oder schlendert durch die W\u00e4lder und entlang der Krater eines Vulkans. Eine Schatzsuche erfordert eine gute Konzentration und eine gro\u00dfz\u00fcgige Prise Spa\u00df. Bei der Suche nach dem verborgenen Schatz m\u00fcssen Sie eine Reihe von Hinweisen l\u00f6sen. Dies soll Ihre F\u00e4higkeiten zur Probleml\u00f6sung verbessern.<\/p>\n<p>Sie k\u00f6nnen entweder den klassischeren Ansatz w\u00e4hlen oder Sie entscheiden sich f\u00fcr die neue Generation des High-Tech-Treasure Hunt. Diese moderne Art der Schatzsuche findet im Freien und unter Einsatz von GPS-Ger\u00e4ten statt. Diese geben dem Team die M\u00f6glichkeit sich von einem Anhaltspunkt zum n\u00e4chsten zu navigieren.<\/p>\n<p>Wir erstellen und organisieren f\u00fcr Sie die Hinweise&#8230; glauben Sie, Ihr Team schafft es, diese zu l\u00f6sen und ans Ziel zu gelangen?<\/p>\n<h3 style=\"text-align: right;\">Sicily Treasure Hunt<\/h3>\n<p><\/p>","protected":false},"excerpt":{"rendered":"<p>Sizilien Schatzsuche &#8230; Stellen Sie sich vor, Ihr Team befindet sich auf den Stra\u00dfen der Stadt (UNESCO Weltkulturerbe) oder schlendert durch die W\u00e4lder und entlang der Krater eines Vulkans. Eine <a href=\"https:\/\/www.sicilyaction.com\/de\/team-building\/sicily-treasure-hunt\/\" class=\"more-link\">[&#8230;]<\/a><\/p>\n","protected":false},"author":1,"featured_media":734,"parent":240,"menu_order":0,"comment_status":"closed","ping_status":"closed","template":"template-sidebar.php","meta":[],"yoast_head":"<!-- This site is optimized with the Yoast SEO plugin v18.2 - https:\/\/yoast.com\/wordpress\/plugins\/seo\/ -->\n<title>Sicily Treasure Hunt - Team Building Sicily<\/title>\n<meta name=\"description\" content=\"Sicily Treasure Hunt - Think of your team competing on the streets of the city, or wandering through the woods and among the craters of a volcano.\" \/>\n<meta name=\"robots\" content=\"index, follow, max-snippet:-1, max-image-preview:large, max-video-preview:-1\" \/>\n<link rel=\"canonical\" href=\"https:\/\/www.sicilyaction.com\/de\/team-building\/sicily-treasure-hunt\/\" \/>\n<meta property=\"og:locale\" content=\"de_DE\" \/>\n<meta property=\"og:type\" content=\"article\" \/>\n<meta property=\"og:title\" content=\"Sicily Treasure Hunt - Team Building Sicily\" \/>\n<meta property=\"og:description\" content=\"Sicily Treasure Hunt - Think of your team competing on the streets of the city, or wandering through the woods and among the craters of a volcano.\" \/>\n<meta property=\"og:url\" content=\"https:\/\/www.sicilyaction.com\/de\/team-building\/sicily-treasure-hunt\/\" \/>\n<meta property=\"og:site_name\" content=\"Sicily Action\" \/>\n<meta property=\"article:publisher\" content=\"https:\/\/www.facebook.com\/sicilyaction\/\" \/>\n<meta property=\"article:modified_time\" content=\"2020-01-15T13:42:18+00:00\" \/>\n<meta property=\"og:image\" content=\"https:\/\/www.sicilyaction.com\/wp-content\/uploads\/2015\/12\/shutterstock_332815457-e1453026780549.jpg\" \/>\n\t<meta property=\"og:image:width\" content=\"1200\" \/>\n\t<meta property=\"og:image:height\" content=\"729\" \/>\n\t<meta property=\"og:image:type\" content=\"image\/jpeg\" \/>\n<meta name=\"twitter:card\" content=\"summary\" \/>\n<meta name=\"twitter:label1\" content=\"Gesch\u00e4tzte Lesezeit\" \/>\n\t<meta name=\"twitter:data1\" content=\"2\u00a0Minuten\" \/>\n<script type=\"application\/ld+json\" class=\"yoast-schema-graph\">{\"@context\":\"https:\/\/schema.org\",\"@graph\":[{\"@type\":\"Organization\",\"@id\":\"https:\/\/www.sicilyaction.com\/#organization\",\"name\":\"Sicily Action\",\"url\":\"https:\/\/www.sicilyaction.com\/\",\"sameAs\":[\"https:\/\/www.facebook.com\/sicilyaction\/\"],\"logo\":{\"@type\":\"ImageObject\",\"@id\":\"https:\/\/www.sicilyaction.com\/#logo\",\"inLanguage\":\"de\",\"url\":\"https:\/\/www.sicilyaction.com\/wp-content\/uploads\/2015\/10\/logo_action2.png\",\"contentUrl\":\"https:\/\/www.sicilyaction.com\/wp-content\/uploads\/2015\/10\/logo_action2.png\",\"width\":300,\"height\":450,\"caption\":\"Sicily Action\"},\"image\":{\"@id\":\"https:\/\/www.sicilyaction.com\/#logo\"}},{\"@type\":\"WebSite\",\"@id\":\"https:\/\/www.sicilyaction.com\/#website\",\"url\":\"https:\/\/www.sicilyaction.com\/\",\"name\":\"Sicily Action\",\"description\":\"Temabulding Sicily\",\"publisher\":{\"@id\":\"https:\/\/www.sicilyaction.com\/#organization\"},\"potentialAction\":[{\"@type\":\"SearchAction\",\"target\":{\"@type\":\"EntryPoint\",\"urlTemplate\":\"https:\/\/www.sicilyaction.com\/?s={search_term_string}\"},\"query-input\":\"required name=search_term_string\"}],\"inLanguage\":\"de\"},{\"@type\":\"ImageObject\",\"@id\":\"https:\/\/www.sicilyaction.com\/de\/team-building\/sicily-treasure-hunt\/#primaryimage\",\"inLanguage\":\"de\",\"url\":\"https:\/\/www.sicilyaction.com\/wp-content\/uploads\/2015\/12\/shutterstock_332815457-e1453026780549.jpg\",\"contentUrl\":\"https:\/\/www.sicilyaction.com\/wp-content\/uploads\/2015\/12\/shutterstock_332815457-e1453026780549.jpg\",\"width\":1200,\"height\":729,\"caption\":\"Sicily Treasure Hunt\"},{\"@type\":\"WebPage\",\"@id\":\"https:\/\/www.sicilyaction.com\/de\/team-building\/sicily-treasure-hunt\/#webpage\",\"url\":\"https:\/\/www.sicilyaction.com\/de\/team-building\/sicily-treasure-hunt\/\",\"name\":\"Sicily Treasure Hunt - Team Building Sicily\",\"isPartOf\":{\"@id\":\"https:\/\/www.sicilyaction.com\/#website\"},\"primaryImageOfPage\":{\"@id\":\"https:\/\/www.sicilyaction.com\/de\/team-building\/sicily-treasure-hunt\/#primaryimage\"},\"datePublished\":\"2015-12-04T18:04:33+00:00\",\"dateModified\":\"2020-01-15T13:42:18+00:00\",\"description\":\"Sicily Treasure Hunt - Think of your team competing on the streets of the city, or wandering through the woods and among the craters of a volcano.\",\"breadcrumb\":{\"@id\":\"https:\/\/www.sicilyaction.com\/de\/team-building\/sicily-treasure-hunt\/#breadcrumb\"},\"inLanguage\":\"de\",\"potentialAction\":[{\"@type\":\"ReadAction\",\"target\":[\"https:\/\/www.sicilyaction.com\/de\/team-building\/sicily-treasure-hunt\/\"]}]},{\"@type\":\"BreadcrumbList\",\"@id\":\"https:\/\/www.sicilyaction.com\/de\/team-building\/sicily-treasure-hunt\/#breadcrumb\",\"itemListElement\":[{\"@type\":\"ListItem\",\"position\":1,\"name\":\"Home\",\"item\":\"https:\/\/www.sicilyaction.com\/\"},{\"@type\":\"ListItem\",\"position\":2,\"name\":\"Team Building\",\"item\":\"https:\/\/www.sicilyaction.com\/de\/team-building\/\"},{\"@type\":\"ListItem\",\"position\":3,\"name\":\"Schatzsuche\"}]}]}<\/script>\n<!-- \/ Yoast SEO plugin. -->","yoast_head_json":{"title":"Sicily Treasure Hunt - Team Building Sicily","description":"Sicily Treasure Hunt - Think of your team competing on the streets of the city, or wandering through the woods and among the craters of a volcano.","robots":{"index":"index","follow":"follow","max-snippet":"max-snippet:-1","max-image-preview":"max-image-preview:large","max-video-preview":"max-video-preview:-1"},"canonical":"https:\/\/www.sicilyaction.com\/de\/team-building\/sicily-treasure-hunt\/","og_locale":"de_DE","og_type":"article","og_title":"Sicily Treasure Hunt - Team Building Sicily","og_description":"Sicily Treasure Hunt - Think of your team competing on the streets of the city, or wandering through the woods and among the craters of a volcano.","og_url":"https:\/\/www.sicilyaction.com\/de\/team-building\/sicily-treasure-hunt\/","og_site_name":"Sicily Action","article_publisher":"https:\/\/www.facebook.com\/sicilyaction\/","article_modified_time":"2020-01-15T13:42:18+00:00","og_image":[{"width":1200,"height":729,"url":"https:\/\/www.sicilyaction.com\/wp-content\/uploads\/2015\/12\/shutterstock_332815457-e1453026780549.jpg","type":"image\/jpeg"}],"twitter_card":"summary","twitter_misc":{"Gesch\u00e4tzte Lesezeit":"2\u00a0Minuten"},"schema":{"@context":"https:\/\/schema.org","@graph":[{"@type":"Organization","@id":"https:\/\/www.sicilyaction.com\/#organization","name":"Sicily Action","url":"https:\/\/www.sicilyaction.com\/","sameAs":["https:\/\/www.facebook.com\/sicilyaction\/"],"logo":{"@type":"ImageObject","@id":"https:\/\/www.sicilyaction.com\/#logo","inLanguage":"de","url":"https:\/\/www.sicilyaction.com\/wp-content\/uploads\/2015\/10\/logo_action2.png","contentUrl":"https:\/\/www.sicilyaction.com\/wp-content\/uploads\/2015\/10\/logo_action2.png","width":300,"height":450,"caption":"Sicily Action"},"image":{"@id":"https:\/\/www.sicilyaction.com\/#logo"}},{"@type":"WebSite","@id":"https:\/\/www.sicilyaction.com\/#website","url":"https:\/\/www.sicilyaction.com\/","name":"Sicily Action","description":"Temabulding Sicily","publisher":{"@id":"https:\/\/www.sicilyaction.com\/#organization"},"potentialAction":[{"@type":"SearchAction","target":{"@type":"EntryPoint","urlTemplate":"https:\/\/www.sicilyaction.com\/?s={search_term_string}"},"query-input":"required name=search_term_string"}],"inLanguage":"de"},{"@type":"ImageObject","@id":"https:\/\/www.sicilyaction.com\/de\/team-building\/sicily-treasure-hunt\/#primaryimage","inLanguage":"de","url":"https:\/\/www.sicilyaction.com\/wp-content\/uploads\/2015\/12\/shutterstock_332815457-e1453026780549.jpg","contentUrl":"https:\/\/www.sicilyaction.com\/wp-content\/uploads\/2015\/12\/shutterstock_332815457-e1453026780549.jpg","width":1200,"height":729,"caption":"Sicily Treasure Hunt"},{"@type":"WebPage","@id":"https:\/\/www.sicilyaction.com\/de\/team-building\/sicily-treasure-hunt\/#webpage","url":"https:\/\/www.sicilyaction.com\/de\/team-building\/sicily-treasure-hunt\/","name":"Sicily Treasure Hunt - Team Building Sicily","isPartOf":{"@id":"https:\/\/www.sicilyaction.com\/#website"},"primaryImageOfPage":{"@id":"https:\/\/www.sicilyaction.com\/de\/team-building\/sicily-treasure-hunt\/#primaryimage"},"datePublished":"2015-12-04T18:04:33+00:00","dateModified":"2020-01-15T13:42:18+00:00","description":"Sicily Treasure Hunt - Think of your team competing on the streets of the city, or wandering through the woods and among the craters of a volcano.","breadcrumb":{"@id":"https:\/\/www.sicilyaction.com\/de\/team-building\/sicily-treasure-hunt\/#breadcrumb"},"inLanguage":"de","potentialAction":[{"@type":"ReadAction","target":["https:\/\/www.sicilyaction.com\/de\/team-building\/sicily-treasure-hunt\/"]}]},{"@type":"BreadcrumbList","@id":"https:\/\/www.sicilyaction.com\/de\/team-building\/sicily-treasure-hunt\/#breadcrumb","itemListElement":[{"@type":"ListItem","position":1,"name":"Home","item":"https:\/\/www.sicilyaction.com\/"},{"@type":"ListItem","position":2,"name":"Team Building","item":"https:\/\/www.sicilyaction.com\/de\/team-building\/"},{"@type":"ListItem","position":3,"name":"Schatzsuche"}]}]}},"_links":{"self":[{"href":"https:\/\/www.sicilyaction.com\/de\/wp-json\/wp\/v2\/pages\/730"}],"collection":[{"href":"https:\/\/www.sicilyaction.com\/de\/wp-json\/wp\/v2\/pages"}],"about":[{"href":"https:\/\/www.sicilyaction.com\/de\/wp-json\/wp\/v2\/types\/page"}],"author":[{"embeddable":true,"href":"https:\/\/www.sicilyaction.com\/de\/wp-json\/wp\/v2\/users\/1"}],"replies":[{"embeddable":true,"href":"https:\/\/www.sicilyaction.com\/de\/wp-json\/wp\/v2\/comments?post=730"}],"version-history":[{"count":26,"href":"https:\/\/www.sicilyaction.com\/de\/wp-json\/wp\/v2\/pages\/730\/revisions"}],"predecessor-version":[{"id":1145,"href":"https:\/\/www.sicilyaction.com\/de\/wp-json\/wp\/v2\/pages\/730\/revisions\/1145"}],"up":[{"embeddable":true,"href":"https:\/\/www.sicilyaction.com\/de\/wp-json\/wp\/v2\/pages\/240"}],"wp:featuredmedia":[{"embeddable":true,"href":"https:\/\/www.sicilyaction.com\/de\/wp-json\/wp\/v2\/media\/734"}],"wp:attachment":[{"href":"https:\/\/www.sicilyaction.com\/de\/wp-json\/wp\/v2\/media?parent=730"}],"curies":[{"name":"wp","href":"https:\/\/api.w.org\/{rel}","templated":true}]}}