{"id":7,"date":"2015-02-03T15:44:20","date_gmt":"2015-02-03T15:44:20","guid":{"rendered":"http:\/\/cerchez.com\/ricca\/?page_id=7"},"modified":"2020-03-14T07:52:37","modified_gmt":"2020-03-14T06:52:37","slug":"home","status":"publish","type":"page","link":"https:\/\/www.sicilyaction.com\/de\/","title":{"rendered":"Home"},"content":{"rendered":"<p><\/p>\n<h2>Team Building Sizilien, Incentive Sizilien und Firmenevents<\/h2>\n<p><img loading=\"lazy\" class=\"alignleft wp-image-412 size-thumbnail\" src=\"https:\/\/www.sicilyaction.com\/wp-content\/uploads\/2015\/11\/shutterstock_297544079-150x150.jpg\" alt=\"Team Building Sicily\" width=\"150\" height=\"150\" \/><\/p>\n<p>Wir sind <strong>Sicily Action<\/strong>, ein Unternehmen, das sich auf <strong>Teambuildings, Incentives und Firmenevents in Sizilien<\/strong> spezialisiert hat.<\/p>\n<p><strong>Motivation, Vertrauen und sozialer Zusammenhalt<\/strong> sind wichtig f\u00fcr Ihr Team, aber auch f\u00fcr die Zusammenarbeit zwischen Ihnen und Ihren Kunden und Gesch\u00e4ftspartnern. Sowohl f\u00fcr Incentive-Reisen als auch f\u00fcr Teambuildings ist die Qualit\u00e4t des Erlebnisses von entscheidender Bedeutung. Sicily Action ist auf beide Segmente spezialisiert. Eine herausfordernde und aufregende Aktivit\u00e4t f\u00fcr Ihr Team oder ein entspannter Tag f\u00fcr Ihre Kunden &#8211; mit unseren professionellen Partnern in ganz Sizilien k\u00f6nnen wir Ihnen ein <strong>ma\u00dfgeschneidertes Komplettpaket anbieten.<\/strong><\/p>\n<p><img loading=\"lazy\" class=\"size-full wp-image-796 alignright\" src=\"https:\/\/www.sicilyaction.com\/wp-content\/uploads\/2016\/01\/shutterstock_146570078.jpg\" alt=\"Diving Sicily\" width=\"200\" height=\"133\" \/><\/p>\n<h3>Teambildung<\/h3>\n<p>Wir bieten eine <strong>breite Palette von Freizeitaktivit\u00e4ten in Sizilien<\/strong>. Ziel ist es, den Zusammenhalt der Teams zu st\u00e4rken und ein freundschaftliches und kooperatives Arbeitsumfeld zu schaffen. W\u00e4hrend der Aktivit\u00e4ten <strong>verbessern sie das Stressmanagement und der Zusammenhalt und der Teamgeist wird gest\u00e4rkt<\/strong>. Dar\u00fcber hinaus werden alle Aktivit\u00e4ten von Fachleuten, die mit Leidenschaft bei der Sache sind, organisiert und \u00fcberwacht. Beispiele hierf\u00fcr sind eine <strong>Schatzsuche, der Besuch eines Abenteuerparks, sizilianische Kochkurse, Segeln <\/strong>und vieles mehr.<\/p>\n<p><img loading=\"lazy\" class=\"alignleft size-full wp-image-914\" src=\"https:\/\/www.sicilyaction.com\/wp-content\/uploads\/2016\/01\/shutterstock_215618800.jpg\" alt=\"shutterstock_215618800\" width=\"200\" height=\"140\" \/><\/p>\n<h3>Incentive &amp; Firmenveranstaltungen<\/h3>\n<p>Mit Incentive-Events wie <strong>Wein- und Oliven\u00f6lverkostungen, Offroad-Abenteuern, Tauchen, Quad-Abenteuern, Mountainbiken auf dem \u00c4tna oder Paragliding<\/strong> haben Sie die M\u00f6glichkeit, <strong>Kundenbeziehungen aufzubauen<\/strong> und zu festigen oder Ihre <strong>Mitarbeiter zu belohnen. <\/strong>Folgend sind einige der Unternehmen, die sich bei der Organisation ihrer Veranstaltungen auf uns verlassen haben. Dinge, die diese Unternehmen gemein haben, ist die Wertsch\u00e4tzung der <strong>Bedeutung von Personalentwicklung und -moral.<\/strong><\/p>\n<p>Gerne unterst\u00fctzen wir Sie bei der <strong>Organisation Ihres Teambuildings und Incentives auf Sizilien.<\/strong><\/p>\n<p><img loading=\"lazy\" class=\"size-full wp-image-884\" src=\"https:\/\/www.sicilyaction.com\/wp-content\/uploads\/2015\/02\/companies_02-1.jpg\" alt=\"Team Building Sicily\" width=\"165\" height=\"130\" \/><img loading=\"lazy\" class=\"size-full wp-image-888\" src=\"https:\/\/www.sicilyaction.com\/wp-content\/uploads\/2015\/02\/companies_06-1.jpg\" alt=\"Team Building Sicily\" width=\"247\" height=\"130\" \/><img loading=\"lazy\" class=\"size-full wp-image-887\" src=\"https:\/\/www.sicilyaction.com\/wp-content\/uploads\/2015\/02\/companies_05-1.jpg\" alt=\"Team Building Sicily\" width=\"246\" height=\"130\" \/><img loading=\"lazy\" class=\"size-full wp-image-886\" src=\"https:\/\/www.sicilyaction.com\/wp-content\/uploads\/2015\/02\/companies_04-1.jpg\" alt=\"Team Building Sicily\" width=\"135\" height=\"130\" \/><img loading=\"lazy\" class=\" size-full wp-image-885\" src=\"https:\/\/www.sicilyaction.com\/wp-content\/uploads\/2015\/02\/companies_03-1.jpg\" alt=\"Team Building Sicily\" width=\"127\" height=\"130\" \/><img loading=\"lazy\" class=\"size-full wp-image-883\" src=\"https:\/\/www.sicilyaction.com\/wp-content\/uploads\/2015\/02\/companies_01-1.jpg\" alt=\"Team Building Sicily\" width=\"171\" height=\"130\" \/><\/p>\n<h3 style=\"text-align: right;\">Team Building Sicily &#8211; Incentives Sicily<\/h3>\n<p>&nbsp;<\/p>\n<p><img loading=\"lazy\" class=\"aligncenter wp-image-1027 \" src=\"https:\/\/www.sicilyaction.com\/wp-content\/uploads\/2019\/08\/SITE-with-Acronym-600x187.jpg\" alt=\"SITE\" width=\"250\" height=\"78\" srcset=\"https:\/\/www.sicilyaction.com\/wp-content\/uploads\/2019\/08\/SITE-with-Acronym-600x187.jpg 600w, https:\/\/www.sicilyaction.com\/wp-content\/uploads\/2019\/08\/SITE-with-Acronym-600x187-300x94.jpg 300w\" sizes=\"(max-width: 250px) 100vw, 250px\" \/><\/p>\n<p><a href=\"https:\/\/www.go-etna.de\/service-sizilien\/aetna-jeep-tour-aetna-ausflug\/\" target=\"_blank\" rel=\"noopener noreferrer\">\u00c4tna Jeep Tour<\/a><\/p>\n<p><a href=\"https:\/\/www.go-etna.de\/service-sizilien\/emotion-etna-auf-3-000-meter\/\" target=\"_blank\" rel=\"noopener noreferrer\">Emotion \u00c4tna Tour auf 3000 Meter<\/a><\/p>\n<p><a href=\"https:\/\/www.go-etna.de\/service-sizilien\/etna-wandern\/\" target=\"_blank\" rel=\"noopener noreferrer\">\u00c4tna Gipfelkrater-Trekking 3350m<\/a><\/p>","protected":false},"excerpt":{"rendered":"<p>Team Building Sizilien, Incentive Sizilien und Firmenevents Wir sind Sicily Action, ein Unternehmen, das sich auf Teambuildings, Incentives und Firmenevents in Sizilien spezialisiert hat. Motivation, Vertrauen und sozialer Zusammenhalt sind <a href=\"https:\/\/www.sicilyaction.com\/de\/\" class=\"more-link\">[&#8230;]<\/a><\/p>\n","protected":false},"author":1,"featured_media":389,"parent":0,"menu_order":0,"comment_status":"open","ping_status":"open","template":"","meta":[],"yoast_head":"<!-- This site is optimized with the Yoast SEO plugin v18.2 - https:\/\/yoast.com\/wordpress\/plugins\/seo\/ -->\n<title>Team Building Sicily &amp; Incentive Sicily - Corporate Events - Sicily Action<\/title>\n<meta name=\"description\" content=\"Team Building Sicily and Incentive Sicily organization, Sicily Action is a key figure for all companies that want to improve their employee&#039;s performance\" \/>\n<meta name=\"robots\" content=\"index, follow, max-snippet:-1, max-image-preview:large, max-video-preview:-1\" \/>\n<link rel=\"canonical\" href=\"https:\/\/www.sicilyaction.com\/\" \/>\n<meta property=\"og:locale\" content=\"de_DE\" \/>\n<meta property=\"og:type\" content=\"article\" \/>\n<meta property=\"og:title\" content=\"Team Building Sicily &amp; Incentive Sicily - Corporate Events - Sicily Action\" \/>\n<meta property=\"og:description\" content=\"Team Building Sicily and Incentive Sicily organization, Sicily Action is a key figure for all companies that want to improve their employee&#039;s performance\" \/>\n<meta property=\"og:url\" content=\"https:\/\/www.sicilyaction.com\/\" \/>\n<meta property=\"og:site_name\" content=\"Sicily Action\" \/>\n<meta property=\"article:publisher\" content=\"https:\/\/www.facebook.com\/sicilyaction\/\" \/>\n<meta property=\"article:modified_time\" content=\"2020-03-14T06:52:37+00:00\" \/>\n<meta property=\"og:image\" content=\"https:\/\/www.sicilyaction.com\/wp-content\/uploads\/2015\/11\/shutterstock_213370534-e1453117150103.jpg\" \/>\n\t<meta property=\"og:image:width\" content=\"800\" \/>\n\t<meta property=\"og:image:height\" content=\"532\" \/>\n\t<meta property=\"og:image:type\" content=\"image\/jpeg\" \/>\n<meta name=\"twitter:card\" content=\"summary\" \/>\n<meta name=\"twitter:label1\" content=\"Gesch\u00e4tzte Lesezeit\" \/>\n\t<meta name=\"twitter:data1\" content=\"7\u00a0Minuten\" \/>\n<script type=\"application\/ld+json\" class=\"yoast-schema-graph\">{\"@context\":\"https:\/\/schema.org\",\"@graph\":[{\"@type\":\"Organization\",\"@id\":\"https:\/\/www.sicilyaction.com\/#organization\",\"name\":\"Sicily Action\",\"url\":\"https:\/\/www.sicilyaction.com\/\",\"sameAs\":[\"https:\/\/www.facebook.com\/sicilyaction\/\"],\"logo\":{\"@type\":\"ImageObject\",\"@id\":\"https:\/\/www.sicilyaction.com\/#logo\",\"inLanguage\":\"de\",\"url\":\"https:\/\/www.sicilyaction.com\/wp-content\/uploads\/2015\/10\/logo_action2.png\",\"contentUrl\":\"https:\/\/www.sicilyaction.com\/wp-content\/uploads\/2015\/10\/logo_action2.png\",\"width\":300,\"height\":450,\"caption\":\"Sicily Action\"},\"image\":{\"@id\":\"https:\/\/www.sicilyaction.com\/#logo\"}},{\"@type\":\"WebSite\",\"@id\":\"https:\/\/www.sicilyaction.com\/#website\",\"url\":\"https:\/\/www.sicilyaction.com\/\",\"name\":\"Sicily Action\",\"description\":\"Temabulding Sicily\",\"publisher\":{\"@id\":\"https:\/\/www.sicilyaction.com\/#organization\"},\"potentialAction\":[{\"@type\":\"SearchAction\",\"target\":{\"@type\":\"EntryPoint\",\"urlTemplate\":\"https:\/\/www.sicilyaction.com\/?s={search_term_string}\"},\"query-input\":\"required name=search_term_string\"}],\"inLanguage\":\"de\"},{\"@type\":\"ImageObject\",\"@id\":\"https:\/\/www.sicilyaction.com\/#primaryimage\",\"inLanguage\":\"de\",\"url\":\"https:\/\/www.sicilyaction.com\/wp-content\/uploads\/2015\/11\/shutterstock_213370534-e1453117150103.jpg\",\"contentUrl\":\"https:\/\/www.sicilyaction.com\/wp-content\/uploads\/2015\/11\/shutterstock_213370534-e1453117150103.jpg\",\"width\":800,\"height\":532,\"caption\":\"Diving Sicily\"},{\"@type\":\"WebPage\",\"@id\":\"https:\/\/www.sicilyaction.com\/#webpage\",\"url\":\"https:\/\/www.sicilyaction.com\/\",\"name\":\"Team Building Sicily & Incentive Sicily - Corporate Events - Sicily Action\",\"isPartOf\":{\"@id\":\"https:\/\/www.sicilyaction.com\/#website\"},\"primaryImageOfPage\":{\"@id\":\"https:\/\/www.sicilyaction.com\/#primaryimage\"},\"datePublished\":\"2015-02-03T15:44:20+00:00\",\"dateModified\":\"2020-03-14T06:52:37+00:00\",\"description\":\"Team Building Sicily and Incentive Sicily organization, Sicily Action is a key figure for all companies that want to improve their employee's performance\",\"breadcrumb\":{\"@id\":\"https:\/\/www.sicilyaction.com\/#breadcrumb\"},\"inLanguage\":\"de\",\"potentialAction\":[{\"@type\":\"ReadAction\",\"target\":[\"https:\/\/www.sicilyaction.com\/\"]}]},{\"@type\":\"BreadcrumbList\",\"@id\":\"https:\/\/www.sicilyaction.com\/#breadcrumb\",\"itemListElement\":[{\"@type\":\"ListItem\",\"position\":1,\"name\":\"Home\",\"item\":\"https:\/\/www.sicilyaction.com\/\"},{\"@type\":\"ListItem\",\"position\":2,\"name\":\"Home\"}]}]}<\/script>\n<!-- \/ Yoast SEO plugin. -->","yoast_head_json":{"title":"Team Building Sicily & Incentive Sicily - Corporate Events - Sicily Action","description":"Team Building Sicily and Incentive Sicily organization, Sicily Action is a key figure for all companies that want to improve their employee's performance","robots":{"index":"index","follow":"follow","max-snippet":"max-snippet:-1","max-image-preview":"max-image-preview:large","max-video-preview":"max-video-preview:-1"},"canonical":"https:\/\/www.sicilyaction.com\/","og_locale":"de_DE","og_type":"article","og_title":"Team Building Sicily & Incentive Sicily - Corporate Events - Sicily Action","og_description":"Team Building Sicily and Incentive Sicily organization, Sicily Action is a key figure for all companies that want to improve their employee's performance","og_url":"https:\/\/www.sicilyaction.com\/","og_site_name":"Sicily Action","article_publisher":"https:\/\/www.facebook.com\/sicilyaction\/","article_modified_time":"2020-03-14T06:52:37+00:00","og_image":[{"width":800,"height":532,"url":"https:\/\/www.sicilyaction.com\/wp-content\/uploads\/2015\/11\/shutterstock_213370534-e1453117150103.jpg","type":"image\/jpeg"}],"twitter_card":"summary","twitter_misc":{"Gesch\u00e4tzte Lesezeit":"7\u00a0Minuten"},"schema":{"@context":"https:\/\/schema.org","@graph":[{"@type":"Organization","@id":"https:\/\/www.sicilyaction.com\/#organization","name":"Sicily Action","url":"https:\/\/www.sicilyaction.com\/","sameAs":["https:\/\/www.facebook.com\/sicilyaction\/"],"logo":{"@type":"ImageObject","@id":"https:\/\/www.sicilyaction.com\/#logo","inLanguage":"de","url":"https:\/\/www.sicilyaction.com\/wp-content\/uploads\/2015\/10\/logo_action2.png","contentUrl":"https:\/\/www.sicilyaction.com\/wp-content\/uploads\/2015\/10\/logo_action2.png","width":300,"height":450,"caption":"Sicily Action"},"image":{"@id":"https:\/\/www.sicilyaction.com\/#logo"}},{"@type":"WebSite","@id":"https:\/\/www.sicilyaction.com\/#website","url":"https:\/\/www.sicilyaction.com\/","name":"Sicily Action","description":"Temabulding Sicily","publisher":{"@id":"https:\/\/www.sicilyaction.com\/#organization"},"potentialAction":[{"@type":"SearchAction","target":{"@type":"EntryPoint","urlTemplate":"https:\/\/www.sicilyaction.com\/?s={search_term_string}"},"query-input":"required name=search_term_string"}],"inLanguage":"de"},{"@type":"ImageObject","@id":"https:\/\/www.sicilyaction.com\/#primaryimage","inLanguage":"de","url":"https:\/\/www.sicilyaction.com\/wp-content\/uploads\/2015\/11\/shutterstock_213370534-e1453117150103.jpg","contentUrl":"https:\/\/www.sicilyaction.com\/wp-content\/uploads\/2015\/11\/shutterstock_213370534-e1453117150103.jpg","width":800,"height":532,"caption":"Diving Sicily"},{"@type":"WebPage","@id":"https:\/\/www.sicilyaction.com\/#webpage","url":"https:\/\/www.sicilyaction.com\/","name":"Team Building Sicily & Incentive Sicily - Corporate Events - Sicily Action","isPartOf":{"@id":"https:\/\/www.sicilyaction.com\/#website"},"primaryImageOfPage":{"@id":"https:\/\/www.sicilyaction.com\/#primaryimage"},"datePublished":"2015-02-03T15:44:20+00:00","dateModified":"2020-03-14T06:52:37+00:00","description":"Team Building Sicily and Incentive Sicily organization, Sicily Action is a key figure for all companies that want to improve their employee's performance","breadcrumb":{"@id":"https:\/\/www.sicilyaction.com\/#breadcrumb"},"inLanguage":"de","potentialAction":[{"@type":"ReadAction","target":["https:\/\/www.sicilyaction.com\/"]}]},{"@type":"BreadcrumbList","@id":"https:\/\/www.sicilyaction.com\/#breadcrumb","itemListElement":[{"@type":"ListItem","position":1,"name":"Home","item":"https:\/\/www.sicilyaction.com\/"},{"@type":"ListItem","position":2,"name":"Home"}]}]}},"_links":{"self":[{"href":"https:\/\/www.sicilyaction.com\/de\/wp-json\/wp\/v2\/pages\/7"}],"collection":[{"href":"https:\/\/www.sicilyaction.com\/de\/wp-json\/wp\/v2\/pages"}],"about":[{"href":"https:\/\/www.sicilyaction.com\/de\/wp-json\/wp\/v2\/types\/page"}],"author":[{"embeddable":true,"href":"https:\/\/www.sicilyaction.com\/de\/wp-json\/wp\/v2\/users\/1"}],"replies":[{"embeddable":true,"href":"https:\/\/www.sicilyaction.com\/de\/wp-json\/wp\/v2\/comments?post=7"}],"version-history":[{"count":149,"href":"https:\/\/www.sicilyaction.com\/de\/wp-json\/wp\/v2\/pages\/7\/revisions"}],"predecessor-version":[{"id":1160,"href":"https:\/\/www.sicilyaction.com\/de\/wp-json\/wp\/v2\/pages\/7\/revisions\/1160"}],"wp:featuredmedia":[{"embeddable":true,"href":"https:\/\/www.sicilyaction.com\/de\/wp-json\/wp\/v2\/media\/389"}],"wp:attachment":[{"href":"https:\/\/www.sicilyaction.com\/de\/wp-json\/wp\/v2\/media?parent=7"}],"curies":[{"name":"wp","href":"https:\/\/api.w.org\/{rel}","templated":true}]}}