{"id":644,"date":"2015-11-27T17:27:38","date_gmt":"2015-11-27T16:27:38","guid":{"rendered":"https:\/\/www.sicilyaction.com\/?page_id=644"},"modified":"2020-01-15T12:57:54","modified_gmt":"2020-01-15T11:57:54","slug":"skydiving-sicily","status":"publish","type":"page","link":"https:\/\/www.sicilyaction.com\/de\/corportate-events\/skydiving-sicily\/","title":{"rendered":"Skydiving"},"content":{"rendered":"<p><img loading=\"lazy\" class=\"alignleft size-full wp-image-809\" src=\"https:\/\/www.sicilyaction.com\/wp-content\/uploads\/2016\/01\/Skydiving_France.jpg\" alt=\"Skydiving Sicily\" width=\"200\" height=\"133\" \/><strong>Skydiving Sizilien\u2026<\/strong> Ein Tandem-Fallschrimsprung bringt Emotionen mit sich, welche Ihnen tats\u00e4chlich nur das Freefall Skydiving bieten kann. Nach einer kurzen Einweisung sind Sie bereit den Sprung aus ca. 4.300 Metern H\u00f6he zu wagen. Selbstverst\u00e4ndlich sind Sie fest an Ihren Instrukteur angeschnallt, welcher sich um alle technischen Details k\u00fcmmert. W\u00e4hrenddessen k\u00f6nnen Sie eine volle Minute Adrenalin genie\u00dfen, bei einer Endgeschwindigkeit von 190 kmh.<\/p>\n<h3 style=\"text-align: right;\">Skydiving Sizilien<\/h3>\n<p><\/p>","protected":false},"excerpt":{"rendered":"<p>Skydiving Sizilien\u2026 Ein Tandem-Fallschrimsprung bringt Emotionen mit sich, welche Ihnen tats\u00e4chlich nur das Freefall Skydiving bieten kann. Nach einer kurzen Einweisung sind Sie bereit den Sprung aus ca. 4.300 Metern <a href=\"https:\/\/www.sicilyaction.com\/de\/corportate-events\/skydiving-sicily\/\" class=\"more-link\">[&#8230;]<\/a><\/p>\n","protected":false},"author":1,"featured_media":646,"parent":252,"menu_order":0,"comment_status":"closed","ping_status":"closed","template":"template-sidebar.php","meta":[],"yoast_head":"<!-- This site is optimized with the Yoast SEO plugin v18.2 - https:\/\/yoast.com\/wordpress\/plugins\/seo\/ -->\n<title>Skydiving Sicily - Tandem Skydiving Sicily - Skydiving Italy<\/title>\n<meta name=\"description\" content=\"Skydiving Sicily - Tandem parachuting experience allow you to feel emotions that only the freefall skydiving is able to give...\" \/>\n<meta name=\"robots\" content=\"index, follow, max-snippet:-1, max-image-preview:large, max-video-preview:-1\" \/>\n<link rel=\"canonical\" href=\"https:\/\/www.sicilyaction.com\/corportate-events\/skydiving-sicily\/\" \/>\n<meta property=\"og:locale\" content=\"de_DE\" \/>\n<meta property=\"og:type\" content=\"article\" \/>\n<meta property=\"og:title\" content=\"Skydiving Sicily - Tandem Skydiving Sicily - Skydiving Italy\" \/>\n<meta property=\"og:description\" content=\"Skydiving Sicily - Tandem parachuting experience allow you to feel emotions that only the freefall skydiving is able to give...\" \/>\n<meta property=\"og:url\" content=\"https:\/\/www.sicilyaction.com\/corportate-events\/skydiving-sicily\/\" \/>\n<meta property=\"og:site_name\" content=\"Sicily Action\" \/>\n<meta property=\"article:publisher\" content=\"https:\/\/www.facebook.com\/sicilyaction\/\" \/>\n<meta property=\"article:modified_time\" content=\"2020-01-15T11:57:54+00:00\" \/>\n<meta property=\"og:image\" content=\"https:\/\/www.sicilyaction.com\/wp-content\/uploads\/2015\/11\/A\u00e9rodrome_de_Lessay_avec_une_sortie_davion_saut_en_parachute_tandem-e1448559121995.jpg\" \/>\n\t<meta property=\"og:image:width\" content=\"1200\" \/>\n\t<meta property=\"og:image:height\" content=\"800\" \/>\n\t<meta property=\"og:image:type\" content=\"image\/jpeg\" \/>\n<meta name=\"twitter:card\" content=\"summary\" \/>\n<meta name=\"twitter:label1\" content=\"Gesch\u00e4tzte Lesezeit\" \/>\n\t<meta name=\"twitter:data1\" content=\"2\u00a0Minuten\" \/>\n<script type=\"application\/ld+json\" class=\"yoast-schema-graph\">{\"@context\":\"https:\/\/schema.org\",\"@graph\":[{\"@type\":\"Organization\",\"@id\":\"https:\/\/www.sicilyaction.com\/#organization\",\"name\":\"Sicily Action\",\"url\":\"https:\/\/www.sicilyaction.com\/\",\"sameAs\":[\"https:\/\/www.facebook.com\/sicilyaction\/\"],\"logo\":{\"@type\":\"ImageObject\",\"@id\":\"https:\/\/www.sicilyaction.com\/#logo\",\"inLanguage\":\"de\",\"url\":\"https:\/\/www.sicilyaction.com\/wp-content\/uploads\/2015\/10\/logo_action2.png\",\"contentUrl\":\"https:\/\/www.sicilyaction.com\/wp-content\/uploads\/2015\/10\/logo_action2.png\",\"width\":300,\"height\":450,\"caption\":\"Sicily Action\"},\"image\":{\"@id\":\"https:\/\/www.sicilyaction.com\/#logo\"}},{\"@type\":\"WebSite\",\"@id\":\"https:\/\/www.sicilyaction.com\/#website\",\"url\":\"https:\/\/www.sicilyaction.com\/\",\"name\":\"Sicily Action\",\"description\":\"Temabulding Sicily\",\"publisher\":{\"@id\":\"https:\/\/www.sicilyaction.com\/#organization\"},\"potentialAction\":[{\"@type\":\"SearchAction\",\"target\":{\"@type\":\"EntryPoint\",\"urlTemplate\":\"https:\/\/www.sicilyaction.com\/?s={search_term_string}\"},\"query-input\":\"required name=search_term_string\"}],\"inLanguage\":\"de\"},{\"@type\":\"ImageObject\",\"@id\":\"https:\/\/www.sicilyaction.com\/corportate-events\/skydiving-sicily\/#primaryimage\",\"inLanguage\":\"de\",\"url\":\"https:\/\/www.sicilyaction.com\/wp-content\/uploads\/2015\/11\/A\u00e9rodrome_de_Lessay_avec_une_sortie_davion_saut_en_parachute_tandem-e1448559121995.jpg\",\"contentUrl\":\"https:\/\/www.sicilyaction.com\/wp-content\/uploads\/2015\/11\/A\u00e9rodrome_de_Lessay_avec_une_sortie_davion_saut_en_parachute_tandem-e1448559121995.jpg\",\"width\":1200,\"height\":800,\"caption\":\"Skydiving Sicily\"},{\"@type\":\"WebPage\",\"@id\":\"https:\/\/www.sicilyaction.com\/corportate-events\/skydiving-sicily\/#webpage\",\"url\":\"https:\/\/www.sicilyaction.com\/corportate-events\/skydiving-sicily\/\",\"name\":\"Skydiving Sicily - Tandem Skydiving Sicily - Skydiving Italy\",\"isPartOf\":{\"@id\":\"https:\/\/www.sicilyaction.com\/#website\"},\"primaryImageOfPage\":{\"@id\":\"https:\/\/www.sicilyaction.com\/corportate-events\/skydiving-sicily\/#primaryimage\"},\"datePublished\":\"2015-11-27T16:27:38+00:00\",\"dateModified\":\"2020-01-15T11:57:54+00:00\",\"description\":\"Skydiving Sicily - Tandem parachuting experience allow you to feel emotions that only the freefall skydiving is able to give...\",\"breadcrumb\":{\"@id\":\"https:\/\/www.sicilyaction.com\/corportate-events\/skydiving-sicily\/#breadcrumb\"},\"inLanguage\":\"de\",\"potentialAction\":[{\"@type\":\"ReadAction\",\"target\":[\"https:\/\/www.sicilyaction.com\/corportate-events\/skydiving-sicily\/\"]}]},{\"@type\":\"BreadcrumbList\",\"@id\":\"https:\/\/www.sicilyaction.com\/corportate-events\/skydiving-sicily\/#breadcrumb\",\"itemListElement\":[{\"@type\":\"ListItem\",\"position\":1,\"name\":\"Home\",\"item\":\"https:\/\/www.sicilyaction.com\/\"},{\"@type\":\"ListItem\",\"position\":2,\"name\":\"Corporate Events Sicily\",\"item\":\"https:\/\/www.sicilyaction.com\/corportate-events\/\"},{\"@type\":\"ListItem\",\"position\":3,\"name\":\"Skydiving\"}]}]}<\/script>\n<!-- \/ Yoast SEO plugin. -->","yoast_head_json":{"title":"Skydiving Sicily - Tandem Skydiving Sicily - Skydiving Italy","description":"Skydiving Sicily - Tandem parachuting experience allow you to feel emotions that only the freefall skydiving is able to give...","robots":{"index":"index","follow":"follow","max-snippet":"max-snippet:-1","max-image-preview":"max-image-preview:large","max-video-preview":"max-video-preview:-1"},"canonical":"https:\/\/www.sicilyaction.com\/corportate-events\/skydiving-sicily\/","og_locale":"de_DE","og_type":"article","og_title":"Skydiving Sicily - Tandem Skydiving Sicily - Skydiving Italy","og_description":"Skydiving Sicily - Tandem parachuting experience allow you to feel emotions that only the freefall skydiving is able to give...","og_url":"https:\/\/www.sicilyaction.com\/corportate-events\/skydiving-sicily\/","og_site_name":"Sicily Action","article_publisher":"https:\/\/www.facebook.com\/sicilyaction\/","article_modified_time":"2020-01-15T11:57:54+00:00","og_image":[{"width":1200,"height":800,"url":"https:\/\/www.sicilyaction.com\/wp-content\/uploads\/2015\/11\/A\u00e9rodrome_de_Lessay_avec_une_sortie_davion_saut_en_parachute_tandem-e1448559121995.jpg","type":"image\/jpeg"}],"twitter_card":"summary","twitter_misc":{"Gesch\u00e4tzte Lesezeit":"2\u00a0Minuten"},"schema":{"@context":"https:\/\/schema.org","@graph":[{"@type":"Organization","@id":"https:\/\/www.sicilyaction.com\/#organization","name":"Sicily Action","url":"https:\/\/www.sicilyaction.com\/","sameAs":["https:\/\/www.facebook.com\/sicilyaction\/"],"logo":{"@type":"ImageObject","@id":"https:\/\/www.sicilyaction.com\/#logo","inLanguage":"de","url":"https:\/\/www.sicilyaction.com\/wp-content\/uploads\/2015\/10\/logo_action2.png","contentUrl":"https:\/\/www.sicilyaction.com\/wp-content\/uploads\/2015\/10\/logo_action2.png","width":300,"height":450,"caption":"Sicily Action"},"image":{"@id":"https:\/\/www.sicilyaction.com\/#logo"}},{"@type":"WebSite","@id":"https:\/\/www.sicilyaction.com\/#website","url":"https:\/\/www.sicilyaction.com\/","name":"Sicily Action","description":"Temabulding Sicily","publisher":{"@id":"https:\/\/www.sicilyaction.com\/#organization"},"potentialAction":[{"@type":"SearchAction","target":{"@type":"EntryPoint","urlTemplate":"https:\/\/www.sicilyaction.com\/?s={search_term_string}"},"query-input":"required name=search_term_string"}],"inLanguage":"de"},{"@type":"ImageObject","@id":"https:\/\/www.sicilyaction.com\/corportate-events\/skydiving-sicily\/#primaryimage","inLanguage":"de","url":"https:\/\/www.sicilyaction.com\/wp-content\/uploads\/2015\/11\/A\u00e9rodrome_de_Lessay_avec_une_sortie_davion_saut_en_parachute_tandem-e1448559121995.jpg","contentUrl":"https:\/\/www.sicilyaction.com\/wp-content\/uploads\/2015\/11\/A\u00e9rodrome_de_Lessay_avec_une_sortie_davion_saut_en_parachute_tandem-e1448559121995.jpg","width":1200,"height":800,"caption":"Skydiving Sicily"},{"@type":"WebPage","@id":"https:\/\/www.sicilyaction.com\/corportate-events\/skydiving-sicily\/#webpage","url":"https:\/\/www.sicilyaction.com\/corportate-events\/skydiving-sicily\/","name":"Skydiving Sicily - Tandem Skydiving Sicily - Skydiving Italy","isPartOf":{"@id":"https:\/\/www.sicilyaction.com\/#website"},"primaryImageOfPage":{"@id":"https:\/\/www.sicilyaction.com\/corportate-events\/skydiving-sicily\/#primaryimage"},"datePublished":"2015-11-27T16:27:38+00:00","dateModified":"2020-01-15T11:57:54+00:00","description":"Skydiving Sicily - Tandem parachuting experience allow you to feel emotions that only the freefall skydiving is able to give...","breadcrumb":{"@id":"https:\/\/www.sicilyaction.com\/corportate-events\/skydiving-sicily\/#breadcrumb"},"inLanguage":"de","potentialAction":[{"@type":"ReadAction","target":["https:\/\/www.sicilyaction.com\/corportate-events\/skydiving-sicily\/"]}]},{"@type":"BreadcrumbList","@id":"https:\/\/www.sicilyaction.com\/corportate-events\/skydiving-sicily\/#breadcrumb","itemListElement":[{"@type":"ListItem","position":1,"name":"Home","item":"https:\/\/www.sicilyaction.com\/"},{"@type":"ListItem","position":2,"name":"Corporate Events Sicily","item":"https:\/\/www.sicilyaction.com\/corportate-events\/"},{"@type":"ListItem","position":3,"name":"Skydiving"}]}]}},"_links":{"self":[{"href":"https:\/\/www.sicilyaction.com\/de\/wp-json\/wp\/v2\/pages\/644"}],"collection":[{"href":"https:\/\/www.sicilyaction.com\/de\/wp-json\/wp\/v2\/pages"}],"about":[{"href":"https:\/\/www.sicilyaction.com\/de\/wp-json\/wp\/v2\/types\/page"}],"author":[{"embeddable":true,"href":"https:\/\/www.sicilyaction.com\/de\/wp-json\/wp\/v2\/users\/1"}],"replies":[{"embeddable":true,"href":"https:\/\/www.sicilyaction.com\/de\/wp-json\/wp\/v2\/comments?post=644"}],"version-history":[{"count":13,"href":"https:\/\/www.sicilyaction.com\/de\/wp-json\/wp\/v2\/pages\/644\/revisions"}],"predecessor-version":[{"id":1121,"href":"https:\/\/www.sicilyaction.com\/de\/wp-json\/wp\/v2\/pages\/644\/revisions\/1121"}],"up":[{"embeddable":true,"href":"https:\/\/www.sicilyaction.com\/de\/wp-json\/wp\/v2\/pages\/252"}],"wp:featuredmedia":[{"embeddable":true,"href":"https:\/\/www.sicilyaction.com\/de\/wp-json\/wp\/v2\/media\/646"}],"wp:attachment":[{"href":"https:\/\/www.sicilyaction.com\/de\/wp-json\/wp\/v2\/media?parent=644"}],"curies":[{"name":"wp","href":"https:\/\/api.w.org\/{rel}","templated":true}]}}