{"id":621,"date":"2015-11-27T16:00:38","date_gmt":"2015-11-27T15:00:38","guid":{"rendered":"https:\/\/www.sicilyaction.com\/?page_id=621"},"modified":"2020-01-15T14:40:49","modified_gmt":"2020-01-15T13:40:49","slug":"meeting-congresses-sicily","status":"publish","type":"page","link":"https:\/\/www.sicilyaction.com\/de\/corportate-events\/meeting-congresses-sicily\/","title":{"rendered":"Meetings und Kongresse"},"content":{"rendered":"<p><img loading=\"lazy\" class=\"alignleft size-full wp-image-789\" src=\"https:\/\/www.sicilyaction.com\/wp-content\/uploads\/2016\/01\/shutterstock_148189043.jpg\" alt=\"Congresse and Meeting Sicily\" width=\"200\" height=\"134\" \/><strong>Tagungen und Kongresse Sizilien<\/strong> <strong>&#8230;<\/strong> Ganz gleich, welche Bed\u00fcrfnisse Sie haben, wir finden den richtigen und passenden Ort f\u00fcr Ihre Veranstaltung.<\/p>\n<p>Unser Unternehmen unterst\u00fctzt Sie dabei, jedes Detail zu optimieren und sicherzustellen, dass Ihre Veranstaltung zum Erfolg wird.<\/p>\n<p>&nbsp;<\/p>\n<p><strong>Auf Anfrage bieten wir weitere Services an:<\/strong><\/p>\n<ul>\n<li>Wir organisieren Ihr Abendessen, Kaffeepause und ein leichtes Mittagessen<\/li>\n<li>Transfer vom und zum Flughafen<\/li>\n<li>Sightseeing-Touren und Teambuilding-Aktivit\u00e4ten<\/li>\n<\/ul>\n<p>Wir freuen uns darauf, gemeinsam mit Ihnen, Ihre Veranstaltung mit Engagement und Liebe zum Detail zu organisieren!<\/p>","protected":false},"excerpt":{"rendered":"<p>Tagungen und Kongresse Sizilien &#8230; Ganz gleich, welche Bed\u00fcrfnisse Sie haben, wir finden den richtigen und passenden Ort f\u00fcr Ihre Veranstaltung. Unser Unternehmen unterst\u00fctzt Sie dabei, jedes Detail zu optimieren <a href=\"https:\/\/www.sicilyaction.com\/de\/corportate-events\/meeting-congresses-sicily\/\" class=\"more-link\">[&#8230;]<\/a><\/p>\n","protected":false},"author":1,"featured_media":626,"parent":252,"menu_order":0,"comment_status":"closed","ping_status":"closed","template":"template-sidebar.php","meta":[],"yoast_head":"<!-- This site is optimized with the Yoast SEO plugin v18.2 - https:\/\/yoast.com\/wordpress\/plugins\/seo\/ -->\n<title>Meeting and Congresses Sicily - Corporate Events Sicily<\/title>\n<meta name=\"description\" content=\"Meeting and Congresses Sicily -\u00a0Our\u00a0Division Meeting\u00a0will support you to fine-tune every detail and make your event a success.\" \/>\n<meta name=\"robots\" content=\"index, follow, max-snippet:-1, max-image-preview:large, max-video-preview:-1\" \/>\n<link rel=\"canonical\" href=\"https:\/\/www.sicilyaction.com\/corportate-events\/meeting-congresses-sicily\/\" \/>\n<meta property=\"og:locale\" content=\"de_DE\" \/>\n<meta property=\"og:type\" content=\"article\" \/>\n<meta property=\"og:title\" content=\"Meeting and Congresses Sicily - Corporate Events Sicily\" \/>\n<meta property=\"og:description\" content=\"Meeting and Congresses Sicily -\u00a0Our\u00a0Division Meeting\u00a0will support you to fine-tune every detail and make your event a success.\" \/>\n<meta property=\"og:url\" content=\"https:\/\/www.sicilyaction.com\/corportate-events\/meeting-congresses-sicily\/\" \/>\n<meta property=\"og:site_name\" content=\"Sicily Action\" \/>\n<meta property=\"article:publisher\" content=\"https:\/\/www.facebook.com\/sicilyaction\/\" \/>\n<meta property=\"article:modified_time\" content=\"2020-01-15T13:40:49+00:00\" \/>\n<meta property=\"og:image\" content=\"https:\/\/www.sicilyaction.com\/wp-content\/uploads\/2015\/11\/shutterstock_210976834-e1453027033543.jpg\" \/>\n\t<meta property=\"og:image:width\" content=\"1200\" \/>\n\t<meta property=\"og:image:height\" content=\"752\" \/>\n\t<meta property=\"og:image:type\" content=\"image\/jpeg\" \/>\n<meta name=\"twitter:card\" content=\"summary\" \/>\n<meta name=\"twitter:label1\" content=\"Gesch\u00e4tzte Lesezeit\" \/>\n\t<meta name=\"twitter:data1\" content=\"2\u00a0Minuten\" \/>\n<script type=\"application\/ld+json\" class=\"yoast-schema-graph\">{\"@context\":\"https:\/\/schema.org\",\"@graph\":[{\"@type\":\"Organization\",\"@id\":\"https:\/\/www.sicilyaction.com\/#organization\",\"name\":\"Sicily Action\",\"url\":\"https:\/\/www.sicilyaction.com\/\",\"sameAs\":[\"https:\/\/www.facebook.com\/sicilyaction\/\"],\"logo\":{\"@type\":\"ImageObject\",\"@id\":\"https:\/\/www.sicilyaction.com\/#logo\",\"inLanguage\":\"de\",\"url\":\"https:\/\/www.sicilyaction.com\/wp-content\/uploads\/2015\/10\/logo_action2.png\",\"contentUrl\":\"https:\/\/www.sicilyaction.com\/wp-content\/uploads\/2015\/10\/logo_action2.png\",\"width\":300,\"height\":450,\"caption\":\"Sicily Action\"},\"image\":{\"@id\":\"https:\/\/www.sicilyaction.com\/#logo\"}},{\"@type\":\"WebSite\",\"@id\":\"https:\/\/www.sicilyaction.com\/#website\",\"url\":\"https:\/\/www.sicilyaction.com\/\",\"name\":\"Sicily Action\",\"description\":\"Temabulding Sicily\",\"publisher\":{\"@id\":\"https:\/\/www.sicilyaction.com\/#organization\"},\"potentialAction\":[{\"@type\":\"SearchAction\",\"target\":{\"@type\":\"EntryPoint\",\"urlTemplate\":\"https:\/\/www.sicilyaction.com\/?s={search_term_string}\"},\"query-input\":\"required name=search_term_string\"}],\"inLanguage\":\"de\"},{\"@type\":\"ImageObject\",\"@id\":\"https:\/\/www.sicilyaction.com\/corportate-events\/meeting-congresses-sicily\/#primaryimage\",\"inLanguage\":\"de\",\"url\":\"https:\/\/www.sicilyaction.com\/wp-content\/uploads\/2015\/11\/shutterstock_210976834-e1453027033543.jpg\",\"contentUrl\":\"https:\/\/www.sicilyaction.com\/wp-content\/uploads\/2015\/11\/shutterstock_210976834-e1453027033543.jpg\",\"width\":1200,\"height\":752,\"caption\":\"Meeting and Congresses Sicily\"},{\"@type\":\"WebPage\",\"@id\":\"https:\/\/www.sicilyaction.com\/corportate-events\/meeting-congresses-sicily\/#webpage\",\"url\":\"https:\/\/www.sicilyaction.com\/corportate-events\/meeting-congresses-sicily\/\",\"name\":\"Meeting and Congresses Sicily - Corporate Events Sicily\",\"isPartOf\":{\"@id\":\"https:\/\/www.sicilyaction.com\/#website\"},\"primaryImageOfPage\":{\"@id\":\"https:\/\/www.sicilyaction.com\/corportate-events\/meeting-congresses-sicily\/#primaryimage\"},\"datePublished\":\"2015-11-27T15:00:38+00:00\",\"dateModified\":\"2020-01-15T13:40:49+00:00\",\"description\":\"Meeting and Congresses Sicily -\u00a0Our\u00a0Division Meeting\u00a0will support you to fine-tune every detail and make your event a success.\",\"breadcrumb\":{\"@id\":\"https:\/\/www.sicilyaction.com\/corportate-events\/meeting-congresses-sicily\/#breadcrumb\"},\"inLanguage\":\"de\",\"potentialAction\":[{\"@type\":\"ReadAction\",\"target\":[\"https:\/\/www.sicilyaction.com\/corportate-events\/meeting-congresses-sicily\/\"]}]},{\"@type\":\"BreadcrumbList\",\"@id\":\"https:\/\/www.sicilyaction.com\/corportate-events\/meeting-congresses-sicily\/#breadcrumb\",\"itemListElement\":[{\"@type\":\"ListItem\",\"position\":1,\"name\":\"Home\",\"item\":\"https:\/\/www.sicilyaction.com\/\"},{\"@type\":\"ListItem\",\"position\":2,\"name\":\"Corporate Events Sicily\",\"item\":\"https:\/\/www.sicilyaction.com\/corportate-events\/\"},{\"@type\":\"ListItem\",\"position\":3,\"name\":\"Meeting and Conferences\"}]}]}<\/script>\n<!-- \/ Yoast SEO plugin. -->","yoast_head_json":{"title":"Meeting and Congresses Sicily - Corporate Events Sicily","description":"Meeting and Congresses Sicily -\u00a0Our\u00a0Division Meeting\u00a0will support you to fine-tune every detail and make your event a success.","robots":{"index":"index","follow":"follow","max-snippet":"max-snippet:-1","max-image-preview":"max-image-preview:large","max-video-preview":"max-video-preview:-1"},"canonical":"https:\/\/www.sicilyaction.com\/corportate-events\/meeting-congresses-sicily\/","og_locale":"de_DE","og_type":"article","og_title":"Meeting and Congresses Sicily - Corporate Events Sicily","og_description":"Meeting and Congresses Sicily -\u00a0Our\u00a0Division Meeting\u00a0will support you to fine-tune every detail and make your event a success.","og_url":"https:\/\/www.sicilyaction.com\/corportate-events\/meeting-congresses-sicily\/","og_site_name":"Sicily Action","article_publisher":"https:\/\/www.facebook.com\/sicilyaction\/","article_modified_time":"2020-01-15T13:40:49+00:00","og_image":[{"width":1200,"height":752,"url":"https:\/\/www.sicilyaction.com\/wp-content\/uploads\/2015\/11\/shutterstock_210976834-e1453027033543.jpg","type":"image\/jpeg"}],"twitter_card":"summary","twitter_misc":{"Gesch\u00e4tzte Lesezeit":"2\u00a0Minuten"},"schema":{"@context":"https:\/\/schema.org","@graph":[{"@type":"Organization","@id":"https:\/\/www.sicilyaction.com\/#organization","name":"Sicily Action","url":"https:\/\/www.sicilyaction.com\/","sameAs":["https:\/\/www.facebook.com\/sicilyaction\/"],"logo":{"@type":"ImageObject","@id":"https:\/\/www.sicilyaction.com\/#logo","inLanguage":"de","url":"https:\/\/www.sicilyaction.com\/wp-content\/uploads\/2015\/10\/logo_action2.png","contentUrl":"https:\/\/www.sicilyaction.com\/wp-content\/uploads\/2015\/10\/logo_action2.png","width":300,"height":450,"caption":"Sicily Action"},"image":{"@id":"https:\/\/www.sicilyaction.com\/#logo"}},{"@type":"WebSite","@id":"https:\/\/www.sicilyaction.com\/#website","url":"https:\/\/www.sicilyaction.com\/","name":"Sicily Action","description":"Temabulding Sicily","publisher":{"@id":"https:\/\/www.sicilyaction.com\/#organization"},"potentialAction":[{"@type":"SearchAction","target":{"@type":"EntryPoint","urlTemplate":"https:\/\/www.sicilyaction.com\/?s={search_term_string}"},"query-input":"required name=search_term_string"}],"inLanguage":"de"},{"@type":"ImageObject","@id":"https:\/\/www.sicilyaction.com\/corportate-events\/meeting-congresses-sicily\/#primaryimage","inLanguage":"de","url":"https:\/\/www.sicilyaction.com\/wp-content\/uploads\/2015\/11\/shutterstock_210976834-e1453027033543.jpg","contentUrl":"https:\/\/www.sicilyaction.com\/wp-content\/uploads\/2015\/11\/shutterstock_210976834-e1453027033543.jpg","width":1200,"height":752,"caption":"Meeting and Congresses Sicily"},{"@type":"WebPage","@id":"https:\/\/www.sicilyaction.com\/corportate-events\/meeting-congresses-sicily\/#webpage","url":"https:\/\/www.sicilyaction.com\/corportate-events\/meeting-congresses-sicily\/","name":"Meeting and Congresses Sicily - Corporate Events Sicily","isPartOf":{"@id":"https:\/\/www.sicilyaction.com\/#website"},"primaryImageOfPage":{"@id":"https:\/\/www.sicilyaction.com\/corportate-events\/meeting-congresses-sicily\/#primaryimage"},"datePublished":"2015-11-27T15:00:38+00:00","dateModified":"2020-01-15T13:40:49+00:00","description":"Meeting and Congresses Sicily -\u00a0Our\u00a0Division Meeting\u00a0will support you to fine-tune every detail and make your event a success.","breadcrumb":{"@id":"https:\/\/www.sicilyaction.com\/corportate-events\/meeting-congresses-sicily\/#breadcrumb"},"inLanguage":"de","potentialAction":[{"@type":"ReadAction","target":["https:\/\/www.sicilyaction.com\/corportate-events\/meeting-congresses-sicily\/"]}]},{"@type":"BreadcrumbList","@id":"https:\/\/www.sicilyaction.com\/corportate-events\/meeting-congresses-sicily\/#breadcrumb","itemListElement":[{"@type":"ListItem","position":1,"name":"Home","item":"https:\/\/www.sicilyaction.com\/"},{"@type":"ListItem","position":2,"name":"Corporate Events Sicily","item":"https:\/\/www.sicilyaction.com\/corportate-events\/"},{"@type":"ListItem","position":3,"name":"Meeting and Conferences"}]}]}},"_links":{"self":[{"href":"https:\/\/www.sicilyaction.com\/de\/wp-json\/wp\/v2\/pages\/621"}],"collection":[{"href":"https:\/\/www.sicilyaction.com\/de\/wp-json\/wp\/v2\/pages"}],"about":[{"href":"https:\/\/www.sicilyaction.com\/de\/wp-json\/wp\/v2\/types\/page"}],"author":[{"embeddable":true,"href":"https:\/\/www.sicilyaction.com\/de\/wp-json\/wp\/v2\/users\/1"}],"replies":[{"embeddable":true,"href":"https:\/\/www.sicilyaction.com\/de\/wp-json\/wp\/v2\/comments?post=621"}],"version-history":[{"count":20,"href":"https:\/\/www.sicilyaction.com\/de\/wp-json\/wp\/v2\/pages\/621\/revisions"}],"predecessor-version":[{"id":1140,"href":"https:\/\/www.sicilyaction.com\/de\/wp-json\/wp\/v2\/pages\/621\/revisions\/1140"}],"up":[{"embeddable":true,"href":"https:\/\/www.sicilyaction.com\/de\/wp-json\/wp\/v2\/pages\/252"}],"wp:featuredmedia":[{"embeddable":true,"href":"https:\/\/www.sicilyaction.com\/de\/wp-json\/wp\/v2\/media\/626"}],"wp:attachment":[{"href":"https:\/\/www.sicilyaction.com\/de\/wp-json\/wp\/v2\/media?parent=621"}],"curies":[{"name":"wp","href":"https:\/\/api.w.org\/{rel}","templated":true}]}}