{"id":354,"date":"2015-11-22T21:13:45","date_gmt":"2015-11-22T20:13:45","guid":{"rendered":"https:\/\/www.sicilyaction.com\/?page_id=354"},"modified":"2020-03-14T07:41:44","modified_gmt":"2020-03-14T06:41:44","slug":"jeep-tour-etna","status":"publish","type":"page","link":"https:\/\/www.sicilyaction.com\/de\/corportate-events\/jeep-tour-etna\/","title":{"rendered":"\u00c4tna Jeep Tour"},"content":{"rendered":"<p><img loading=\"lazy\" class=\"alignleft size-thumbnail wp-image-977\" src=\"https:\/\/www.sicilyaction.com\/wp-content\/uploads\/2015\/11\/shutterstock_161007383-150x150.jpg\" alt=\"Etna Tour\" width=\"150\" height=\"150\" \/><strong>\u00c4tna 4&#215;4 Jeep Tour<\/strong> <strong>&#8230;<\/strong> Entdecken Sie den gr\u00f6\u00dften Vulkan Europas mit unseren \u00c4tna Jeep Touren. Sowohl bei den off-road Strecken im Jeep als auch bei einer leichten Wanderung, werden Sie alte und neue Lavastr\u00f6me, Krater, eine beeindruckende Vulkanlandschaft entdecken. Zudem haben Sie die M\u00f6glichkeit, bei der Ganztagesvariante die Alkantara-Schlucht in Begleitung eines deutschsprachigen Guides zu erkunden.<\/p>\n<div id='gallery-3' class='gallery galleryid-354 gallery-columns-6 gallery-size-thumbnail'><figure class='gallery-item'>\n\t\t\t<div class='gallery-icon landscape'>\n\t\t\t\t<a href='https:\/\/www.sicilyaction.com\/wp-content\/uploads\/2015\/11\/shutterstock_159918116.jpg'><img width=\"150\" height=\"150\" src=\"https:\/\/www.sicilyaction.com\/wp-content\/uploads\/2015\/11\/shutterstock_159918116-150x150.jpg\" class=\"attachment-thumbnail size-thumbnail\" alt=\"Etna Incentive\" loading=\"lazy\" \/><\/a>\n\t\t\t<\/div><\/figure><figure class='gallery-item'>\n\t\t\t<div class='gallery-icon landscape'>\n\t\t\t\t<a href='https:\/\/www.sicilyaction.com\/wp-content\/uploads\/2015\/11\/shutterstock_514952380.jpg'><img width=\"150\" height=\"150\" src=\"https:\/\/www.sicilyaction.com\/wp-content\/uploads\/2015\/11\/shutterstock_514952380-150x150.jpg\" class=\"attachment-thumbnail size-thumbnail\" alt=\"Etna Incentive\" loading=\"lazy\" \/><\/a>\n\t\t\t<\/div><\/figure><figure class='gallery-item'>\n\t\t\t<div class='gallery-icon landscape'>\n\t\t\t\t<a href='https:\/\/www.sicilyaction.com\/wp-content\/uploads\/2015\/11\/shutterstock_516328429.jpg'><img width=\"150\" height=\"150\" src=\"https:\/\/www.sicilyaction.com\/wp-content\/uploads\/2015\/11\/shutterstock_516328429-150x150.jpg\" class=\"attachment-thumbnail size-thumbnail\" alt=\"Etna Incentive\" loading=\"lazy\" \/><\/a>\n\t\t\t<\/div><\/figure><figure class='gallery-item'>\n\t\t\t<div class='gallery-icon landscape'>\n\t\t\t\t<a href='https:\/\/www.sicilyaction.com\/wp-content\/uploads\/2015\/11\/shutterstock_521508397.jpg'><img width=\"150\" height=\"150\" src=\"https:\/\/www.sicilyaction.com\/wp-content\/uploads\/2015\/11\/shutterstock_521508397-150x150.jpg\" class=\"attachment-thumbnail size-thumbnail\" alt=\"Etna Incentive\" loading=\"lazy\" \/><\/a>\n\t\t\t<\/div><\/figure><figure class='gallery-item'>\n\t\t\t<div class='gallery-icon landscape'>\n\t\t\t\t<a href='https:\/\/www.sicilyaction.com\/wp-content\/uploads\/2015\/11\/shutterstock_532111324.jpg'><img width=\"150\" height=\"150\" src=\"https:\/\/www.sicilyaction.com\/wp-content\/uploads\/2015\/11\/shutterstock_532111324-150x150.jpg\" class=\"attachment-thumbnail size-thumbnail\" alt=\"Etna Incentive\" loading=\"lazy\" \/><\/a>\n\t\t\t<\/div><\/figure><figure class='gallery-item'>\n\t\t\t<div class='gallery-icon landscape'>\n\t\t\t\t<a href='https:\/\/www.sicilyaction.com\/wp-content\/uploads\/2015\/11\/shutterstock_532141267.jpg'><img width=\"150\" height=\"150\" src=\"https:\/\/www.sicilyaction.com\/wp-content\/uploads\/2015\/11\/shutterstock_532141267-150x150.jpg\" class=\"attachment-thumbnail size-thumbnail\" alt=\"Etna Incentive\" loading=\"lazy\" \/><\/a>\n\t\t\t<\/div><\/figure><figure class='gallery-item'>\n\t\t\t<div class='gallery-icon landscape'>\n\t\t\t\t<a href='https:\/\/www.sicilyaction.com\/wp-content\/uploads\/2015\/11\/shutterstock_330489494.jpg'><img width=\"150\" height=\"150\" src=\"https:\/\/www.sicilyaction.com\/wp-content\/uploads\/2015\/11\/shutterstock_330489494-150x150.jpg\" class=\"attachment-thumbnail size-thumbnail\" alt=\"Etna Incentive\" loading=\"lazy\" \/><\/a>\n\t\t\t<\/div><\/figure>\n\t\t<\/div>\n\n<h3 style=\"text-align: right;\">Jeep Tour Etna<\/h3>\n<p class=\"entry-title bgh1\"><a href=\"https:\/\/www.go-etna.de\/service-sizilien\/aetna-jeep-tour-aetna-ausflug\/\" target=\"_blank\" rel=\"noopener noreferrer\"><strong>\u00c4tna Jeep Tour<\/strong><\/a><\/p>\n<p class=\"entry-title bgh1\"><a href=\"https:\/\/www.go-etna.de\/\" target=\"_blank\" rel=\"noopener noreferrer\"><strong>Go-Etna<\/strong><\/a><\/p>\n<p><\/p>","protected":false},"excerpt":{"rendered":"<p>\u00c4tna 4&#215;4 Jeep Tour &#8230; Entdecken Sie den gr\u00f6\u00dften Vulkan Europas mit unseren \u00c4tna Jeep Touren. Sowohl bei den off-road Strecken im Jeep als auch bei einer leichten Wanderung, werden <a href=\"https:\/\/www.sicilyaction.com\/de\/corportate-events\/jeep-tour-etna\/\" class=\"more-link\">[&#8230;]<\/a><\/p>\n","protected":false},"author":1,"featured_media":975,"parent":252,"menu_order":0,"comment_status":"closed","ping_status":"closed","template":"template-sidebar.php","meta":[],"yoast_head":"<!-- This site is optimized with the Yoast SEO plugin v18.2 - https:\/\/yoast.com\/wordpress\/plugins\/seo\/ -->\n<title>Jeep Tour Etna - Excursions on volcano Etna, Sicily<\/title>\n<meta name=\"description\" content=\"The Jeep tour Etna is the most complete experience to visit the volcano and its wonders, with the 4x4 offroad the adventure is assured.\" \/>\n<meta name=\"robots\" content=\"index, follow, max-snippet:-1, max-image-preview:large, max-video-preview:-1\" \/>\n<link rel=\"canonical\" href=\"https:\/\/www.sicilyaction.com\/corportate-events\/jeep-tour-etna\/\" \/>\n<meta property=\"og:locale\" content=\"de_DE\" \/>\n<meta property=\"og:type\" content=\"article\" \/>\n<meta property=\"og:title\" content=\"Jeep Tour Etna - Excursions on volcano Etna, Sicily\" \/>\n<meta property=\"og:description\" content=\"The Jeep tour Etna is the most complete experience to visit the volcano and its wonders, with the 4x4 offroad the adventure is assured.\" \/>\n<meta property=\"og:url\" content=\"https:\/\/www.sicilyaction.com\/corportate-events\/jeep-tour-etna\/\" \/>\n<meta property=\"og:site_name\" content=\"Sicily Action\" \/>\n<meta property=\"article:publisher\" content=\"https:\/\/www.facebook.com\/sicilyaction\/\" \/>\n<meta property=\"article:modified_time\" content=\"2020-03-14T06:41:44+00:00\" \/>\n<meta property=\"og:image\" content=\"https:\/\/www.sicilyaction.com\/wp-content\/uploads\/2015\/11\/shutterstock_330489494.jpg\" \/>\n\t<meta property=\"og:image:width\" content=\"1000\" \/>\n\t<meta property=\"og:image:height\" content=\"667\" \/>\n\t<meta property=\"og:image:type\" content=\"image\/jpeg\" \/>\n<meta name=\"twitter:card\" content=\"summary\" \/>\n<meta name=\"twitter:label1\" content=\"Gesch\u00e4tzte Lesezeit\" \/>\n\t<meta name=\"twitter:data1\" content=\"2\u00a0Minuten\" \/>\n<script type=\"application\/ld+json\" class=\"yoast-schema-graph\">{\"@context\":\"https:\/\/schema.org\",\"@graph\":[{\"@type\":\"Organization\",\"@id\":\"https:\/\/www.sicilyaction.com\/#organization\",\"name\":\"Sicily Action\",\"url\":\"https:\/\/www.sicilyaction.com\/\",\"sameAs\":[\"https:\/\/www.facebook.com\/sicilyaction\/\"],\"logo\":{\"@type\":\"ImageObject\",\"@id\":\"https:\/\/www.sicilyaction.com\/#logo\",\"inLanguage\":\"de\",\"url\":\"https:\/\/www.sicilyaction.com\/wp-content\/uploads\/2015\/10\/logo_action2.png\",\"contentUrl\":\"https:\/\/www.sicilyaction.com\/wp-content\/uploads\/2015\/10\/logo_action2.png\",\"width\":300,\"height\":450,\"caption\":\"Sicily Action\"},\"image\":{\"@id\":\"https:\/\/www.sicilyaction.com\/#logo\"}},{\"@type\":\"WebSite\",\"@id\":\"https:\/\/www.sicilyaction.com\/#website\",\"url\":\"https:\/\/www.sicilyaction.com\/\",\"name\":\"Sicily Action\",\"description\":\"Temabulding Sicily\",\"publisher\":{\"@id\":\"https:\/\/www.sicilyaction.com\/#organization\"},\"potentialAction\":[{\"@type\":\"SearchAction\",\"target\":{\"@type\":\"EntryPoint\",\"urlTemplate\":\"https:\/\/www.sicilyaction.com\/?s={search_term_string}\"},\"query-input\":\"required name=search_term_string\"}],\"inLanguage\":\"de\"},{\"@type\":\"ImageObject\",\"@id\":\"https:\/\/www.sicilyaction.com\/corportate-events\/jeep-tour-etna\/#primaryimage\",\"inLanguage\":\"de\",\"url\":\"https:\/\/www.sicilyaction.com\/wp-content\/uploads\/2015\/11\/shutterstock_330489494.jpg\",\"contentUrl\":\"https:\/\/www.sicilyaction.com\/wp-content\/uploads\/2015\/11\/shutterstock_330489494.jpg\",\"width\":1000,\"height\":667,\"caption\":\"Etna Incentive\"},{\"@type\":\"WebPage\",\"@id\":\"https:\/\/www.sicilyaction.com\/corportate-events\/jeep-tour-etna\/#webpage\",\"url\":\"https:\/\/www.sicilyaction.com\/corportate-events\/jeep-tour-etna\/\",\"name\":\"Jeep Tour Etna - Excursions on volcano Etna, Sicily\",\"isPartOf\":{\"@id\":\"https:\/\/www.sicilyaction.com\/#website\"},\"primaryImageOfPage\":{\"@id\":\"https:\/\/www.sicilyaction.com\/corportate-events\/jeep-tour-etna\/#primaryimage\"},\"datePublished\":\"2015-11-22T20:13:45+00:00\",\"dateModified\":\"2020-03-14T06:41:44+00:00\",\"description\":\"The Jeep tour Etna is the most complete experience to visit the volcano and its wonders, with the 4x4 offroad the adventure is assured.\",\"breadcrumb\":{\"@id\":\"https:\/\/www.sicilyaction.com\/corportate-events\/jeep-tour-etna\/#breadcrumb\"},\"inLanguage\":\"de\",\"potentialAction\":[{\"@type\":\"ReadAction\",\"target\":[\"https:\/\/www.sicilyaction.com\/corportate-events\/jeep-tour-etna\/\"]}]},{\"@type\":\"BreadcrumbList\",\"@id\":\"https:\/\/www.sicilyaction.com\/corportate-events\/jeep-tour-etna\/#breadcrumb\",\"itemListElement\":[{\"@type\":\"ListItem\",\"position\":1,\"name\":\"Home\",\"item\":\"https:\/\/www.sicilyaction.com\/\"},{\"@type\":\"ListItem\",\"position\":2,\"name\":\"Corporate Events Sicily\",\"item\":\"https:\/\/www.sicilyaction.com\/corportate-events\/\"},{\"@type\":\"ListItem\",\"position\":3,\"name\":\"Etna Excursion\"}]}]}<\/script>\n<!-- \/ Yoast SEO plugin. -->","yoast_head_json":{"title":"Jeep Tour Etna - Excursions on volcano Etna, Sicily","description":"The Jeep tour Etna is the most complete experience to visit the volcano and its wonders, with the 4x4 offroad the adventure is assured.","robots":{"index":"index","follow":"follow","max-snippet":"max-snippet:-1","max-image-preview":"max-image-preview:large","max-video-preview":"max-video-preview:-1"},"canonical":"https:\/\/www.sicilyaction.com\/corportate-events\/jeep-tour-etna\/","og_locale":"de_DE","og_type":"article","og_title":"Jeep Tour Etna - Excursions on volcano Etna, Sicily","og_description":"The Jeep tour Etna is the most complete experience to visit the volcano and its wonders, with the 4x4 offroad the adventure is assured.","og_url":"https:\/\/www.sicilyaction.com\/corportate-events\/jeep-tour-etna\/","og_site_name":"Sicily Action","article_publisher":"https:\/\/www.facebook.com\/sicilyaction\/","article_modified_time":"2020-03-14T06:41:44+00:00","og_image":[{"width":1000,"height":667,"url":"https:\/\/www.sicilyaction.com\/wp-content\/uploads\/2015\/11\/shutterstock_330489494.jpg","type":"image\/jpeg"}],"twitter_card":"summary","twitter_misc":{"Gesch\u00e4tzte Lesezeit":"2\u00a0Minuten"},"schema":{"@context":"https:\/\/schema.org","@graph":[{"@type":"Organization","@id":"https:\/\/www.sicilyaction.com\/#organization","name":"Sicily Action","url":"https:\/\/www.sicilyaction.com\/","sameAs":["https:\/\/www.facebook.com\/sicilyaction\/"],"logo":{"@type":"ImageObject","@id":"https:\/\/www.sicilyaction.com\/#logo","inLanguage":"de","url":"https:\/\/www.sicilyaction.com\/wp-content\/uploads\/2015\/10\/logo_action2.png","contentUrl":"https:\/\/www.sicilyaction.com\/wp-content\/uploads\/2015\/10\/logo_action2.png","width":300,"height":450,"caption":"Sicily Action"},"image":{"@id":"https:\/\/www.sicilyaction.com\/#logo"}},{"@type":"WebSite","@id":"https:\/\/www.sicilyaction.com\/#website","url":"https:\/\/www.sicilyaction.com\/","name":"Sicily Action","description":"Temabulding Sicily","publisher":{"@id":"https:\/\/www.sicilyaction.com\/#organization"},"potentialAction":[{"@type":"SearchAction","target":{"@type":"EntryPoint","urlTemplate":"https:\/\/www.sicilyaction.com\/?s={search_term_string}"},"query-input":"required name=search_term_string"}],"inLanguage":"de"},{"@type":"ImageObject","@id":"https:\/\/www.sicilyaction.com\/corportate-events\/jeep-tour-etna\/#primaryimage","inLanguage":"de","url":"https:\/\/www.sicilyaction.com\/wp-content\/uploads\/2015\/11\/shutterstock_330489494.jpg","contentUrl":"https:\/\/www.sicilyaction.com\/wp-content\/uploads\/2015\/11\/shutterstock_330489494.jpg","width":1000,"height":667,"caption":"Etna Incentive"},{"@type":"WebPage","@id":"https:\/\/www.sicilyaction.com\/corportate-events\/jeep-tour-etna\/#webpage","url":"https:\/\/www.sicilyaction.com\/corportate-events\/jeep-tour-etna\/","name":"Jeep Tour Etna - Excursions on volcano Etna, Sicily","isPartOf":{"@id":"https:\/\/www.sicilyaction.com\/#website"},"primaryImageOfPage":{"@id":"https:\/\/www.sicilyaction.com\/corportate-events\/jeep-tour-etna\/#primaryimage"},"datePublished":"2015-11-22T20:13:45+00:00","dateModified":"2020-03-14T06:41:44+00:00","description":"The Jeep tour Etna is the most complete experience to visit the volcano and its wonders, with the 4x4 offroad the adventure is assured.","breadcrumb":{"@id":"https:\/\/www.sicilyaction.com\/corportate-events\/jeep-tour-etna\/#breadcrumb"},"inLanguage":"de","potentialAction":[{"@type":"ReadAction","target":["https:\/\/www.sicilyaction.com\/corportate-events\/jeep-tour-etna\/"]}]},{"@type":"BreadcrumbList","@id":"https:\/\/www.sicilyaction.com\/corportate-events\/jeep-tour-etna\/#breadcrumb","itemListElement":[{"@type":"ListItem","position":1,"name":"Home","item":"https:\/\/www.sicilyaction.com\/"},{"@type":"ListItem","position":2,"name":"Corporate Events Sicily","item":"https:\/\/www.sicilyaction.com\/corportate-events\/"},{"@type":"ListItem","position":3,"name":"Etna Excursion"}]}]}},"_links":{"self":[{"href":"https:\/\/www.sicilyaction.com\/de\/wp-json\/wp\/v2\/pages\/354"}],"collection":[{"href":"https:\/\/www.sicilyaction.com\/de\/wp-json\/wp\/v2\/pages"}],"about":[{"href":"https:\/\/www.sicilyaction.com\/de\/wp-json\/wp\/v2\/types\/page"}],"author":[{"embeddable":true,"href":"https:\/\/www.sicilyaction.com\/de\/wp-json\/wp\/v2\/users\/1"}],"replies":[{"embeddable":true,"href":"https:\/\/www.sicilyaction.com\/de\/wp-json\/wp\/v2\/comments?post=354"}],"version-history":[{"count":43,"href":"https:\/\/www.sicilyaction.com\/de\/wp-json\/wp\/v2\/pages\/354\/revisions"}],"predecessor-version":[{"id":1159,"href":"https:\/\/www.sicilyaction.com\/de\/wp-json\/wp\/v2\/pages\/354\/revisions\/1159"}],"up":[{"embeddable":true,"href":"https:\/\/www.sicilyaction.com\/de\/wp-json\/wp\/v2\/pages\/252"}],"wp:featuredmedia":[{"embeddable":true,"href":"https:\/\/www.sicilyaction.com\/de\/wp-json\/wp\/v2\/media\/975"}],"wp:attachment":[{"href":"https:\/\/www.sicilyaction.com\/de\/wp-json\/wp\/v2\/media?parent=354"}],"curies":[{"name":"wp","href":"https:\/\/api.w.org\/{rel}","templated":true}]}}