{"id":262,"date":"2015-11-21T15:27:36","date_gmt":"2015-11-21T14:27:36","guid":{"rendered":"https:\/\/www.sicilyaction.com\/?page_id=262"},"modified":"2020-01-15T15:10:25","modified_gmt":"2020-01-15T14:10:25","slug":"quad-adventure","status":"publish","type":"page","link":"https:\/\/www.sicilyaction.com\/de\/corportate-events\/quad-adventure\/","title":{"rendered":"Quad Adventure"},"content":{"rendered":"<p><img loading=\"lazy\" class=\"alignleft size-full wp-image-798\" src=\"https:\/\/www.sicilyaction.com\/wp-content\/uploads\/2016\/01\/shutterstock_135975350.jpg\" alt=\"shutterstock_135975350\" width=\"200\" height=\"132\" \/><strong>Quad Adventure \u00c4tna &#8230;<\/strong> Ein Quad-Abenteuer auf dem \u00c4tna oder entlang der K\u00fcste der Insel &#8211; ein Abenteuer auf vier R\u00e4dern, durch eine atemberaubende Landschaft mit Lavastr\u00f6men, den sizilianischen W\u00e4ldern oder mit Meerblick. Eine Erfahrung, die man mindestens einmal gemacht haben muss. Auf einem Quad ist f\u00fcr bis zu 2 Personen Platz. Gemeinsam durchqueren wir verschiedenstes Terrain\u2026 Schlamm, Steine, Wasser. Dar\u00fcber hinaus sind keine besonderen Vorerfahrungen erforderlich. Schon nach wenigen Metern werden Sie sich sicher fortbewegen und m\u00f6chten in K\u00fcrze nicht mehr aus dem Sattel steigen.<\/p>","protected":false},"excerpt":{"rendered":"<p>Quad Adventure \u00c4tna &#8230; Ein Quad-Abenteuer auf dem \u00c4tna oder entlang der K\u00fcste der Insel &#8211; ein Abenteuer auf vier R\u00e4dern, durch eine atemberaubende Landschaft mit Lavastr\u00f6men, den sizilianischen W\u00e4ldern <a href=\"https:\/\/www.sicilyaction.com\/de\/corportate-events\/quad-adventure\/\" class=\"more-link\">[&#8230;]<\/a><\/p>\n","protected":false},"author":1,"featured_media":420,"parent":252,"menu_order":0,"comment_status":"closed","ping_status":"closed","template":"template-sidebar.php","meta":[],"yoast_head":"<!-- This site is optimized with the Yoast SEO plugin v18.2 - https:\/\/yoast.com\/wordpress\/plugins\/seo\/ -->\n<title>Quad Adventure Etna - trails in Volcano Etna - Sicily<\/title>\n<meta name=\"description\" content=\"Quad Adventure Etna, a four wheels adventure, through Etna stunning scenery, lava trails, woods and speed, an emotion to try at least once.\" \/>\n<meta name=\"robots\" content=\"index, follow, max-snippet:-1, max-image-preview:large, max-video-preview:-1\" \/>\n<link rel=\"canonical\" href=\"https:\/\/www.sicilyaction.com\/corportate-events\/quad-adventure\/\" \/>\n<meta property=\"og:locale\" content=\"de_DE\" \/>\n<meta property=\"og:type\" content=\"article\" \/>\n<meta property=\"og:title\" content=\"Quad Adventure Etna - trails in Volcano Etna - Sicily\" \/>\n<meta property=\"og:description\" content=\"Quad Adventure Etna, a four wheels adventure, through Etna stunning scenery, lava trails, woods and speed, an emotion to try at least once.\" \/>\n<meta property=\"og:url\" content=\"https:\/\/www.sicilyaction.com\/corportate-events\/quad-adventure\/\" \/>\n<meta property=\"og:site_name\" content=\"Sicily Action\" \/>\n<meta property=\"article:publisher\" content=\"https:\/\/www.facebook.com\/sicilyaction\/\" \/>\n<meta property=\"article:modified_time\" content=\"2020-01-15T14:10:25+00:00\" \/>\n<meta property=\"og:image\" content=\"https:\/\/www.sicilyaction.com\/wp-content\/uploads\/2015\/11\/shutterstock_250979128-e1453117217200.jpg\" \/>\n\t<meta property=\"og:image:width\" content=\"800\" \/>\n\t<meta property=\"og:image:height\" content=\"533\" \/>\n\t<meta property=\"og:image:type\" content=\"image\/jpeg\" \/>\n<meta name=\"twitter:card\" content=\"summary\" \/>\n<meta name=\"twitter:label1\" content=\"Gesch\u00e4tzte Lesezeit\" \/>\n\t<meta name=\"twitter:data1\" content=\"2\u00a0Minuten\" \/>\n<script type=\"application\/ld+json\" class=\"yoast-schema-graph\">{\"@context\":\"https:\/\/schema.org\",\"@graph\":[{\"@type\":\"Organization\",\"@id\":\"https:\/\/www.sicilyaction.com\/#organization\",\"name\":\"Sicily Action\",\"url\":\"https:\/\/www.sicilyaction.com\/\",\"sameAs\":[\"https:\/\/www.facebook.com\/sicilyaction\/\"],\"logo\":{\"@type\":\"ImageObject\",\"@id\":\"https:\/\/www.sicilyaction.com\/#logo\",\"inLanguage\":\"de\",\"url\":\"https:\/\/www.sicilyaction.com\/wp-content\/uploads\/2015\/10\/logo_action2.png\",\"contentUrl\":\"https:\/\/www.sicilyaction.com\/wp-content\/uploads\/2015\/10\/logo_action2.png\",\"width\":300,\"height\":450,\"caption\":\"Sicily Action\"},\"image\":{\"@id\":\"https:\/\/www.sicilyaction.com\/#logo\"}},{\"@type\":\"WebSite\",\"@id\":\"https:\/\/www.sicilyaction.com\/#website\",\"url\":\"https:\/\/www.sicilyaction.com\/\",\"name\":\"Sicily Action\",\"description\":\"Temabulding Sicily\",\"publisher\":{\"@id\":\"https:\/\/www.sicilyaction.com\/#organization\"},\"potentialAction\":[{\"@type\":\"SearchAction\",\"target\":{\"@type\":\"EntryPoint\",\"urlTemplate\":\"https:\/\/www.sicilyaction.com\/?s={search_term_string}\"},\"query-input\":\"required name=search_term_string\"}],\"inLanguage\":\"de\"},{\"@type\":\"ImageObject\",\"@id\":\"https:\/\/www.sicilyaction.com\/corportate-events\/quad-adventure\/#primaryimage\",\"inLanguage\":\"de\",\"url\":\"https:\/\/www.sicilyaction.com\/wp-content\/uploads\/2015\/11\/shutterstock_250979128-e1453117217200.jpg\",\"contentUrl\":\"https:\/\/www.sicilyaction.com\/wp-content\/uploads\/2015\/11\/shutterstock_250979128-e1453117217200.jpg\",\"width\":800,\"height\":533,\"caption\":\"Quad Adventure Etna\"},{\"@type\":\"WebPage\",\"@id\":\"https:\/\/www.sicilyaction.com\/corportate-events\/quad-adventure\/#webpage\",\"url\":\"https:\/\/www.sicilyaction.com\/corportate-events\/quad-adventure\/\",\"name\":\"Quad Adventure Etna - trails in Volcano Etna - Sicily\",\"isPartOf\":{\"@id\":\"https:\/\/www.sicilyaction.com\/#website\"},\"primaryImageOfPage\":{\"@id\":\"https:\/\/www.sicilyaction.com\/corportate-events\/quad-adventure\/#primaryimage\"},\"datePublished\":\"2015-11-21T14:27:36+00:00\",\"dateModified\":\"2020-01-15T14:10:25+00:00\",\"description\":\"Quad Adventure Etna, a four wheels adventure, through Etna stunning scenery, lava trails, woods and speed, an emotion to try at least once.\",\"breadcrumb\":{\"@id\":\"https:\/\/www.sicilyaction.com\/corportate-events\/quad-adventure\/#breadcrumb\"},\"inLanguage\":\"de\",\"potentialAction\":[{\"@type\":\"ReadAction\",\"target\":[\"https:\/\/www.sicilyaction.com\/corportate-events\/quad-adventure\/\"]}]},{\"@type\":\"BreadcrumbList\",\"@id\":\"https:\/\/www.sicilyaction.com\/corportate-events\/quad-adventure\/#breadcrumb\",\"itemListElement\":[{\"@type\":\"ListItem\",\"position\":1,\"name\":\"Home\",\"item\":\"https:\/\/www.sicilyaction.com\/\"},{\"@type\":\"ListItem\",\"position\":2,\"name\":\"Corporate Events Sicily\",\"item\":\"https:\/\/www.sicilyaction.com\/corportate-events\/\"},{\"@type\":\"ListItem\",\"position\":3,\"name\":\"Quad Adventure\"}]}]}<\/script>\n<!-- \/ Yoast SEO plugin. -->","yoast_head_json":{"title":"Quad Adventure Etna - trails in Volcano Etna - Sicily","description":"Quad Adventure Etna, a four wheels adventure, through Etna stunning scenery, lava trails, woods and speed, an emotion to try at least once.","robots":{"index":"index","follow":"follow","max-snippet":"max-snippet:-1","max-image-preview":"max-image-preview:large","max-video-preview":"max-video-preview:-1"},"canonical":"https:\/\/www.sicilyaction.com\/corportate-events\/quad-adventure\/","og_locale":"de_DE","og_type":"article","og_title":"Quad Adventure Etna - trails in Volcano Etna - Sicily","og_description":"Quad Adventure Etna, a four wheels adventure, through Etna stunning scenery, lava trails, woods and speed, an emotion to try at least once.","og_url":"https:\/\/www.sicilyaction.com\/corportate-events\/quad-adventure\/","og_site_name":"Sicily Action","article_publisher":"https:\/\/www.facebook.com\/sicilyaction\/","article_modified_time":"2020-01-15T14:10:25+00:00","og_image":[{"width":800,"height":533,"url":"https:\/\/www.sicilyaction.com\/wp-content\/uploads\/2015\/11\/shutterstock_250979128-e1453117217200.jpg","type":"image\/jpeg"}],"twitter_card":"summary","twitter_misc":{"Gesch\u00e4tzte Lesezeit":"2\u00a0Minuten"},"schema":{"@context":"https:\/\/schema.org","@graph":[{"@type":"Organization","@id":"https:\/\/www.sicilyaction.com\/#organization","name":"Sicily Action","url":"https:\/\/www.sicilyaction.com\/","sameAs":["https:\/\/www.facebook.com\/sicilyaction\/"],"logo":{"@type":"ImageObject","@id":"https:\/\/www.sicilyaction.com\/#logo","inLanguage":"de","url":"https:\/\/www.sicilyaction.com\/wp-content\/uploads\/2015\/10\/logo_action2.png","contentUrl":"https:\/\/www.sicilyaction.com\/wp-content\/uploads\/2015\/10\/logo_action2.png","width":300,"height":450,"caption":"Sicily Action"},"image":{"@id":"https:\/\/www.sicilyaction.com\/#logo"}},{"@type":"WebSite","@id":"https:\/\/www.sicilyaction.com\/#website","url":"https:\/\/www.sicilyaction.com\/","name":"Sicily Action","description":"Temabulding Sicily","publisher":{"@id":"https:\/\/www.sicilyaction.com\/#organization"},"potentialAction":[{"@type":"SearchAction","target":{"@type":"EntryPoint","urlTemplate":"https:\/\/www.sicilyaction.com\/?s={search_term_string}"},"query-input":"required name=search_term_string"}],"inLanguage":"de"},{"@type":"ImageObject","@id":"https:\/\/www.sicilyaction.com\/corportate-events\/quad-adventure\/#primaryimage","inLanguage":"de","url":"https:\/\/www.sicilyaction.com\/wp-content\/uploads\/2015\/11\/shutterstock_250979128-e1453117217200.jpg","contentUrl":"https:\/\/www.sicilyaction.com\/wp-content\/uploads\/2015\/11\/shutterstock_250979128-e1453117217200.jpg","width":800,"height":533,"caption":"Quad Adventure Etna"},{"@type":"WebPage","@id":"https:\/\/www.sicilyaction.com\/corportate-events\/quad-adventure\/#webpage","url":"https:\/\/www.sicilyaction.com\/corportate-events\/quad-adventure\/","name":"Quad Adventure Etna - trails in Volcano Etna - Sicily","isPartOf":{"@id":"https:\/\/www.sicilyaction.com\/#website"},"primaryImageOfPage":{"@id":"https:\/\/www.sicilyaction.com\/corportate-events\/quad-adventure\/#primaryimage"},"datePublished":"2015-11-21T14:27:36+00:00","dateModified":"2020-01-15T14:10:25+00:00","description":"Quad Adventure Etna, a four wheels adventure, through Etna stunning scenery, lava trails, woods and speed, an emotion to try at least once.","breadcrumb":{"@id":"https:\/\/www.sicilyaction.com\/corportate-events\/quad-adventure\/#breadcrumb"},"inLanguage":"de","potentialAction":[{"@type":"ReadAction","target":["https:\/\/www.sicilyaction.com\/corportate-events\/quad-adventure\/"]}]},{"@type":"BreadcrumbList","@id":"https:\/\/www.sicilyaction.com\/corportate-events\/quad-adventure\/#breadcrumb","itemListElement":[{"@type":"ListItem","position":1,"name":"Home","item":"https:\/\/www.sicilyaction.com\/"},{"@type":"ListItem","position":2,"name":"Corporate Events Sicily","item":"https:\/\/www.sicilyaction.com\/corportate-events\/"},{"@type":"ListItem","position":3,"name":"Quad Adventure"}]}]}},"_links":{"self":[{"href":"https:\/\/www.sicilyaction.com\/de\/wp-json\/wp\/v2\/pages\/262"}],"collection":[{"href":"https:\/\/www.sicilyaction.com\/de\/wp-json\/wp\/v2\/pages"}],"about":[{"href":"https:\/\/www.sicilyaction.com\/de\/wp-json\/wp\/v2\/types\/page"}],"author":[{"embeddable":true,"href":"https:\/\/www.sicilyaction.com\/de\/wp-json\/wp\/v2\/users\/1"}],"replies":[{"embeddable":true,"href":"https:\/\/www.sicilyaction.com\/de\/wp-json\/wp\/v2\/comments?post=262"}],"version-history":[{"count":26,"href":"https:\/\/www.sicilyaction.com\/de\/wp-json\/wp\/v2\/pages\/262\/revisions"}],"predecessor-version":[{"id":1153,"href":"https:\/\/www.sicilyaction.com\/de\/wp-json\/wp\/v2\/pages\/262\/revisions\/1153"}],"up":[{"embeddable":true,"href":"https:\/\/www.sicilyaction.com\/de\/wp-json\/wp\/v2\/pages\/252"}],"wp:featuredmedia":[{"embeddable":true,"href":"https:\/\/www.sicilyaction.com\/de\/wp-json\/wp\/v2\/media\/420"}],"wp:attachment":[{"href":"https:\/\/www.sicilyaction.com\/de\/wp-json\/wp\/v2\/media?parent=262"}],"curies":[{"name":"wp","href":"https:\/\/api.w.org\/{rel}","templated":true}]}}