{"id":260,"date":"2015-11-22T17:52:31","date_gmt":"2015-11-22T16:52:31","guid":{"rendered":"https:\/\/www.sicilyaction.com\/?page_id=260"},"modified":"2020-01-15T15:08:35","modified_gmt":"2020-01-15T14:08:35","slug":"orienteering","status":"publish","type":"page","link":"https:\/\/www.sicilyaction.com\/de\/team-building\/orienteering\/","title":{"rendered":"Orienteering"},"content":{"rendered":"<p><img loading=\"lazy\" class=\"alignleft size-full wp-image-773\" src=\"https:\/\/www.sicilyaction.com\/wp-content\/uploads\/2016\/01\/shutterstock_295944836.jpg\" alt=\"Orienteering Sicily\" width=\"200\" height=\"133\" \/><strong>Orienteering Sizilien<\/strong>&#8230; Ein Orientierungslauf ist eine Erfahrung, die alle Teilnehmer ermutigt, starke Beziehungen und Entschlossenheit aufzubauen. Das Team muss gemeinsam mithilfe von Kompass und Karten zusammenarbeiten, um den richtigen Weg zu finden. Der Erfolg des Teams beim Orientierungslauf h\u00e4ngt von jedem Einzelnen und seiner Teamf\u00e4higkeit ab. Dieser Orientierungslauf ist f\u00fcr Gruppen gedacht, die eine aktives Teambuilding durchf\u00fchren m\u00f6chten. (Dauer: min. 2h)<\/p>\n<p><strong>Orienteering auf dem \u00c4tna<\/strong><\/p>\n<p>Der Orientierungslauf auf dem \u00c4tna ist ein einzigartiges Erlebnis f\u00fcr Ihr Team. In dieser Mondlandschaft sind ein guter Orientierungssinn und Teamarbeit n\u00f6tig, um den richtigen Weg zu finden. Als Hilfsmittel dienen Ihrer Gruppe Kompass und Karten. Diese Art von Aktivit\u00e4t in dieser besonderen Landschaft wird sicherlich eine starke Verbindung zwischen den Teammitgliedern aufbauen. (Dauer: min. 2h)<\/p>\n<h3 style=\"text-align: right;\">Orienteering Sicily<\/h3>\n<p>&nbsp;<\/p>","protected":false},"excerpt":{"rendered":"<p>Orienteering Sizilien&#8230; Ein Orientierungslauf ist eine Erfahrung, die alle Teilnehmer ermutigt, starke Beziehungen und Entschlossenheit aufzubauen. Das Team muss gemeinsam mithilfe von Kompass und Karten zusammenarbeiten, um den richtigen Weg <a href=\"https:\/\/www.sicilyaction.com\/de\/team-building\/orienteering\/\" class=\"more-link\">[&#8230;]<\/a><\/p>\n","protected":false},"author":1,"featured_media":412,"parent":240,"menu_order":0,"comment_status":"closed","ping_status":"closed","template":"template-sidebar.php","meta":[],"yoast_head":"<!-- This site is optimized with the Yoast SEO plugin v18.2 - https:\/\/yoast.com\/wordpress\/plugins\/seo\/ -->\n<title>Orienteering Sicily - Team Building Sicily<\/title>\n<meta name=\"description\" content=\"Orienteering Sicily -\u00a0is an\u00a0enjoyable experience that encourages all participants to build strong relationships, resolutions\u00a0and landmarks.\" \/>\n<meta name=\"robots\" content=\"index, follow, max-snippet:-1, max-image-preview:large, max-video-preview:-1\" \/>\n<link rel=\"canonical\" href=\"https:\/\/www.sicilyaction.com\/de\/team-building\/orienteering\/\" \/>\n<meta property=\"og:locale\" content=\"de_DE\" \/>\n<meta property=\"og:type\" content=\"article\" \/>\n<meta property=\"og:title\" content=\"Orienteering Sicily - Team Building Sicily\" \/>\n<meta property=\"og:description\" content=\"Orienteering Sicily -\u00a0is an\u00a0enjoyable experience that encourages all participants to build strong relationships, resolutions\u00a0and landmarks.\" \/>\n<meta property=\"og:url\" content=\"https:\/\/www.sicilyaction.com\/de\/team-building\/orienteering\/\" \/>\n<meta property=\"og:site_name\" content=\"Sicily Action\" \/>\n<meta property=\"article:publisher\" content=\"https:\/\/www.facebook.com\/sicilyaction\/\" \/>\n<meta property=\"article:modified_time\" content=\"2020-01-15T14:08:35+00:00\" \/>\n<meta property=\"og:image\" content=\"https:\/\/www.sicilyaction.com\/wp-content\/uploads\/2015\/11\/shutterstock_297544079-e1453117171370.jpg\" \/>\n\t<meta property=\"og:image:width\" content=\"800\" \/>\n\t<meta property=\"og:image:height\" content=\"533\" \/>\n\t<meta property=\"og:image:type\" content=\"image\/jpeg\" \/>\n<meta name=\"twitter:card\" content=\"summary\" \/>\n<meta name=\"twitter:label1\" content=\"Gesch\u00e4tzte Lesezeit\" \/>\n\t<meta name=\"twitter:data1\" content=\"2\u00a0Minuten\" \/>\n<script type=\"application\/ld+json\" class=\"yoast-schema-graph\">{\"@context\":\"https:\/\/schema.org\",\"@graph\":[{\"@type\":\"Organization\",\"@id\":\"https:\/\/www.sicilyaction.com\/#organization\",\"name\":\"Sicily Action\",\"url\":\"https:\/\/www.sicilyaction.com\/\",\"sameAs\":[\"https:\/\/www.facebook.com\/sicilyaction\/\"],\"logo\":{\"@type\":\"ImageObject\",\"@id\":\"https:\/\/www.sicilyaction.com\/#logo\",\"inLanguage\":\"de\",\"url\":\"https:\/\/www.sicilyaction.com\/wp-content\/uploads\/2015\/10\/logo_action2.png\",\"contentUrl\":\"https:\/\/www.sicilyaction.com\/wp-content\/uploads\/2015\/10\/logo_action2.png\",\"width\":300,\"height\":450,\"caption\":\"Sicily Action\"},\"image\":{\"@id\":\"https:\/\/www.sicilyaction.com\/#logo\"}},{\"@type\":\"WebSite\",\"@id\":\"https:\/\/www.sicilyaction.com\/#website\",\"url\":\"https:\/\/www.sicilyaction.com\/\",\"name\":\"Sicily Action\",\"description\":\"Temabulding Sicily\",\"publisher\":{\"@id\":\"https:\/\/www.sicilyaction.com\/#organization\"},\"potentialAction\":[{\"@type\":\"SearchAction\",\"target\":{\"@type\":\"EntryPoint\",\"urlTemplate\":\"https:\/\/www.sicilyaction.com\/?s={search_term_string}\"},\"query-input\":\"required name=search_term_string\"}],\"inLanguage\":\"de\"},{\"@type\":\"ImageObject\",\"@id\":\"https:\/\/www.sicilyaction.com\/de\/team-building\/orienteering\/#primaryimage\",\"inLanguage\":\"de\",\"url\":\"https:\/\/www.sicilyaction.com\/wp-content\/uploads\/2015\/11\/shutterstock_297544079-e1453117171370.jpg\",\"contentUrl\":\"https:\/\/www.sicilyaction.com\/wp-content\/uploads\/2015\/11\/shutterstock_297544079-e1453117171370.jpg\",\"width\":800,\"height\":533,\"caption\":\"Orienteering Sicily\"},{\"@type\":\"WebPage\",\"@id\":\"https:\/\/www.sicilyaction.com\/de\/team-building\/orienteering\/#webpage\",\"url\":\"https:\/\/www.sicilyaction.com\/de\/team-building\/orienteering\/\",\"name\":\"Orienteering Sicily - Team Building Sicily\",\"isPartOf\":{\"@id\":\"https:\/\/www.sicilyaction.com\/#website\"},\"primaryImageOfPage\":{\"@id\":\"https:\/\/www.sicilyaction.com\/de\/team-building\/orienteering\/#primaryimage\"},\"datePublished\":\"2015-11-22T16:52:31+00:00\",\"dateModified\":\"2020-01-15T14:08:35+00:00\",\"description\":\"Orienteering Sicily -\u00a0is an\u00a0enjoyable experience that encourages all participants to build strong relationships, resolutions\u00a0and landmarks.\",\"breadcrumb\":{\"@id\":\"https:\/\/www.sicilyaction.com\/de\/team-building\/orienteering\/#breadcrumb\"},\"inLanguage\":\"de\",\"potentialAction\":[{\"@type\":\"ReadAction\",\"target\":[\"https:\/\/www.sicilyaction.com\/de\/team-building\/orienteering\/\"]}]},{\"@type\":\"BreadcrumbList\",\"@id\":\"https:\/\/www.sicilyaction.com\/de\/team-building\/orienteering\/#breadcrumb\",\"itemListElement\":[{\"@type\":\"ListItem\",\"position\":1,\"name\":\"Home\",\"item\":\"https:\/\/www.sicilyaction.com\/\"},{\"@type\":\"ListItem\",\"position\":2,\"name\":\"Team Building\",\"item\":\"https:\/\/www.sicilyaction.com\/de\/team-building\/\"},{\"@type\":\"ListItem\",\"position\":3,\"name\":\"Orienteering\"}]}]}<\/script>\n<!-- \/ Yoast SEO plugin. -->","yoast_head_json":{"title":"Orienteering Sicily - Team Building Sicily","description":"Orienteering Sicily -\u00a0is an\u00a0enjoyable experience that encourages all participants to build strong relationships, resolutions\u00a0and landmarks.","robots":{"index":"index","follow":"follow","max-snippet":"max-snippet:-1","max-image-preview":"max-image-preview:large","max-video-preview":"max-video-preview:-1"},"canonical":"https:\/\/www.sicilyaction.com\/de\/team-building\/orienteering\/","og_locale":"de_DE","og_type":"article","og_title":"Orienteering Sicily - Team Building Sicily","og_description":"Orienteering Sicily -\u00a0is an\u00a0enjoyable experience that encourages all participants to build strong relationships, resolutions\u00a0and landmarks.","og_url":"https:\/\/www.sicilyaction.com\/de\/team-building\/orienteering\/","og_site_name":"Sicily Action","article_publisher":"https:\/\/www.facebook.com\/sicilyaction\/","article_modified_time":"2020-01-15T14:08:35+00:00","og_image":[{"width":800,"height":533,"url":"https:\/\/www.sicilyaction.com\/wp-content\/uploads\/2015\/11\/shutterstock_297544079-e1453117171370.jpg","type":"image\/jpeg"}],"twitter_card":"summary","twitter_misc":{"Gesch\u00e4tzte Lesezeit":"2\u00a0Minuten"},"schema":{"@context":"https:\/\/schema.org","@graph":[{"@type":"Organization","@id":"https:\/\/www.sicilyaction.com\/#organization","name":"Sicily Action","url":"https:\/\/www.sicilyaction.com\/","sameAs":["https:\/\/www.facebook.com\/sicilyaction\/"],"logo":{"@type":"ImageObject","@id":"https:\/\/www.sicilyaction.com\/#logo","inLanguage":"de","url":"https:\/\/www.sicilyaction.com\/wp-content\/uploads\/2015\/10\/logo_action2.png","contentUrl":"https:\/\/www.sicilyaction.com\/wp-content\/uploads\/2015\/10\/logo_action2.png","width":300,"height":450,"caption":"Sicily Action"},"image":{"@id":"https:\/\/www.sicilyaction.com\/#logo"}},{"@type":"WebSite","@id":"https:\/\/www.sicilyaction.com\/#website","url":"https:\/\/www.sicilyaction.com\/","name":"Sicily Action","description":"Temabulding Sicily","publisher":{"@id":"https:\/\/www.sicilyaction.com\/#organization"},"potentialAction":[{"@type":"SearchAction","target":{"@type":"EntryPoint","urlTemplate":"https:\/\/www.sicilyaction.com\/?s={search_term_string}"},"query-input":"required name=search_term_string"}],"inLanguage":"de"},{"@type":"ImageObject","@id":"https:\/\/www.sicilyaction.com\/de\/team-building\/orienteering\/#primaryimage","inLanguage":"de","url":"https:\/\/www.sicilyaction.com\/wp-content\/uploads\/2015\/11\/shutterstock_297544079-e1453117171370.jpg","contentUrl":"https:\/\/www.sicilyaction.com\/wp-content\/uploads\/2015\/11\/shutterstock_297544079-e1453117171370.jpg","width":800,"height":533,"caption":"Orienteering Sicily"},{"@type":"WebPage","@id":"https:\/\/www.sicilyaction.com\/de\/team-building\/orienteering\/#webpage","url":"https:\/\/www.sicilyaction.com\/de\/team-building\/orienteering\/","name":"Orienteering Sicily - Team Building Sicily","isPartOf":{"@id":"https:\/\/www.sicilyaction.com\/#website"},"primaryImageOfPage":{"@id":"https:\/\/www.sicilyaction.com\/de\/team-building\/orienteering\/#primaryimage"},"datePublished":"2015-11-22T16:52:31+00:00","dateModified":"2020-01-15T14:08:35+00:00","description":"Orienteering Sicily -\u00a0is an\u00a0enjoyable experience that encourages all participants to build strong relationships, resolutions\u00a0and landmarks.","breadcrumb":{"@id":"https:\/\/www.sicilyaction.com\/de\/team-building\/orienteering\/#breadcrumb"},"inLanguage":"de","potentialAction":[{"@type":"ReadAction","target":["https:\/\/www.sicilyaction.com\/de\/team-building\/orienteering\/"]}]},{"@type":"BreadcrumbList","@id":"https:\/\/www.sicilyaction.com\/de\/team-building\/orienteering\/#breadcrumb","itemListElement":[{"@type":"ListItem","position":1,"name":"Home","item":"https:\/\/www.sicilyaction.com\/"},{"@type":"ListItem","position":2,"name":"Team Building","item":"https:\/\/www.sicilyaction.com\/de\/team-building\/"},{"@type":"ListItem","position":3,"name":"Orienteering"}]}]}},"_links":{"self":[{"href":"https:\/\/www.sicilyaction.com\/de\/wp-json\/wp\/v2\/pages\/260"}],"collection":[{"href":"https:\/\/www.sicilyaction.com\/de\/wp-json\/wp\/v2\/pages"}],"about":[{"href":"https:\/\/www.sicilyaction.com\/de\/wp-json\/wp\/v2\/types\/page"}],"author":[{"embeddable":true,"href":"https:\/\/www.sicilyaction.com\/de\/wp-json\/wp\/v2\/users\/1"}],"replies":[{"embeddable":true,"href":"https:\/\/www.sicilyaction.com\/de\/wp-json\/wp\/v2\/comments?post=260"}],"version-history":[{"count":21,"href":"https:\/\/www.sicilyaction.com\/de\/wp-json\/wp\/v2\/pages\/260\/revisions"}],"predecessor-version":[{"id":1152,"href":"https:\/\/www.sicilyaction.com\/de\/wp-json\/wp\/v2\/pages\/260\/revisions\/1152"}],"up":[{"embeddable":true,"href":"https:\/\/www.sicilyaction.com\/de\/wp-json\/wp\/v2\/pages\/240"}],"wp:featuredmedia":[{"embeddable":true,"href":"https:\/\/www.sicilyaction.com\/de\/wp-json\/wp\/v2\/media\/412"}],"wp:attachment":[{"href":"https:\/\/www.sicilyaction.com\/de\/wp-json\/wp\/v2\/media?parent=260"}],"curies":[{"name":"wp","href":"https:\/\/api.w.org\/{rel}","templated":true}]}}