{"id":256,"date":"2015-11-21T18:50:06","date_gmt":"2015-11-21T17:50:06","guid":{"rendered":"https:\/\/www.sicilyaction.com\/?page_id=256"},"modified":"2020-01-15T11:02:23","modified_gmt":"2020-01-15T10:02:23","slug":"mtb-etna","status":"publish","type":"page","link":"https:\/\/www.sicilyaction.com\/de\/corportate-events\/mtb-etna\/","title":{"rendered":"MTB \u00c4TNA"},"content":{"rendered":"<p><img loading=\"lazy\" class=\"alignleft size-full wp-image-807\" src=\"https:\/\/www.sicilyaction.com\/wp-content\/uploads\/2016\/01\/shutterstock_140453197.jpg\" alt=\"MTB Etna Tour\" width=\"200\" height=\"133\" \/><strong>MTB \u00c4tna Tour &#8230; <\/strong>Eine Mountainbike-Tour zum \u00c4tna ist nicht nur Sport, sondern auch ein Abenteuer voller Charme, Kultur und Emotionen. Dabei werden Sie an Kratern, W\u00e4ldern und Lavaw\u00fcsten vorbeikommen. W\u00e4hrend der Radtour werden Sie die Harmonie dieses besonderen Orts sp\u00fcren. Es gibt Ihnen die M\u00f6glichkeit, jedes Detail, jede Nuance und jedes Merkmal der Region in vollen Z\u00fcgen zu genie\u00dfen.<\/p>\n<p>&nbsp;<\/p>","protected":false},"excerpt":{"rendered":"<p>MTB \u00c4tna Tour &#8230; Eine Mountainbike-Tour zum \u00c4tna ist nicht nur Sport, sondern auch ein Abenteuer voller Charme, Kultur und Emotionen. Dabei werden Sie an Kratern, W\u00e4ldern und Lavaw\u00fcsten vorbeikommen. <a href=\"https:\/\/www.sicilyaction.com\/de\/corportate-events\/mtb-etna\/\" class=\"more-link\">[&#8230;]<\/a><\/p>\n","protected":false},"author":1,"featured_media":419,"parent":252,"menu_order":0,"comment_status":"closed","ping_status":"closed","template":"template-sidebar.php","meta":[],"yoast_head":"<!-- This site is optimized with the Yoast SEO plugin v18.2 - https:\/\/yoast.com\/wordpress\/plugins\/seo\/ -->\n<title>Mtb Etna - Mountain bike Tour - Volcano Etna trails in Sicily<\/title>\n<meta name=\"description\" content=\"Mtb Etna tour - A mountain bike journey to volcano Etna is not only sport, but also an adventure full of charm, culture and emotion given by the volcano\" \/>\n<meta name=\"robots\" content=\"index, follow, max-snippet:-1, max-image-preview:large, max-video-preview:-1\" \/>\n<link rel=\"canonical\" href=\"https:\/\/www.sicilyaction.com\/corportate-events\/mtb-etna\/\" \/>\n<meta property=\"og:locale\" content=\"de_DE\" \/>\n<meta property=\"og:type\" content=\"article\" \/>\n<meta property=\"og:title\" content=\"Mtb Etna - Mountain bike Tour - Volcano Etna trails in Sicily\" \/>\n<meta property=\"og:description\" content=\"Mtb Etna tour - A mountain bike journey to volcano Etna is not only sport, but also an adventure full of charm, culture and emotion given by the volcano\" \/>\n<meta property=\"og:url\" content=\"https:\/\/www.sicilyaction.com\/corportate-events\/mtb-etna\/\" \/>\n<meta property=\"og:site_name\" content=\"Sicily Action\" \/>\n<meta property=\"article:publisher\" content=\"https:\/\/www.facebook.com\/sicilyaction\/\" \/>\n<meta property=\"article:modified_time\" content=\"2020-01-15T10:02:23+00:00\" \/>\n<meta property=\"og:image\" content=\"https:\/\/www.sicilyaction.com\/wp-content\/uploads\/2015\/11\/shutterstock_306759800-e1453117203871.jpg\" \/>\n\t<meta property=\"og:image:width\" content=\"800\" \/>\n\t<meta property=\"og:image:height\" content=\"533\" \/>\n\t<meta property=\"og:image:type\" content=\"image\/jpeg\" \/>\n<meta name=\"twitter:card\" content=\"summary\" \/>\n<meta name=\"twitter:label1\" content=\"Gesch\u00e4tzte Lesezeit\" \/>\n\t<meta name=\"twitter:data1\" content=\"2\u00a0Minuten\" \/>\n<script type=\"application\/ld+json\" class=\"yoast-schema-graph\">{\"@context\":\"https:\/\/schema.org\",\"@graph\":[{\"@type\":\"Organization\",\"@id\":\"https:\/\/www.sicilyaction.com\/#organization\",\"name\":\"Sicily Action\",\"url\":\"https:\/\/www.sicilyaction.com\/\",\"sameAs\":[\"https:\/\/www.facebook.com\/sicilyaction\/\"],\"logo\":{\"@type\":\"ImageObject\",\"@id\":\"https:\/\/www.sicilyaction.com\/#logo\",\"inLanguage\":\"de\",\"url\":\"https:\/\/www.sicilyaction.com\/wp-content\/uploads\/2015\/10\/logo_action2.png\",\"contentUrl\":\"https:\/\/www.sicilyaction.com\/wp-content\/uploads\/2015\/10\/logo_action2.png\",\"width\":300,\"height\":450,\"caption\":\"Sicily Action\"},\"image\":{\"@id\":\"https:\/\/www.sicilyaction.com\/#logo\"}},{\"@type\":\"WebSite\",\"@id\":\"https:\/\/www.sicilyaction.com\/#website\",\"url\":\"https:\/\/www.sicilyaction.com\/\",\"name\":\"Sicily Action\",\"description\":\"Temabulding Sicily\",\"publisher\":{\"@id\":\"https:\/\/www.sicilyaction.com\/#organization\"},\"potentialAction\":[{\"@type\":\"SearchAction\",\"target\":{\"@type\":\"EntryPoint\",\"urlTemplate\":\"https:\/\/www.sicilyaction.com\/?s={search_term_string}\"},\"query-input\":\"required name=search_term_string\"}],\"inLanguage\":\"de\"},{\"@type\":\"ImageObject\",\"@id\":\"https:\/\/www.sicilyaction.com\/corportate-events\/mtb-etna\/#primaryimage\",\"inLanguage\":\"de\",\"url\":\"https:\/\/www.sicilyaction.com\/wp-content\/uploads\/2015\/11\/shutterstock_306759800-e1453117203871.jpg\",\"contentUrl\":\"https:\/\/www.sicilyaction.com\/wp-content\/uploads\/2015\/11\/shutterstock_306759800-e1453117203871.jpg\",\"width\":800,\"height\":533,\"caption\":\"MTB Etna\"},{\"@type\":\"WebPage\",\"@id\":\"https:\/\/www.sicilyaction.com\/corportate-events\/mtb-etna\/#webpage\",\"url\":\"https:\/\/www.sicilyaction.com\/corportate-events\/mtb-etna\/\",\"name\":\"Mtb Etna - Mountain bike Tour - Volcano Etna trails in Sicily\",\"isPartOf\":{\"@id\":\"https:\/\/www.sicilyaction.com\/#website\"},\"primaryImageOfPage\":{\"@id\":\"https:\/\/www.sicilyaction.com\/corportate-events\/mtb-etna\/#primaryimage\"},\"datePublished\":\"2015-11-21T17:50:06+00:00\",\"dateModified\":\"2020-01-15T10:02:23+00:00\",\"description\":\"Mtb Etna tour - A mountain bike journey to volcano Etna is not only sport, but also an adventure full of charm, culture and emotion given by the volcano\",\"breadcrumb\":{\"@id\":\"https:\/\/www.sicilyaction.com\/corportate-events\/mtb-etna\/#breadcrumb\"},\"inLanguage\":\"de\",\"potentialAction\":[{\"@type\":\"ReadAction\",\"target\":[\"https:\/\/www.sicilyaction.com\/corportate-events\/mtb-etna\/\"]}]},{\"@type\":\"BreadcrumbList\",\"@id\":\"https:\/\/www.sicilyaction.com\/corportate-events\/mtb-etna\/#breadcrumb\",\"itemListElement\":[{\"@type\":\"ListItem\",\"position\":1,\"name\":\"Home\",\"item\":\"https:\/\/www.sicilyaction.com\/\"},{\"@type\":\"ListItem\",\"position\":2,\"name\":\"Corporate Events Sicily\",\"item\":\"https:\/\/www.sicilyaction.com\/corportate-events\/\"},{\"@type\":\"ListItem\",\"position\":3,\"name\":\"MTB Etna\"}]}]}<\/script>\n<!-- \/ Yoast SEO plugin. -->","yoast_head_json":{"title":"Mtb Etna - Mountain bike Tour - Volcano Etna trails in Sicily","description":"Mtb Etna tour - A mountain bike journey to volcano Etna is not only sport, but also an adventure full of charm, culture and emotion given by the volcano","robots":{"index":"index","follow":"follow","max-snippet":"max-snippet:-1","max-image-preview":"max-image-preview:large","max-video-preview":"max-video-preview:-1"},"canonical":"https:\/\/www.sicilyaction.com\/corportate-events\/mtb-etna\/","og_locale":"de_DE","og_type":"article","og_title":"Mtb Etna - Mountain bike Tour - Volcano Etna trails in Sicily","og_description":"Mtb Etna tour - A mountain bike journey to volcano Etna is not only sport, but also an adventure full of charm, culture and emotion given by the volcano","og_url":"https:\/\/www.sicilyaction.com\/corportate-events\/mtb-etna\/","og_site_name":"Sicily Action","article_publisher":"https:\/\/www.facebook.com\/sicilyaction\/","article_modified_time":"2020-01-15T10:02:23+00:00","og_image":[{"width":800,"height":533,"url":"https:\/\/www.sicilyaction.com\/wp-content\/uploads\/2015\/11\/shutterstock_306759800-e1453117203871.jpg","type":"image\/jpeg"}],"twitter_card":"summary","twitter_misc":{"Gesch\u00e4tzte Lesezeit":"2\u00a0Minuten"},"schema":{"@context":"https:\/\/schema.org","@graph":[{"@type":"Organization","@id":"https:\/\/www.sicilyaction.com\/#organization","name":"Sicily Action","url":"https:\/\/www.sicilyaction.com\/","sameAs":["https:\/\/www.facebook.com\/sicilyaction\/"],"logo":{"@type":"ImageObject","@id":"https:\/\/www.sicilyaction.com\/#logo","inLanguage":"de","url":"https:\/\/www.sicilyaction.com\/wp-content\/uploads\/2015\/10\/logo_action2.png","contentUrl":"https:\/\/www.sicilyaction.com\/wp-content\/uploads\/2015\/10\/logo_action2.png","width":300,"height":450,"caption":"Sicily Action"},"image":{"@id":"https:\/\/www.sicilyaction.com\/#logo"}},{"@type":"WebSite","@id":"https:\/\/www.sicilyaction.com\/#website","url":"https:\/\/www.sicilyaction.com\/","name":"Sicily Action","description":"Temabulding Sicily","publisher":{"@id":"https:\/\/www.sicilyaction.com\/#organization"},"potentialAction":[{"@type":"SearchAction","target":{"@type":"EntryPoint","urlTemplate":"https:\/\/www.sicilyaction.com\/?s={search_term_string}"},"query-input":"required name=search_term_string"}],"inLanguage":"de"},{"@type":"ImageObject","@id":"https:\/\/www.sicilyaction.com\/corportate-events\/mtb-etna\/#primaryimage","inLanguage":"de","url":"https:\/\/www.sicilyaction.com\/wp-content\/uploads\/2015\/11\/shutterstock_306759800-e1453117203871.jpg","contentUrl":"https:\/\/www.sicilyaction.com\/wp-content\/uploads\/2015\/11\/shutterstock_306759800-e1453117203871.jpg","width":800,"height":533,"caption":"MTB Etna"},{"@type":"WebPage","@id":"https:\/\/www.sicilyaction.com\/corportate-events\/mtb-etna\/#webpage","url":"https:\/\/www.sicilyaction.com\/corportate-events\/mtb-etna\/","name":"Mtb Etna - Mountain bike Tour - Volcano Etna trails in Sicily","isPartOf":{"@id":"https:\/\/www.sicilyaction.com\/#website"},"primaryImageOfPage":{"@id":"https:\/\/www.sicilyaction.com\/corportate-events\/mtb-etna\/#primaryimage"},"datePublished":"2015-11-21T17:50:06+00:00","dateModified":"2020-01-15T10:02:23+00:00","description":"Mtb Etna tour - A mountain bike journey to volcano Etna is not only sport, but also an adventure full of charm, culture and emotion given by the volcano","breadcrumb":{"@id":"https:\/\/www.sicilyaction.com\/corportate-events\/mtb-etna\/#breadcrumb"},"inLanguage":"de","potentialAction":[{"@type":"ReadAction","target":["https:\/\/www.sicilyaction.com\/corportate-events\/mtb-etna\/"]}]},{"@type":"BreadcrumbList","@id":"https:\/\/www.sicilyaction.com\/corportate-events\/mtb-etna\/#breadcrumb","itemListElement":[{"@type":"ListItem","position":1,"name":"Home","item":"https:\/\/www.sicilyaction.com\/"},{"@type":"ListItem","position":2,"name":"Corporate Events Sicily","item":"https:\/\/www.sicilyaction.com\/corportate-events\/"},{"@type":"ListItem","position":3,"name":"MTB Etna"}]}]}},"_links":{"self":[{"href":"https:\/\/www.sicilyaction.com\/de\/wp-json\/wp\/v2\/pages\/256"}],"collection":[{"href":"https:\/\/www.sicilyaction.com\/de\/wp-json\/wp\/v2\/pages"}],"about":[{"href":"https:\/\/www.sicilyaction.com\/de\/wp-json\/wp\/v2\/types\/page"}],"author":[{"embeddable":true,"href":"https:\/\/www.sicilyaction.com\/de\/wp-json\/wp\/v2\/users\/1"}],"replies":[{"embeddable":true,"href":"https:\/\/www.sicilyaction.com\/de\/wp-json\/wp\/v2\/comments?post=256"}],"version-history":[{"count":21,"href":"https:\/\/www.sicilyaction.com\/de\/wp-json\/wp\/v2\/pages\/256\/revisions"}],"predecessor-version":[{"id":1111,"href":"https:\/\/www.sicilyaction.com\/de\/wp-json\/wp\/v2\/pages\/256\/revisions\/1111"}],"up":[{"embeddable":true,"href":"https:\/\/www.sicilyaction.com\/de\/wp-json\/wp\/v2\/pages\/252"}],"wp:featuredmedia":[{"embeddable":true,"href":"https:\/\/www.sicilyaction.com\/de\/wp-json\/wp\/v2\/media\/419"}],"wp:attachment":[{"href":"https:\/\/www.sicilyaction.com\/de\/wp-json\/wp\/v2\/media?parent=256"}],"curies":[{"name":"wp","href":"https:\/\/api.w.org\/{rel}","templated":true}]}}