{"id":252,"date":"2015-11-19T11:08:00","date_gmt":"2015-11-19T10:08:00","guid":{"rendered":"https:\/\/www.sicilyaction.com\/?page_id=252"},"modified":"2020-01-15T14:31:38","modified_gmt":"2020-01-15T13:31:38","slug":"corportate-events","status":"publish","type":"page","link":"https:\/\/www.sicilyaction.com\/de\/corportate-events\/","title":{"rendered":"Corporate Events"},"content":{"rendered":"<p>Sie m\u00f6chten ein <strong>unvergessliches Erlebnis<\/strong> f\u00fcr Ihre Kunden oder Mitarbeiter organisieren? Sie ben\u00f6tigen eine ungew\u00f6hnliche Aktivit\u00e4t wie eine <strong>Quad-Tour auf einem aktiven Vulka<\/strong>n oder einen Segelt\u00f6rn entlang wundersch\u00f6ner K\u00fcsten? Dann ist Sizilien die perfekte Wahl f\u00fcr Sie.<\/p>\n<p>Je nach Ziel und Stil haben Incentive-Veranstaltungen die F\u00e4higkeit, <strong>Kundenbeziehungen aufzubauen und zu festigen<\/strong> oder Ihre <strong>Mitarbeiter f\u00fcr die gute Arbeit zu belohnen<\/strong> und Anreize f\u00fcr zuk\u00fcnftige Projekte zu setzen.<\/p>\n<p>Mit unseren professionellen Partnern in ganz Sizilien k\u00f6nnen wir Ihnen <strong>ein Komplettpaket<\/strong> anbieten.<\/p>\n<h3 style=\"text-align: right;\">Corporate Events Sicily<\/h3>\n<p><div id='gallery-3' class='gallery galleryid-252 gallery-columns-4 gallery-size-thumbnail'><figure class='gallery-item'>\n\t\t\t<div class='gallery-icon landscape'>\n\t\t\t\t<a href='https:\/\/www.sicilyaction.com\/wp-content\/uploads\/2016\/01\/shutterstock_61643491-e1453115940121.jpg'><img width=\"150\" height=\"150\" src=\"https:\/\/www.sicilyaction.com\/wp-content\/uploads\/2016\/01\/shutterstock_61643491-150x150.jpg\" class=\"attachment-thumbnail size-thumbnail\" alt=\"Diving Sicily\" loading=\"lazy\" \/><\/a>\n\t\t\t<\/div><\/figure><figure class='gallery-item'>\n\t\t\t<div class='gallery-icon landscape'>\n\t\t\t\t<a href='https:\/\/www.sicilyaction.com\/wp-content\/uploads\/2016\/01\/Diving-Sicily-e1453115931697.jpg'><img width=\"150\" height=\"150\" src=\"https:\/\/www.sicilyaction.com\/wp-content\/uploads\/2016\/01\/Diving-Sicily-150x150.jpg\" class=\"attachment-thumbnail size-thumbnail\" alt=\"Diving Sicily\" loading=\"lazy\" \/><\/a>\n\t\t\t<\/div><\/figure><figure class='gallery-item'>\n\t\t\t<div class='gallery-icon landscape'>\n\t\t\t\t<a href='https:\/\/www.sicilyaction.com\/wp-content\/uploads\/2016\/01\/Paragliding-Sicily-e1453115923809.jpg'><img width=\"150\" height=\"150\" src=\"https:\/\/www.sicilyaction.com\/wp-content\/uploads\/2016\/01\/Paragliding-Sicily-150x150.jpg\" class=\"attachment-thumbnail size-thumbnail\" alt=\"Paragliding Sicily\" loading=\"lazy\" \/><\/a>\n\t\t\t<\/div><\/figure><figure class='gallery-item'>\n\t\t\t<div class='gallery-icon landscape'>\n\t\t\t\t<a href='https:\/\/www.sicilyaction.com\/wp-content\/uploads\/2016\/01\/PAragliding-Sicili-1-e1453115915155.jpg'><img width=\"150\" height=\"150\" src=\"https:\/\/www.sicilyaction.com\/wp-content\/uploads\/2016\/01\/PAragliding-Sicili-1-150x150.jpg\" class=\"attachment-thumbnail size-thumbnail\" alt=\"Paragliding Sicily\" loading=\"lazy\" \/><\/a>\n\t\t\t<\/div><\/figure><figure class='gallery-item'>\n\t\t\t<div class='gallery-icon landscape'>\n\t\t\t\t<a href='https:\/\/www.sicilyaction.com\/wp-content\/uploads\/2016\/01\/MTB-Etna-e1453115907312.jpg'><img width=\"150\" height=\"150\" src=\"https:\/\/www.sicilyaction.com\/wp-content\/uploads\/2016\/01\/MTB-Etna-150x150.jpg\" class=\"attachment-thumbnail size-thumbnail\" alt=\"MTB Etna\" loading=\"lazy\" \/><\/a>\n\t\t\t<\/div><\/figure><figure class='gallery-item'>\n\t\t\t<div class='gallery-icon landscape'>\n\t\t\t\t<a href='https:\/\/www.sicilyaction.com\/wp-content\/uploads\/2016\/01\/MTB-Etna-1-e1453115898105.jpg'><img width=\"150\" height=\"150\" src=\"https:\/\/www.sicilyaction.com\/wp-content\/uploads\/2016\/01\/MTB-Etna-1-150x150.jpg\" class=\"attachment-thumbnail size-thumbnail\" alt=\"MTB Etna\" loading=\"lazy\" \/><\/a>\n\t\t\t<\/div><\/figure><figure class='gallery-item'>\n\t\t\t<div class='gallery-icon landscape'>\n\t\t\t\t<a href='https:\/\/www.sicilyaction.com\/wp-content\/uploads\/2016\/01\/Quad-Adventure-Sicily-e1453115888548.jpg'><img width=\"150\" height=\"150\" src=\"https:\/\/www.sicilyaction.com\/wp-content\/uploads\/2016\/01\/Quad-Adventure-Sicily-150x150.jpg\" class=\"attachment-thumbnail size-thumbnail\" alt=\"Quad Adventure Sicily\" loading=\"lazy\" \/><\/a>\n\t\t\t<\/div><\/figure><figure class='gallery-item'>\n\t\t\t<div class='gallery-icon landscape'>\n\t\t\t\t<a href='https:\/\/www.sicilyaction.com\/wp-content\/uploads\/2016\/01\/shutterstock_228212014-e1453115880675.jpg'><img width=\"150\" height=\"150\" src=\"https:\/\/www.sicilyaction.com\/wp-content\/uploads\/2016\/01\/shutterstock_228212014-150x150.jpg\" class=\"attachment-thumbnail size-thumbnail\" alt=\"Wine Tasting Sicily\" loading=\"lazy\" \/><\/a>\n\t\t\t<\/div><\/figure>\n\t\t<\/div>\n<\/p>","protected":false},"excerpt":{"rendered":"<p>Sie m\u00f6chten ein unvergessliches Erlebnis f\u00fcr Ihre Kunden oder Mitarbeiter organisieren? Sie ben\u00f6tigen eine ungew\u00f6hnliche Aktivit\u00e4t wie eine Quad-Tour auf einem aktiven Vulkan oder einen Segelt\u00f6rn entlang wundersch\u00f6ner K\u00fcsten? Dann <a href=\"https:\/\/www.sicilyaction.com\/de\/corportate-events\/\" class=\"more-link\">[&#8230;]<\/a><\/p>\n","protected":false},"author":1,"featured_media":424,"parent":0,"menu_order":0,"comment_status":"closed","ping_status":"closed","template":"template-sidebar.php","meta":[],"yoast_head":"<!-- This site is optimized with the Yoast SEO plugin v18.2 - https:\/\/yoast.com\/wordpress\/plugins\/seo\/ -->\n<title>Corporate Events Sicily - Incentive Sicily - Group Events Sicily<\/title>\n<meta name=\"description\" content=\"Corporate Events Sicily - depending on the objective and style, they will have the power to establish and strengthen customer relationships or to reward your employees for the good work and to provide an incentive for their future projects.\" \/>\n<meta name=\"robots\" content=\"index, follow, max-snippet:-1, max-image-preview:large, max-video-preview:-1\" \/>\n<link rel=\"canonical\" href=\"https:\/\/www.sicilyaction.com\/corportate-events\/\" \/>\n<meta property=\"og:locale\" content=\"de_DE\" \/>\n<meta property=\"og:type\" content=\"article\" \/>\n<meta property=\"og:title\" content=\"Corporate Events Sicily - Incentive Sicily - Group Events Sicily\" \/>\n<meta property=\"og:description\" content=\"Corporate Events Sicily - depending on the objective and style, they will have the power to establish and strengthen customer relationships or to reward your employees for the good work and to provide an incentive for their future projects.\" \/>\n<meta property=\"og:url\" content=\"https:\/\/www.sicilyaction.com\/corportate-events\/\" \/>\n<meta property=\"og:site_name\" content=\"Sicily Action\" \/>\n<meta property=\"article:publisher\" content=\"https:\/\/www.facebook.com\/sicilyaction\/\" \/>\n<meta property=\"article:modified_time\" content=\"2020-01-15T13:31:38+00:00\" \/>\n<meta property=\"og:image\" content=\"https:\/\/www.sicilyaction.com\/wp-content\/uploads\/2015\/11\/shutterstock_148189043.jpg\" \/>\n\t<meta property=\"og:image:width\" content=\"1200\" \/>\n\t<meta property=\"og:image:height\" content=\"801\" \/>\n\t<meta property=\"og:image:type\" content=\"image\/jpeg\" \/>\n<meta name=\"twitter:card\" content=\"summary\" \/>\n<meta name=\"twitter:label1\" content=\"Gesch\u00e4tzte Lesezeit\" \/>\n\t<meta name=\"twitter:data1\" content=\"2\u00a0Minuten\" \/>\n<script type=\"application\/ld+json\" class=\"yoast-schema-graph\">{\"@context\":\"https:\/\/schema.org\",\"@graph\":[{\"@type\":\"Organization\",\"@id\":\"https:\/\/www.sicilyaction.com\/#organization\",\"name\":\"Sicily Action\",\"url\":\"https:\/\/www.sicilyaction.com\/\",\"sameAs\":[\"https:\/\/www.facebook.com\/sicilyaction\/\"],\"logo\":{\"@type\":\"ImageObject\",\"@id\":\"https:\/\/www.sicilyaction.com\/#logo\",\"inLanguage\":\"de\",\"url\":\"https:\/\/www.sicilyaction.com\/wp-content\/uploads\/2015\/10\/logo_action2.png\",\"contentUrl\":\"https:\/\/www.sicilyaction.com\/wp-content\/uploads\/2015\/10\/logo_action2.png\",\"width\":300,\"height\":450,\"caption\":\"Sicily Action\"},\"image\":{\"@id\":\"https:\/\/www.sicilyaction.com\/#logo\"}},{\"@type\":\"WebSite\",\"@id\":\"https:\/\/www.sicilyaction.com\/#website\",\"url\":\"https:\/\/www.sicilyaction.com\/\",\"name\":\"Sicily Action\",\"description\":\"Temabulding Sicily\",\"publisher\":{\"@id\":\"https:\/\/www.sicilyaction.com\/#organization\"},\"potentialAction\":[{\"@type\":\"SearchAction\",\"target\":{\"@type\":\"EntryPoint\",\"urlTemplate\":\"https:\/\/www.sicilyaction.com\/?s={search_term_string}\"},\"query-input\":\"required name=search_term_string\"}],\"inLanguage\":\"de\"},{\"@type\":\"ImageObject\",\"@id\":\"https:\/\/www.sicilyaction.com\/corportate-events\/#primaryimage\",\"inLanguage\":\"de\",\"url\":\"https:\/\/www.sicilyaction.com\/wp-content\/uploads\/2015\/11\/shutterstock_148189043.jpg\",\"contentUrl\":\"https:\/\/www.sicilyaction.com\/wp-content\/uploads\/2015\/11\/shutterstock_148189043.jpg\",\"width\":1200,\"height\":801,\"caption\":\"Corporate Events Sicily\"},{\"@type\":\"WebPage\",\"@id\":\"https:\/\/www.sicilyaction.com\/corportate-events\/#webpage\",\"url\":\"https:\/\/www.sicilyaction.com\/corportate-events\/\",\"name\":\"Corporate Events Sicily - Incentive Sicily - Group Events Sicily\",\"isPartOf\":{\"@id\":\"https:\/\/www.sicilyaction.com\/#website\"},\"primaryImageOfPage\":{\"@id\":\"https:\/\/www.sicilyaction.com\/corportate-events\/#primaryimage\"},\"datePublished\":\"2015-11-19T10:08:00+00:00\",\"dateModified\":\"2020-01-15T13:31:38+00:00\",\"description\":\"Corporate Events Sicily - depending on the objective and style, they will have the power to establish and strengthen customer relationships or to reward your employees for the good work and to provide an incentive for their future projects.\",\"breadcrumb\":{\"@id\":\"https:\/\/www.sicilyaction.com\/corportate-events\/#breadcrumb\"},\"inLanguage\":\"de\",\"potentialAction\":[{\"@type\":\"ReadAction\",\"target\":[\"https:\/\/www.sicilyaction.com\/corportate-events\/\"]}]},{\"@type\":\"BreadcrumbList\",\"@id\":\"https:\/\/www.sicilyaction.com\/corportate-events\/#breadcrumb\",\"itemListElement\":[{\"@type\":\"ListItem\",\"position\":1,\"name\":\"Home\",\"item\":\"https:\/\/www.sicilyaction.com\/\"},{\"@type\":\"ListItem\",\"position\":2,\"name\":\"Corporate Events Sicily\"}]}]}<\/script>\n<!-- \/ Yoast SEO plugin. -->","yoast_head_json":{"title":"Corporate Events Sicily - Incentive Sicily - Group Events Sicily","description":"Corporate Events Sicily - depending on the objective and style, they will have the power to establish and strengthen customer relationships or to reward your employees for the good work and to provide an incentive for their future projects.","robots":{"index":"index","follow":"follow","max-snippet":"max-snippet:-1","max-image-preview":"max-image-preview:large","max-video-preview":"max-video-preview:-1"},"canonical":"https:\/\/www.sicilyaction.com\/corportate-events\/","og_locale":"de_DE","og_type":"article","og_title":"Corporate Events Sicily - Incentive Sicily - Group Events Sicily","og_description":"Corporate Events Sicily - depending on the objective and style, they will have the power to establish and strengthen customer relationships or to reward your employees for the good work and to provide an incentive for their future projects.","og_url":"https:\/\/www.sicilyaction.com\/corportate-events\/","og_site_name":"Sicily Action","article_publisher":"https:\/\/www.facebook.com\/sicilyaction\/","article_modified_time":"2020-01-15T13:31:38+00:00","og_image":[{"width":1200,"height":801,"url":"https:\/\/www.sicilyaction.com\/wp-content\/uploads\/2015\/11\/shutterstock_148189043.jpg","type":"image\/jpeg"}],"twitter_card":"summary","twitter_misc":{"Gesch\u00e4tzte Lesezeit":"2\u00a0Minuten"},"schema":{"@context":"https:\/\/schema.org","@graph":[{"@type":"Organization","@id":"https:\/\/www.sicilyaction.com\/#organization","name":"Sicily Action","url":"https:\/\/www.sicilyaction.com\/","sameAs":["https:\/\/www.facebook.com\/sicilyaction\/"],"logo":{"@type":"ImageObject","@id":"https:\/\/www.sicilyaction.com\/#logo","inLanguage":"de","url":"https:\/\/www.sicilyaction.com\/wp-content\/uploads\/2015\/10\/logo_action2.png","contentUrl":"https:\/\/www.sicilyaction.com\/wp-content\/uploads\/2015\/10\/logo_action2.png","width":300,"height":450,"caption":"Sicily Action"},"image":{"@id":"https:\/\/www.sicilyaction.com\/#logo"}},{"@type":"WebSite","@id":"https:\/\/www.sicilyaction.com\/#website","url":"https:\/\/www.sicilyaction.com\/","name":"Sicily Action","description":"Temabulding Sicily","publisher":{"@id":"https:\/\/www.sicilyaction.com\/#organization"},"potentialAction":[{"@type":"SearchAction","target":{"@type":"EntryPoint","urlTemplate":"https:\/\/www.sicilyaction.com\/?s={search_term_string}"},"query-input":"required name=search_term_string"}],"inLanguage":"de"},{"@type":"ImageObject","@id":"https:\/\/www.sicilyaction.com\/corportate-events\/#primaryimage","inLanguage":"de","url":"https:\/\/www.sicilyaction.com\/wp-content\/uploads\/2015\/11\/shutterstock_148189043.jpg","contentUrl":"https:\/\/www.sicilyaction.com\/wp-content\/uploads\/2015\/11\/shutterstock_148189043.jpg","width":1200,"height":801,"caption":"Corporate Events Sicily"},{"@type":"WebPage","@id":"https:\/\/www.sicilyaction.com\/corportate-events\/#webpage","url":"https:\/\/www.sicilyaction.com\/corportate-events\/","name":"Corporate Events Sicily - Incentive Sicily - Group Events Sicily","isPartOf":{"@id":"https:\/\/www.sicilyaction.com\/#website"},"primaryImageOfPage":{"@id":"https:\/\/www.sicilyaction.com\/corportate-events\/#primaryimage"},"datePublished":"2015-11-19T10:08:00+00:00","dateModified":"2020-01-15T13:31:38+00:00","description":"Corporate Events Sicily - depending on the objective and style, they will have the power to establish and strengthen customer relationships or to reward your employees for the good work and to provide an incentive for their future projects.","breadcrumb":{"@id":"https:\/\/www.sicilyaction.com\/corportate-events\/#breadcrumb"},"inLanguage":"de","potentialAction":[{"@type":"ReadAction","target":["https:\/\/www.sicilyaction.com\/corportate-events\/"]}]},{"@type":"BreadcrumbList","@id":"https:\/\/www.sicilyaction.com\/corportate-events\/#breadcrumb","itemListElement":[{"@type":"ListItem","position":1,"name":"Home","item":"https:\/\/www.sicilyaction.com\/"},{"@type":"ListItem","position":2,"name":"Corporate Events Sicily"}]}]}},"_links":{"self":[{"href":"https:\/\/www.sicilyaction.com\/de\/wp-json\/wp\/v2\/pages\/252"}],"collection":[{"href":"https:\/\/www.sicilyaction.com\/de\/wp-json\/wp\/v2\/pages"}],"about":[{"href":"https:\/\/www.sicilyaction.com\/de\/wp-json\/wp\/v2\/types\/page"}],"author":[{"embeddable":true,"href":"https:\/\/www.sicilyaction.com\/de\/wp-json\/wp\/v2\/users\/1"}],"replies":[{"embeddable":true,"href":"https:\/\/www.sicilyaction.com\/de\/wp-json\/wp\/v2\/comments?post=252"}],"version-history":[{"count":20,"href":"https:\/\/www.sicilyaction.com\/de\/wp-json\/wp\/v2\/pages\/252\/revisions"}],"predecessor-version":[{"id":1137,"href":"https:\/\/www.sicilyaction.com\/de\/wp-json\/wp\/v2\/pages\/252\/revisions\/1137"}],"wp:featuredmedia":[{"embeddable":true,"href":"https:\/\/www.sicilyaction.com\/de\/wp-json\/wp\/v2\/media\/424"}],"wp:attachment":[{"href":"https:\/\/www.sicilyaction.com\/de\/wp-json\/wp\/v2\/media?parent=252"}],"curies":[{"name":"wp","href":"https:\/\/api.w.org\/{rel}","templated":true}]}}