{"id":238,"date":"2015-11-18T15:21:12","date_gmt":"2015-11-18T14:21:12","guid":{"rendered":"https:\/\/www.sicilyaction.com\/?page_id=238"},"modified":"2020-01-15T15:13:25","modified_gmt":"2020-01-15T14:13:25","slug":"wine-oil-tasting","status":"publish","type":"page","link":"https:\/\/www.sicilyaction.com\/de\/corportate-events\/wine-oil-tasting\/","title":{"rendered":"Verkostung Wein &#8211; Oliven\u00f6l"},"content":{"rendered":"<p><img loading=\"lazy\" class=\"alignleft size-full wp-image-791\" src=\"https:\/\/www.sicilyaction.com\/wp-content\/uploads\/2016\/01\/shutterstock_83977012.jpg\" alt=\"shutterstock_83977012\" width=\"200\" height=\"133\" \/><strong>Wein- und Oliven\u00f6lprobe auf Sizilien<\/strong> &#8230; Suchen Sie ein einzigartiges Erlebnis, um die Aromen Siziliens zu probieren? Bei unseren Touren in der N\u00e4he des \u00c4tna entdecken Sie viele der typischen sizilianischen Produkte. Hierzu z\u00e4hlen Wein, handgefertigtes Oliven\u00f6l, Essig und Zitronensirup. Dar\u00fcber hinaus lernen Sie bei dieser Tour den Prozess des Anbaus, der Ernte und der traditionellen Herstellung von Wein oder Oliven\u00f6l kennen. Dies alles d\u00fcrfen Sie in einigen der sch\u00f6nsten sizilianischen Weinberge und Olivenhaine genie\u00dfen. Probieren Sie die Unterschiede zwischen den Weinen und \u00d6len und kosten Sie eine k\u00f6stliche Auswahl an regionalen frischen Produkten wie Wurstwaren und K\u00e4se. Diese werden alle von umliegenden Bauern hergestellt.<\/p>\n<h3 style=\"text-align: right;\">Wine and Olive Oil tasting Sicily<\/h3>\n<p><\/p>","protected":false},"excerpt":{"rendered":"<p>Wein- und Oliven\u00f6lprobe auf Sizilien &#8230; Suchen Sie ein einzigartiges Erlebnis, um die Aromen Siziliens zu probieren? Bei unseren Touren in der N\u00e4he des \u00c4tna entdecken Sie viele der typischen <a href=\"https:\/\/www.sicilyaction.com\/de\/corportate-events\/wine-oil-tasting\/\" class=\"more-link\">[&#8230;]<\/a><\/p>\n","protected":false},"author":1,"featured_media":380,"parent":252,"menu_order":0,"comment_status":"closed","ping_status":"closed","template":"template-sidebar.php","meta":[],"yoast_head":"<!-- This site is optimized with the Yoast SEO plugin v18.2 - https:\/\/yoast.com\/wordpress\/plugins\/seo\/ -->\n<title>Wine and Olive Oil Tasting Sicily - Wine - Olive Oil Tour Sicily<\/title>\n<meta name=\"description\" content=\"Wine olive oil tasting tour, break from the ordinary with a unique tour in the heart of the volcano Etna, offering a sensory exploration of Etna\u2019s products.\" \/>\n<meta name=\"robots\" content=\"index, follow, max-snippet:-1, max-image-preview:large, max-video-preview:-1\" \/>\n<link rel=\"canonical\" href=\"https:\/\/www.sicilyaction.com\/corportate-events\/wine-oil-tasting\/\" \/>\n<meta property=\"og:locale\" content=\"de_DE\" \/>\n<meta property=\"og:type\" content=\"article\" \/>\n<meta property=\"og:title\" content=\"Wine and Olive Oil Tasting Sicily - Wine - Olive Oil Tour Sicily\" \/>\n<meta property=\"og:description\" content=\"Wine olive oil tasting tour, break from the ordinary with a unique tour in the heart of the volcano Etna, offering a sensory exploration of Etna\u2019s products.\" \/>\n<meta property=\"og:url\" content=\"https:\/\/www.sicilyaction.com\/corportate-events\/wine-oil-tasting\/\" \/>\n<meta property=\"og:site_name\" content=\"Sicily Action\" \/>\n<meta property=\"article:publisher\" content=\"https:\/\/www.facebook.com\/sicilyaction\/\" \/>\n<meta property=\"article:modified_time\" content=\"2020-01-15T14:13:25+00:00\" \/>\n<meta property=\"og:image\" content=\"https:\/\/www.sicilyaction.com\/wp-content\/uploads\/2015\/11\/shutterstock_318738542-e1453117316905.jpg\" \/>\n\t<meta property=\"og:image:width\" content=\"800\" \/>\n\t<meta property=\"og:image:height\" content=\"533\" \/>\n\t<meta property=\"og:image:type\" content=\"image\/jpeg\" \/>\n<meta name=\"twitter:card\" content=\"summary\" \/>\n<meta name=\"twitter:label1\" content=\"Gesch\u00e4tzte Lesezeit\" \/>\n\t<meta name=\"twitter:data1\" content=\"2\u00a0Minuten\" \/>\n<script type=\"application\/ld+json\" class=\"yoast-schema-graph\">{\"@context\":\"https:\/\/schema.org\",\"@graph\":[{\"@type\":\"Organization\",\"@id\":\"https:\/\/www.sicilyaction.com\/#organization\",\"name\":\"Sicily Action\",\"url\":\"https:\/\/www.sicilyaction.com\/\",\"sameAs\":[\"https:\/\/www.facebook.com\/sicilyaction\/\"],\"logo\":{\"@type\":\"ImageObject\",\"@id\":\"https:\/\/www.sicilyaction.com\/#logo\",\"inLanguage\":\"de\",\"url\":\"https:\/\/www.sicilyaction.com\/wp-content\/uploads\/2015\/10\/logo_action2.png\",\"contentUrl\":\"https:\/\/www.sicilyaction.com\/wp-content\/uploads\/2015\/10\/logo_action2.png\",\"width\":300,\"height\":450,\"caption\":\"Sicily Action\"},\"image\":{\"@id\":\"https:\/\/www.sicilyaction.com\/#logo\"}},{\"@type\":\"WebSite\",\"@id\":\"https:\/\/www.sicilyaction.com\/#website\",\"url\":\"https:\/\/www.sicilyaction.com\/\",\"name\":\"Sicily Action\",\"description\":\"Temabulding Sicily\",\"publisher\":{\"@id\":\"https:\/\/www.sicilyaction.com\/#organization\"},\"potentialAction\":[{\"@type\":\"SearchAction\",\"target\":{\"@type\":\"EntryPoint\",\"urlTemplate\":\"https:\/\/www.sicilyaction.com\/?s={search_term_string}\"},\"query-input\":\"required name=search_term_string\"}],\"inLanguage\":\"de\"},{\"@type\":\"ImageObject\",\"@id\":\"https:\/\/www.sicilyaction.com\/corportate-events\/wine-oil-tasting\/#primaryimage\",\"inLanguage\":\"de\",\"url\":\"https:\/\/www.sicilyaction.com\/wp-content\/uploads\/2015\/11\/shutterstock_318738542-e1453117316905.jpg\",\"contentUrl\":\"https:\/\/www.sicilyaction.com\/wp-content\/uploads\/2015\/11\/shutterstock_318738542-e1453117316905.jpg\",\"width\":800,\"height\":533,\"caption\":\"Wine olive oil tasting\"},{\"@type\":\"WebPage\",\"@id\":\"https:\/\/www.sicilyaction.com\/corportate-events\/wine-oil-tasting\/#webpage\",\"url\":\"https:\/\/www.sicilyaction.com\/corportate-events\/wine-oil-tasting\/\",\"name\":\"Wine and Olive Oil Tasting Sicily - Wine - Olive Oil Tour Sicily\",\"isPartOf\":{\"@id\":\"https:\/\/www.sicilyaction.com\/#website\"},\"primaryImageOfPage\":{\"@id\":\"https:\/\/www.sicilyaction.com\/corportate-events\/wine-oil-tasting\/#primaryimage\"},\"datePublished\":\"2015-11-18T14:21:12+00:00\",\"dateModified\":\"2020-01-15T14:13:25+00:00\",\"description\":\"Wine olive oil tasting tour, break from the ordinary with a unique tour in the heart of the volcano Etna, offering a sensory exploration of Etna\u2019s products.\",\"breadcrumb\":{\"@id\":\"https:\/\/www.sicilyaction.com\/corportate-events\/wine-oil-tasting\/#breadcrumb\"},\"inLanguage\":\"de\",\"potentialAction\":[{\"@type\":\"ReadAction\",\"target\":[\"https:\/\/www.sicilyaction.com\/corportate-events\/wine-oil-tasting\/\"]}]},{\"@type\":\"BreadcrumbList\",\"@id\":\"https:\/\/www.sicilyaction.com\/corportate-events\/wine-oil-tasting\/#breadcrumb\",\"itemListElement\":[{\"@type\":\"ListItem\",\"position\":1,\"name\":\"Home\",\"item\":\"https:\/\/www.sicilyaction.com\/\"},{\"@type\":\"ListItem\",\"position\":2,\"name\":\"Corporate Events Sicily\",\"item\":\"https:\/\/www.sicilyaction.com\/corportate-events\/\"},{\"@type\":\"ListItem\",\"position\":3,\"name\":\"Wine and Olive Oil Tasting Sicily\"}]}]}<\/script>\n<!-- \/ Yoast SEO plugin. -->","yoast_head_json":{"title":"Wine and Olive Oil Tasting Sicily - Wine - Olive Oil Tour Sicily","description":"Wine olive oil tasting tour, break from the ordinary with a unique tour in the heart of the volcano Etna, offering a sensory exploration of Etna\u2019s products.","robots":{"index":"index","follow":"follow","max-snippet":"max-snippet:-1","max-image-preview":"max-image-preview:large","max-video-preview":"max-video-preview:-1"},"canonical":"https:\/\/www.sicilyaction.com\/corportate-events\/wine-oil-tasting\/","og_locale":"de_DE","og_type":"article","og_title":"Wine and Olive Oil Tasting Sicily - Wine - Olive Oil Tour Sicily","og_description":"Wine olive oil tasting tour, break from the ordinary with a unique tour in the heart of the volcano Etna, offering a sensory exploration of Etna\u2019s products.","og_url":"https:\/\/www.sicilyaction.com\/corportate-events\/wine-oil-tasting\/","og_site_name":"Sicily Action","article_publisher":"https:\/\/www.facebook.com\/sicilyaction\/","article_modified_time":"2020-01-15T14:13:25+00:00","og_image":[{"width":800,"height":533,"url":"https:\/\/www.sicilyaction.com\/wp-content\/uploads\/2015\/11\/shutterstock_318738542-e1453117316905.jpg","type":"image\/jpeg"}],"twitter_card":"summary","twitter_misc":{"Gesch\u00e4tzte Lesezeit":"2\u00a0Minuten"},"schema":{"@context":"https:\/\/schema.org","@graph":[{"@type":"Organization","@id":"https:\/\/www.sicilyaction.com\/#organization","name":"Sicily Action","url":"https:\/\/www.sicilyaction.com\/","sameAs":["https:\/\/www.facebook.com\/sicilyaction\/"],"logo":{"@type":"ImageObject","@id":"https:\/\/www.sicilyaction.com\/#logo","inLanguage":"de","url":"https:\/\/www.sicilyaction.com\/wp-content\/uploads\/2015\/10\/logo_action2.png","contentUrl":"https:\/\/www.sicilyaction.com\/wp-content\/uploads\/2015\/10\/logo_action2.png","width":300,"height":450,"caption":"Sicily Action"},"image":{"@id":"https:\/\/www.sicilyaction.com\/#logo"}},{"@type":"WebSite","@id":"https:\/\/www.sicilyaction.com\/#website","url":"https:\/\/www.sicilyaction.com\/","name":"Sicily Action","description":"Temabulding Sicily","publisher":{"@id":"https:\/\/www.sicilyaction.com\/#organization"},"potentialAction":[{"@type":"SearchAction","target":{"@type":"EntryPoint","urlTemplate":"https:\/\/www.sicilyaction.com\/?s={search_term_string}"},"query-input":"required name=search_term_string"}],"inLanguage":"de"},{"@type":"ImageObject","@id":"https:\/\/www.sicilyaction.com\/corportate-events\/wine-oil-tasting\/#primaryimage","inLanguage":"de","url":"https:\/\/www.sicilyaction.com\/wp-content\/uploads\/2015\/11\/shutterstock_318738542-e1453117316905.jpg","contentUrl":"https:\/\/www.sicilyaction.com\/wp-content\/uploads\/2015\/11\/shutterstock_318738542-e1453117316905.jpg","width":800,"height":533,"caption":"Wine olive oil tasting"},{"@type":"WebPage","@id":"https:\/\/www.sicilyaction.com\/corportate-events\/wine-oil-tasting\/#webpage","url":"https:\/\/www.sicilyaction.com\/corportate-events\/wine-oil-tasting\/","name":"Wine and Olive Oil Tasting Sicily - Wine - Olive Oil Tour Sicily","isPartOf":{"@id":"https:\/\/www.sicilyaction.com\/#website"},"primaryImageOfPage":{"@id":"https:\/\/www.sicilyaction.com\/corportate-events\/wine-oil-tasting\/#primaryimage"},"datePublished":"2015-11-18T14:21:12+00:00","dateModified":"2020-01-15T14:13:25+00:00","description":"Wine olive oil tasting tour, break from the ordinary with a unique tour in the heart of the volcano Etna, offering a sensory exploration of Etna\u2019s products.","breadcrumb":{"@id":"https:\/\/www.sicilyaction.com\/corportate-events\/wine-oil-tasting\/#breadcrumb"},"inLanguage":"de","potentialAction":[{"@type":"ReadAction","target":["https:\/\/www.sicilyaction.com\/corportate-events\/wine-oil-tasting\/"]}]},{"@type":"BreadcrumbList","@id":"https:\/\/www.sicilyaction.com\/corportate-events\/wine-oil-tasting\/#breadcrumb","itemListElement":[{"@type":"ListItem","position":1,"name":"Home","item":"https:\/\/www.sicilyaction.com\/"},{"@type":"ListItem","position":2,"name":"Corporate Events Sicily","item":"https:\/\/www.sicilyaction.com\/corportate-events\/"},{"@type":"ListItem","position":3,"name":"Wine and Olive Oil Tasting Sicily"}]}]}},"_links":{"self":[{"href":"https:\/\/www.sicilyaction.com\/de\/wp-json\/wp\/v2\/pages\/238"}],"collection":[{"href":"https:\/\/www.sicilyaction.com\/de\/wp-json\/wp\/v2\/pages"}],"about":[{"href":"https:\/\/www.sicilyaction.com\/de\/wp-json\/wp\/v2\/types\/page"}],"author":[{"embeddable":true,"href":"https:\/\/www.sicilyaction.com\/de\/wp-json\/wp\/v2\/users\/1"}],"replies":[{"embeddable":true,"href":"https:\/\/www.sicilyaction.com\/de\/wp-json\/wp\/v2\/comments?post=238"}],"version-history":[{"count":66,"href":"https:\/\/www.sicilyaction.com\/de\/wp-json\/wp\/v2\/pages\/238\/revisions"}],"predecessor-version":[{"id":1154,"href":"https:\/\/www.sicilyaction.com\/de\/wp-json\/wp\/v2\/pages\/238\/revisions\/1154"}],"up":[{"embeddable":true,"href":"https:\/\/www.sicilyaction.com\/de\/wp-json\/wp\/v2\/pages\/252"}],"wp:featuredmedia":[{"embeddable":true,"href":"https:\/\/www.sicilyaction.com\/de\/wp-json\/wp\/v2\/media\/380"}],"wp:attachment":[{"href":"https:\/\/www.sicilyaction.com\/de\/wp-json\/wp\/v2\/media?parent=238"}],"curies":[{"name":"wp","href":"https:\/\/api.w.org\/{rel}","templated":true}]}}