{"id":2,"date":"2015-09-11T06:33:12","date_gmt":"2015-09-11T06:33:12","guid":{"rendered":"http:\/\/sicilyaction.com\/?page_id=2"},"modified":"2020-01-15T10:34:50","modified_gmt":"2020-01-15T09:34:50","slug":"about","status":"publish","type":"page","link":"https:\/\/www.sicilyaction.com\/de\/about\/","title":{"rendered":"\u00dcber uns"},"content":{"rendered":"<p><strong>Sicily Action<\/strong>\u00a0ist spezialisiert auf <strong>Teambuildings, Incentives und Corporate Events in Sizilien<\/strong>. Dar\u00fcber hinaus sind wir eine Schl\u00fcsselfigur f\u00fcr alle Unternehmen, die die Leistungen ihrer Mitarbeiter verbessern wollen. Unsere Freizeitaktivit\u00e4ten haben zum Ziel, den Zusammenhalt der Teams zu st\u00e4rken, ein freundliches Arbeitsumfeld zu schaffen und Kundenbeziehungen aufzubauen. Mit unseren professionellen Partnern in ganz Sizilien, k\u00f6nnen wir Ihnen ein Komplettpaket anbieten und dadurch einzigartige Erlebnisse schaffen, die Sie nie vergessen werden.<\/p>\n<p><strong>GoinSicily Tour Operator<\/strong><br \/>\nSicily Action Srl<\/p>\n<p>Incoming Tour Operator<br \/>\nVia Roma, 114<br \/>\n95037, San Giovanni La Punta (CT)<br \/>\nTel. +39 0958998743<br \/>\nVAT: IT05304190878<br \/>\nREA: CT-357256<br \/>\nE-Mail: info@sicilyaction.com<\/p>\n<p>Autorizzazione Regione Sicilia<br \/>\nAssessorato turismo, sport e spettacolo<br \/>\nLicenza D.D.S. n\u00b0 3451S7<br \/>\nLiability insurance:<br \/>\nAllianz<br \/>\nNr.: 78898681<\/p>\n<p><div id='gallery-3' class='gallery galleryid-2 gallery-columns-6 gallery-size-thumbnail'><figure class='gallery-item'>\n\t\t\t<div class='gallery-icon landscape'>\n\t\t\t\t<a href='https:\/\/www.sicilyaction.com\/wp-content\/uploads\/2015\/11\/shutterstock_213370534-e1453117150103.jpg'><img width=\"150\" height=\"150\" src=\"https:\/\/www.sicilyaction.com\/wp-content\/uploads\/2015\/11\/shutterstock_213370534-150x150.jpg\" class=\"attachment-thumbnail size-thumbnail\" alt=\"Diving Sicily\" loading=\"lazy\" \/><\/a>\n\t\t\t<\/div><\/figure><figure class='gallery-item'>\n\t\t\t<div class='gallery-icon landscape'>\n\t\t\t\t<a href='https:\/\/www.sicilyaction.com\/wp-content\/uploads\/2015\/11\/shutterstock_297544079-e1453117171370.jpg'><img width=\"150\" height=\"150\" src=\"https:\/\/www.sicilyaction.com\/wp-content\/uploads\/2015\/11\/shutterstock_297544079-150x150.jpg\" class=\"attachment-thumbnail size-thumbnail\" alt=\"Orienteering Sicily\" loading=\"lazy\" \/><\/a>\n\t\t\t<\/div><\/figure><figure class='gallery-item'>\n\t\t\t<div class='gallery-icon landscape'>\n\t\t\t\t<a href='https:\/\/www.sicilyaction.com\/wp-content\/uploads\/2015\/11\/shutterstock_270070268-e1453117189706.jpg'><img width=\"150\" height=\"150\" src=\"https:\/\/www.sicilyaction.com\/wp-content\/uploads\/2015\/11\/shutterstock_270070268-150x150.jpg\" class=\"attachment-thumbnail size-thumbnail\" alt=\"Paragliding Sicily\" loading=\"lazy\" \/><\/a>\n\t\t\t<\/div><\/figure><figure class='gallery-item'>\n\t\t\t<div class='gallery-icon landscape'>\n\t\t\t\t<a href='https:\/\/www.sicilyaction.com\/wp-content\/uploads\/2015\/11\/shutterstock_306759800-e1453117203871.jpg'><img width=\"150\" height=\"150\" src=\"https:\/\/www.sicilyaction.com\/wp-content\/uploads\/2015\/11\/shutterstock_306759800-150x150.jpg\" class=\"attachment-thumbnail size-thumbnail\" alt=\"MTB Etna\" loading=\"lazy\" \/><\/a>\n\t\t\t<\/div><\/figure><figure class='gallery-item'>\n\t\t\t<div class='gallery-icon landscape'>\n\t\t\t\t<a href='https:\/\/www.sicilyaction.com\/wp-content\/uploads\/2015\/11\/shutterstock_250979128-e1453117217200.jpg'><img width=\"150\" height=\"150\" src=\"https:\/\/www.sicilyaction.com\/wp-content\/uploads\/2015\/11\/shutterstock_250979128-150x150.jpg\" class=\"attachment-thumbnail size-thumbnail\" alt=\"Quad Adventure Etna\" loading=\"lazy\" \/><\/a>\n\t\t\t<\/div><\/figure><figure class='gallery-item'>\n\t\t\t<div class='gallery-icon landscape'>\n\t\t\t\t<a href='https:\/\/www.sicilyaction.com\/wp-content\/uploads\/2015\/11\/shutterstock_267597023-e1453117233464.jpg'><img width=\"150\" height=\"150\" src=\"https:\/\/www.sicilyaction.com\/wp-content\/uploads\/2015\/11\/shutterstock_267597023-150x150.jpg\" class=\"attachment-thumbnail size-thumbnail\" alt=\"Sicily Team Building\" loading=\"lazy\" \/><\/a>\n\t\t\t<\/div><\/figure><figure class='gallery-item'>\n\t\t\t<div class='gallery-icon landscape'>\n\t\t\t\t<a href='https:\/\/www.sicilyaction.com\/wp-content\/uploads\/2015\/11\/shutterstock_106416167-e1453117272765.jpg'><img width=\"150\" height=\"150\" src=\"https:\/\/www.sicilyaction.com\/wp-content\/uploads\/2015\/11\/shutterstock_106416167-150x150.jpg\" class=\"attachment-thumbnail size-thumbnail\" alt=\"Sailing Sicily\" loading=\"lazy\" \/><\/a>\n\t\t\t<\/div><\/figure><figure class='gallery-item'>\n\t\t\t<div class='gallery-icon landscape'>\n\t\t\t\t<a href='https:\/\/www.sicilyaction.com\/wp-content\/uploads\/2015\/11\/shutterstock_66901048-e1453117287539.jpg'><img width=\"150\" height=\"150\" src=\"https:\/\/www.sicilyaction.com\/wp-content\/uploads\/2015\/11\/shutterstock_66901048-150x150.jpg\" class=\"attachment-thumbnail size-thumbnail\" alt=\"Adventure Park Sicily\" loading=\"lazy\" \/><\/a>\n\t\t\t<\/div><\/figure><figure class='gallery-item'>\n\t\t\t<div class='gallery-icon landscape'>\n\t\t\t\t<a href='https:\/\/www.sicilyaction.com\/wp-content\/uploads\/2015\/11\/shutterstock_169634066-e1453117301709.jpg'><img width=\"150\" height=\"150\" src=\"https:\/\/www.sicilyaction.com\/wp-content\/uploads\/2015\/11\/shutterstock_169634066-150x150.jpg\" class=\"attachment-thumbnail size-thumbnail\" alt=\"Sicilian Cooking Classes\" loading=\"lazy\" \/><\/a>\n\t\t\t<\/div><\/figure><figure class='gallery-item'>\n\t\t\t<div class='gallery-icon landscape'>\n\t\t\t\t<a href='https:\/\/www.sicilyaction.com\/wp-content\/uploads\/2015\/11\/shutterstock_318738542-e1453117316905.jpg'><img width=\"150\" height=\"150\" src=\"https:\/\/www.sicilyaction.com\/wp-content\/uploads\/2015\/11\/shutterstock_318738542-150x150.jpg\" class=\"attachment-thumbnail size-thumbnail\" alt=\"Wine olive oil tasting\" loading=\"lazy\" \/><\/a>\n\t\t\t<\/div><\/figure><figure class='gallery-item'>\n\t\t\t<div class='gallery-icon landscape'>\n\t\t\t\t<a href='https:\/\/www.sicilyaction.com\/wp-content\/uploads\/2015\/02\/shutterstock_293257205.jpg'><img width=\"150\" height=\"150\" src=\"https:\/\/www.sicilyaction.com\/wp-content\/uploads\/2015\/02\/shutterstock_293257205-150x150.jpg\" class=\"attachment-thumbnail size-thumbnail\" alt=\"Team Building Sicily Trekking\" loading=\"lazy\" \/><\/a>\n\t\t\t<\/div><\/figure><figure class='gallery-item'>\n\t\t\t<div class='gallery-icon landscape'>\n\t\t\t\t<a href='https:\/\/www.sicilyaction.com\/wp-content\/uploads\/2015\/02\/shutterstock_145922486.jpg'><img width=\"150\" height=\"150\" src=\"https:\/\/www.sicilyaction.com\/wp-content\/uploads\/2015\/02\/shutterstock_145922486-150x150.jpg\" class=\"attachment-thumbnail size-thumbnail\" alt=\"Team Building Sicily\" loading=\"lazy\" \/><\/a>\n\t\t\t<\/div><\/figure>\n\t\t<\/div>\n<\/p>","protected":false},"excerpt":{"rendered":"<p>Sicily Action\u00a0ist spezialisiert auf Teambuildings, Incentives und Corporate Events in Sizilien. Dar\u00fcber hinaus sind wir eine Schl\u00fcsselfigur f\u00fcr alle Unternehmen, die die Leistungen ihrer Mitarbeiter verbessern wollen. Unsere Freizeitaktivit\u00e4ten haben <a href=\"https:\/\/www.sicilyaction.com\/de\/about\/\" class=\"more-link\">[&#8230;]<\/a><\/p>\n","protected":false},"author":1,"featured_media":191,"parent":0,"menu_order":0,"comment_status":"open","ping_status":"open","template":"","meta":[],"yoast_head":"<!-- This site is optimized with the Yoast SEO plugin v18.2 - https:\/\/yoast.com\/wordpress\/plugins\/seo\/ -->\n<title>About -\u00a0About us - Team Building Sicily - Incentive Sicily<\/title>\n<meta name=\"description\" content=\"Sicily Action S.r.l. is specialized in Team Building, Incentives and Corporate Events in Sicily.\" \/>\n<meta name=\"robots\" content=\"index, follow, max-snippet:-1, max-image-preview:large, max-video-preview:-1\" \/>\n<link rel=\"canonical\" href=\"https:\/\/www.sicilyaction.com\/about\/\" \/>\n<meta property=\"og:locale\" content=\"de_DE\" \/>\n<meta property=\"og:type\" content=\"article\" \/>\n<meta property=\"og:title\" content=\"About -\u00a0About us - Team Building Sicily - Incentive Sicily\" \/>\n<meta property=\"og:description\" content=\"Sicily Action S.r.l. is specialized in Team Building, Incentives and Corporate Events in Sicily.\" \/>\n<meta property=\"og:url\" content=\"https:\/\/www.sicilyaction.com\/about\/\" \/>\n<meta property=\"og:site_name\" content=\"Sicily Action\" \/>\n<meta property=\"article:publisher\" content=\"https:\/\/www.facebook.com\/sicilyaction\/\" \/>\n<meta property=\"article:modified_time\" content=\"2020-01-15T09:34:50+00:00\" \/>\n<meta property=\"og:image\" content=\"https:\/\/www.sicilyaction.com\/wp-content\/uploads\/2015\/02\/shutterstock_145922486.jpg\" \/>\n\t<meta property=\"og:image:width\" content=\"2000\" \/>\n\t<meta property=\"og:image:height\" content=\"1357\" \/>\n\t<meta property=\"og:image:type\" content=\"image\/jpeg\" \/>\n<meta name=\"twitter:card\" content=\"summary\" \/>\n<meta name=\"twitter:label1\" content=\"Gesch\u00e4tzte Lesezeit\" \/>\n\t<meta name=\"twitter:data1\" content=\"3\u00a0Minuten\" \/>\n<script type=\"application\/ld+json\" class=\"yoast-schema-graph\">{\"@context\":\"https:\/\/schema.org\",\"@graph\":[{\"@type\":\"Organization\",\"@id\":\"https:\/\/www.sicilyaction.com\/#organization\",\"name\":\"Sicily Action\",\"url\":\"https:\/\/www.sicilyaction.com\/\",\"sameAs\":[\"https:\/\/www.facebook.com\/sicilyaction\/\"],\"logo\":{\"@type\":\"ImageObject\",\"@id\":\"https:\/\/www.sicilyaction.com\/#logo\",\"inLanguage\":\"de\",\"url\":\"https:\/\/www.sicilyaction.com\/wp-content\/uploads\/2015\/10\/logo_action2.png\",\"contentUrl\":\"https:\/\/www.sicilyaction.com\/wp-content\/uploads\/2015\/10\/logo_action2.png\",\"width\":300,\"height\":450,\"caption\":\"Sicily Action\"},\"image\":{\"@id\":\"https:\/\/www.sicilyaction.com\/#logo\"}},{\"@type\":\"WebSite\",\"@id\":\"https:\/\/www.sicilyaction.com\/#website\",\"url\":\"https:\/\/www.sicilyaction.com\/\",\"name\":\"Sicily Action\",\"description\":\"Temabulding Sicily\",\"publisher\":{\"@id\":\"https:\/\/www.sicilyaction.com\/#organization\"},\"potentialAction\":[{\"@type\":\"SearchAction\",\"target\":{\"@type\":\"EntryPoint\",\"urlTemplate\":\"https:\/\/www.sicilyaction.com\/?s={search_term_string}\"},\"query-input\":\"required name=search_term_string\"}],\"inLanguage\":\"de\"},{\"@type\":\"ImageObject\",\"@id\":\"https:\/\/www.sicilyaction.com\/about\/#primaryimage\",\"inLanguage\":\"de\",\"url\":\"https:\/\/www.sicilyaction.com\/wp-content\/uploads\/2015\/02\/shutterstock_145922486.jpg\",\"contentUrl\":\"https:\/\/www.sicilyaction.com\/wp-content\/uploads\/2015\/02\/shutterstock_145922486.jpg\",\"width\":2000,\"height\":1357,\"caption\":\"Team Building Sicily\"},{\"@type\":\"WebPage\",\"@id\":\"https:\/\/www.sicilyaction.com\/about\/#webpage\",\"url\":\"https:\/\/www.sicilyaction.com\/about\/\",\"name\":\"About -\u00a0About us - Team Building Sicily - Incentive Sicily\",\"isPartOf\":{\"@id\":\"https:\/\/www.sicilyaction.com\/#website\"},\"primaryImageOfPage\":{\"@id\":\"https:\/\/www.sicilyaction.com\/about\/#primaryimage\"},\"datePublished\":\"2015-09-11T06:33:12+00:00\",\"dateModified\":\"2020-01-15T09:34:50+00:00\",\"description\":\"Sicily Action S.r.l. is specialized in Team Building, Incentives and Corporate Events in Sicily.\",\"breadcrumb\":{\"@id\":\"https:\/\/www.sicilyaction.com\/about\/#breadcrumb\"},\"inLanguage\":\"de\",\"potentialAction\":[{\"@type\":\"ReadAction\",\"target\":[\"https:\/\/www.sicilyaction.com\/about\/\"]}]},{\"@type\":\"BreadcrumbList\",\"@id\":\"https:\/\/www.sicilyaction.com\/about\/#breadcrumb\",\"itemListElement\":[{\"@type\":\"ListItem\",\"position\":1,\"name\":\"Home\",\"item\":\"https:\/\/www.sicilyaction.com\/\"},{\"@type\":\"ListItem\",\"position\":2,\"name\":\"About\"}]}]}<\/script>\n<!-- \/ Yoast SEO plugin. -->","yoast_head_json":{"title":"About -\u00a0About us - Team Building Sicily - Incentive Sicily","description":"Sicily Action S.r.l. is specialized in Team Building, Incentives and Corporate Events in Sicily.","robots":{"index":"index","follow":"follow","max-snippet":"max-snippet:-1","max-image-preview":"max-image-preview:large","max-video-preview":"max-video-preview:-1"},"canonical":"https:\/\/www.sicilyaction.com\/about\/","og_locale":"de_DE","og_type":"article","og_title":"About -\u00a0About us - Team Building Sicily - Incentive Sicily","og_description":"Sicily Action S.r.l. is specialized in Team Building, Incentives and Corporate Events in Sicily.","og_url":"https:\/\/www.sicilyaction.com\/about\/","og_site_name":"Sicily Action","article_publisher":"https:\/\/www.facebook.com\/sicilyaction\/","article_modified_time":"2020-01-15T09:34:50+00:00","og_image":[{"width":2000,"height":1357,"url":"https:\/\/www.sicilyaction.com\/wp-content\/uploads\/2015\/02\/shutterstock_145922486.jpg","type":"image\/jpeg"}],"twitter_card":"summary","twitter_misc":{"Gesch\u00e4tzte Lesezeit":"3\u00a0Minuten"},"schema":{"@context":"https:\/\/schema.org","@graph":[{"@type":"Organization","@id":"https:\/\/www.sicilyaction.com\/#organization","name":"Sicily Action","url":"https:\/\/www.sicilyaction.com\/","sameAs":["https:\/\/www.facebook.com\/sicilyaction\/"],"logo":{"@type":"ImageObject","@id":"https:\/\/www.sicilyaction.com\/#logo","inLanguage":"de","url":"https:\/\/www.sicilyaction.com\/wp-content\/uploads\/2015\/10\/logo_action2.png","contentUrl":"https:\/\/www.sicilyaction.com\/wp-content\/uploads\/2015\/10\/logo_action2.png","width":300,"height":450,"caption":"Sicily Action"},"image":{"@id":"https:\/\/www.sicilyaction.com\/#logo"}},{"@type":"WebSite","@id":"https:\/\/www.sicilyaction.com\/#website","url":"https:\/\/www.sicilyaction.com\/","name":"Sicily Action","description":"Temabulding Sicily","publisher":{"@id":"https:\/\/www.sicilyaction.com\/#organization"},"potentialAction":[{"@type":"SearchAction","target":{"@type":"EntryPoint","urlTemplate":"https:\/\/www.sicilyaction.com\/?s={search_term_string}"},"query-input":"required name=search_term_string"}],"inLanguage":"de"},{"@type":"ImageObject","@id":"https:\/\/www.sicilyaction.com\/about\/#primaryimage","inLanguage":"de","url":"https:\/\/www.sicilyaction.com\/wp-content\/uploads\/2015\/02\/shutterstock_145922486.jpg","contentUrl":"https:\/\/www.sicilyaction.com\/wp-content\/uploads\/2015\/02\/shutterstock_145922486.jpg","width":2000,"height":1357,"caption":"Team Building Sicily"},{"@type":"WebPage","@id":"https:\/\/www.sicilyaction.com\/about\/#webpage","url":"https:\/\/www.sicilyaction.com\/about\/","name":"About -\u00a0About us - Team Building Sicily - Incentive Sicily","isPartOf":{"@id":"https:\/\/www.sicilyaction.com\/#website"},"primaryImageOfPage":{"@id":"https:\/\/www.sicilyaction.com\/about\/#primaryimage"},"datePublished":"2015-09-11T06:33:12+00:00","dateModified":"2020-01-15T09:34:50+00:00","description":"Sicily Action S.r.l. is specialized in Team Building, Incentives and Corporate Events in Sicily.","breadcrumb":{"@id":"https:\/\/www.sicilyaction.com\/about\/#breadcrumb"},"inLanguage":"de","potentialAction":[{"@type":"ReadAction","target":["https:\/\/www.sicilyaction.com\/about\/"]}]},{"@type":"BreadcrumbList","@id":"https:\/\/www.sicilyaction.com\/about\/#breadcrumb","itemListElement":[{"@type":"ListItem","position":1,"name":"Home","item":"https:\/\/www.sicilyaction.com\/"},{"@type":"ListItem","position":2,"name":"About"}]}]}},"_links":{"self":[{"href":"https:\/\/www.sicilyaction.com\/de\/wp-json\/wp\/v2\/pages\/2"}],"collection":[{"href":"https:\/\/www.sicilyaction.com\/de\/wp-json\/wp\/v2\/pages"}],"about":[{"href":"https:\/\/www.sicilyaction.com\/de\/wp-json\/wp\/v2\/types\/page"}],"author":[{"embeddable":true,"href":"https:\/\/www.sicilyaction.com\/de\/wp-json\/wp\/v2\/users\/1"}],"replies":[{"embeddable":true,"href":"https:\/\/www.sicilyaction.com\/de\/wp-json\/wp\/v2\/comments?post=2"}],"version-history":[{"count":29,"href":"https:\/\/www.sicilyaction.com\/de\/wp-json\/wp\/v2\/pages\/2\/revisions"}],"predecessor-version":[{"id":1099,"href":"https:\/\/www.sicilyaction.com\/de\/wp-json\/wp\/v2\/pages\/2\/revisions\/1099"}],"wp:featuredmedia":[{"embeddable":true,"href":"https:\/\/www.sicilyaction.com\/de\/wp-json\/wp\/v2\/media\/191"}],"wp:attachment":[{"href":"https:\/\/www.sicilyaction.com\/de\/wp-json\/wp\/v2\/media?parent=2"}],"curies":[{"name":"wp","href":"https:\/\/api.w.org\/{rel}","templated":true}]}}